{"id":2760,"date":"2020-09-02T09:58:23","date_gmt":"2020-09-02T07:58:23","guid":{"rendered":"http:\/\/www.eurofue.articagency.eu\/?page_id=2760"},"modified":"2021-02-16T14:49:21","modified_gmt":"2021-02-16T13:49:21","slug":"innovation-fund","status":"publish","type":"page","link":"https:\/\/eurofue.com\/ca\/innovation-fund\/","title":{"rendered":"Innovation Fund"},"content":{"rendered":"<p>[et_pb_section fb_built=\u00bb1&#8243; _builder_version=\u00bb4.4.7&#8243;][et_pb_row _builder_version=\u00bb4.5.7&#8243;][et_pb_column type=\u00bb4_4&#8243; _builder_version=\u00bb4.4.7&#8243;][et_pb_image src=\u00bbhttp:\/\/www.eurofue.articagency.eu\/wp-content\/uploads\/2020\/09\/innovation-fund.png\u00bb title_text=\u00bbinnovation fund\u00bb _builder_version=\u00bb4.5.7&#8243; _module_preset=\u00bbdefault\u00bb custom_margin=\u00bb||37px|300px|false|false\u00bb][\/et_pb_image][et_pb_cta title=\u00bb21 OCTUBRE 2020&#8243; button_text=\u00bbClics\u00bb _builder_version=\u00bb4.5.7&#8243; _module_preset=\u00bbdefault\u00bb background_color=\u00bb#00208a\u00bb width=\u00bb26.3%\u00bb custom_margin=\u00bb13px|97px|20px|0px|false|false\u00bb custom_padding=\u00bb|31px|0px|47px||\u00bb][\/et_pb_cta][et_pb_text _builder_version=\u00bb4.5.7&#8243;]<\/p>\n<p class=\"p1\"><span style=\"font-size: 14px; text-align: justify;\">Innovation Fund es un programa de la CE con 10.000 millones de euros de presupuesto para apoyar a proyectos de industrias intensivas en consumo de energ\u00eda, a trav\u00e9s de\u00a0<\/span>Proyectos de gran escala ( m\u00e1s de 7,5 M\u20ac) y Proyectos de menor escala (menos de 7,5 M\u20ac).<\/p>\n<p class=\"p1\" style=\"text-align: justify;\">Innovation Fund propone que proyectos reales de inversi\u00f3n, con alto contenido innovador y en muchos casos con valores de inversi\u00f3n muy elevado, puedan recibir una subvenci\u00f3n de hasta un 60% de sus costes adicionales, incluyendo no s\u00f3lo los sobrecostes de la fase de inversi\u00f3n sino adem\u00e1s los sobrecostes durante los primeros a\u00f1os de operaci\u00f3n. Al financiarse los costes adicionales se favorece en gran medida la co-financiaci\u00f3n con otras fuentes, lo que facilita la viabilidad financiera de los proyectos.<\/p>\n<p class=\"p1\" style=\"text-align: justify;\">Se trata por tanto de una gran oportunidad tanto para el sector energ\u00e9tico como para sectores industriales como el acero, qu\u00edmica, papel, cemento, cer\u00e1mica, etc. que necesitan compensar el riesgo de innovar en su estrategia de descarbonizaci\u00f3n: proyectos que ayuden a descarbonizar las industrias intensivas en energ\u00eda (tanto sus procesos como sus productos), la generaci\u00f3n de energ\u00eda renovable, el almacenamiento de energ\u00eda, y la captura y uso del carbono (CCU) o su captura y almacenamiento (CCS).<\/p>\n<p class=\"p3\"><span class=\"s2\"><\/span><\/p>\n<p>[\/et_pb_text][et_pb_cta button_text=\u00bbClics\u00bb _builder_version=\u00bb4.8.1&#8243; _module_preset=\u00bbdefault\u00bb background_color=\u00bb#00208a\u00bb width=\u00bb26.3%\u00bb custom_margin=\u00bb13px|97px|20px|0px|false|false\u00bb custom_padding=\u00bb|31px|0px|47px||\u00bb hover_enabled=\u00bb0&#8243; body_font_size=\u00bb17px\u00bb sticky_enabled=\u00bb0&#8243;]<\/p>\n<p><strong><a href=\"http:\/\/www.eurofue.articagency.eu\/wp-content\/uploads\/2021\/02\/Programa-Innovation-Fund.pdf\" rel=\"attachment wp-att-3753 noopener noreferrer\" target=\"_blank\">DESCARGA EL PROGRAMA<\/a><\/strong><\/p>\n<p>[\/et_pb_cta][\/et_pb_column][\/et_pb_row][et_pb_row column_structure=\u00bb1_2,1_2&#8243; _builder_version=\u00bb4.5.7&#8243; _module_preset=\u00bbdefault\u00bb][et_pb_column type=\u00bb1_2&#8243; _builder_version=\u00bb4.5.7&#8243; _module_preset=\u00bbdefault\u00bb][et_pb_gallery gallery_ids=\u00bb3045,3059,3061,3063,3065,3067,3071,3073,3075,3069&#8243; fullwidth=\u00bbon\u00bb _builder_version=\u00bb4.5.7&#8243; _module_preset=\u00bbdefault\u00bb][\/et_pb_gallery][\/et_pb_column][et_pb_column type=\u00bb1_2&#8243; _builder_version=\u00bb4.5.7&#8243; _module_preset=\u00bbdefault\u00bb][et_pb_gallery gallery_ids=\u00bb3057,3055,3053,3051,3049,3047,3043,3041,3037,3039&#8243; fullwidth=\u00bbon\u00bb _builder_version=\u00bb4.5.7&#8243; _module_preset=\u00bbdefault\u00bb][\/et_pb_gallery][\/et_pb_column][\/et_pb_row][et_pb_row _builder_version=\u00bb4.6.6&#8243; _module_preset=\u00bbdefault\u00bb][et_pb_column type=\u00bb4_4&#8243; _builder_version=\u00bb4.6.6&#8243; _module_preset=\u00bbdefault\u00bb][et_pb_post_slider include_categories=\u00bb79&#8243; _builder_version=\u00bb4.6.6&#8243; _module_preset=\u00bbdefault\u00bb][\/et_pb_post_slider][\/et_pb_column][\/et_pb_row][\/et_pb_section]<\/p>\n","protected":false},"excerpt":{"rendered":"<p>[et_pb_section fb_built=\u00bb1&#8243; _builder_version=\u00bb4.4.7&#8243;][et_pb_row _builder_version=\u00bb4.5.7&#8243;][et_pb_column type=\u00bb4_4&#8243; _builder_version=\u00bb4.4.7&#8243;][et_pb_image src=\u00bbhttp:\/\/www.eurofue.articagency.eu\/wp-content\/uploads\/2020\/09\/innovation-fund.png\u00bb title_text=\u00bbinnovation fund\u00bb _builder_version=\u00bb4.5.7&#8243; _module_preset=\u00bbdefault\u00bb custom_margin=\u00bb||37px|300px|false|false\u00bb][\/et_pb_image][et_pb_cta title=\u00bb21 OCTUBRE 2020&#8243; button_text=\u00bbClics\u00bb _builder_version=\u00bb4.5.7&#8243; _module_preset=\u00bbdefault\u00bb background_color=\u00bb#00208a\u00bb width=\u00bb26.3%\u00bb custom_margin=\u00bb13px|97px|20px|0px|false|false\u00bb custom_padding=\u00bb|31px|0px|47px||\u00bb][\/et_pb_cta][et_pb_text _builder_version=\u00bb4.5.7&#8243;] Innovation Fund es un programa de la CE con 10.000 millones de euros de presupuesto para apoyar a proyectos de industrias intensivas en consumo de energ\u00eda, a trav\u00e9s de\u00a0Proyectos de gran escala [&hellip;]<\/p>\n","protected":false},"author":5,"featured_media":0,"parent":0,"menu_order":0,"comment_status":"closed","ping_status":"closed","template":"","meta":{"_monsterinsights_skip_tracking":false,"_monsterinsights_sitenote_active":false,"_monsterinsights_sitenote_note":"","_monsterinsights_sitenote_category":0,"footnotes":""},"class_list":["post-2760","page","type-page","status-publish","hentry"],"_links":{"self":[{"href":"https:\/\/eurofue.com\/ca\/wp-json\/wp\/v2\/pages\/2760","targetHints":{"allow":["GET"]}}],"collection":[{"href":"https:\/\/eurofue.com\/ca\/wp-json\/wp\/v2\/pages"}],"about":[{"href":"https:\/\/eurofue.com\/ca\/wp-json\/wp\/v2\/types\/page"}],"author":[{"embeddable":true,"href":"https:\/\/eurofue.com\/ca\/wp-json\/wp\/v2\/users\/5"}],"replies":[{"embeddable":true,"href":"https:\/\/eurofue.com\/ca\/wp-json\/wp\/v2\/comments?post=2760"}],"version-history":[{"count":0,"href":"https:\/\/eurofue.com\/ca\/wp-json\/wp\/v2\/pages\/2760\/revisions"}],"wp:attachment":[{"href":"https:\/\/eurofue.com\/ca\/wp-json\/wp\/v2\/media?parent=2760"}],"curies":[{"name":"wp","href":"https:\/\/api.w.org\/{rel}","templated":true}]}}