{"id":2797,"date":"2020-09-02T10:38:21","date_gmt":"2020-09-02T08:38:21","guid":{"rendered":"http:\/\/www.eurofue.articagency.eu\/?page_id=2797"},"modified":"2021-02-16T14:47:53","modified_gmt":"2021-02-16T13:47:53","slug":"eu-green-deal","status":"publish","type":"page","link":"https:\/\/eurofue.com\/ca\/eu-green-deal\/","title":{"rendered":"EU Green Deal"},"content":{"rendered":"<p>[et_pb_section fb_built=\u00bb1&#8243; _builder_version=\u00bb4.4.7&#8243;][et_pb_row _builder_version=\u00bb4.5.7&#8243;][et_pb_column type=\u00bb4_4&#8243; _builder_version=\u00bb4.4.7&#8243;][et_pb_image src=\u00bbhttp:\/\/www.eurofue.articagency.eu\/wp-content\/uploads\/2020\/09\/greendeal.png\u00bb title_text=\u00bbgreendeal\u00bb _builder_version=\u00bb4.5.7&#8243; _module_preset=\u00bbdefault\u00bb custom_margin=\u00bb||37px|300px|false|false\u00bb][\/et_pb_image][et_pb_cta title=\u00bb18 NOVIEMBRE 2020&#8243; button_text=\u00bbClics\u00bb _builder_version=\u00bb4.5.7&#8243; _module_preset=\u00bbdefault\u00bb background_color=\u00bb#00208a\u00bb width=\u00bb26.3%\u00bb custom_margin=\u00bb13px|97px|20px|0px|false|false\u00bb custom_padding=\u00bb|18px|0px|23px||\u00bb][\/et_pb_cta][et_pb_text _builder_version=\u00bb4.5.7&#8243;]<\/p>\n<p class=\"p1\" style=\"text-align: justify;\">Desde la creaci\u00f3n de la nueva Comisi\u00f3n, el mayor compromiso a cumplir ha sido la lucha contra el cambio clim\u00e1tico. Por ello, se est\u00e1 trabajando en una nueva convocatoria de financiaci\u00f3n orientada a reforzar la investigaci\u00f3n y la innovaci\u00f3n relacionadas con el Pacto Verde Europeo (Green Deal).<\/p>\n<p class=\"p1\" style=\"text-align: justify;\">Esta convocatoria busca que los proyectos presentados est\u00e9n enmarcados en alguna de sus 8 l\u00edneas de trabajo:<\/p>\n<p>\u25aa Un mayor nivel de ambici\u00f3n clim\u00e1tica de la UE para 2030 y 2050.<br \/>\u25aa Suministro de energ\u00eda limpia, asequible y segura.<br \/>\u25aa Implicar a la industria para conseguir una econom\u00eda m\u00e1s limpia y circular.<br \/>\u25aa Construcci\u00f3n y rehabilitaci\u00f3n m\u00e1s eficiente.<br \/>\u25aa Acelerar el cambio hacia una movilidad m\u00e1s sostenible e inteligente.<br \/>\u25aa \u201cDe la granja a la mesa\u201d: dise\u00f1o de un sistema alimentario justo, saludable y ecol\u00f3gico.<br \/>\u25aa Preservar y restaurar ecosistemas y biodiversidad.<br \/>\u25aa Poluci\u00f3n 0 para un entorno sin sustancias t\u00f3xicas.<\/p>\n<p class=\"p1\" style=\"text-align: justify;\">Estas adem\u00e1s estar\u00e1n complementadas con tres \u00e1reas horizontales:<\/p>\n<p>\u25aa Reforzar el conocimiento.<br \/>\u25aa Empoderar a los ciudadanos.<br \/>\u25aa Cooperaci\u00f3n internacional.<\/p>\n<p class=\"p3\"><span class=\"s2\"><\/span><\/p>\n<p>[\/et_pb_text][et_pb_cta button_text=\u00bbClics\u00bb _builder_version=\u00bb4.8.1&#8243; _module_preset=\u00bbdefault\u00bb background_color=\u00bb#00208a\u00bb width=\u00bb26.3%\u00bb custom_margin=\u00bb13px|97px|20px|0px|false|false\u00bb custom_padding=\u00bb|18px|0px|23px||\u00bb hover_enabled=\u00bb0&#8243; body_font_size=\u00bb17px\u00bb sticky_enabled=\u00bb0&#8243;]<\/p>\n<p><strong><a href=\"http:\/\/www.eurofue.articagency.eu\/wp-content\/uploads\/2021\/02\/Programa-Green-Deal.docx-1.pdf\" rel=\"attachment wp-att-3749 noopener noreferrer\" target=\"_blank\">DESCARGA EL PROGRAMA<\/a><\/strong><\/p>\n<p>[\/et_pb_cta][\/et_pb_column][\/et_pb_row][et_pb_row column_structure=\u00bb1_2,1_2&#8243; _builder_version=\u00bb4.5.7&#8243; _module_preset=\u00bbdefault\u00bb][et_pb_column type=\u00bb1_2&#8243; _builder_version=\u00bb4.5.7&#8243; _module_preset=\u00bbdefault\u00bb][et_pb_gallery gallery_ids=\u00bb3246,3258,3248,3254,3250,3256,3252&#8243; fullwidth=\u00bbon\u00bb _builder_version=\u00bb4.6.6&#8243; _module_preset=\u00bbdefault\u00bb][\/et_pb_gallery][\/et_pb_column][et_pb_column type=\u00bb1_2&#8243; _builder_version=\u00bb4.5.7&#8243; _module_preset=\u00bbdefault\u00bb][et_pb_gallery gallery_ids=\u00bb3272,3277,3260,3270,3262,3266,3268,3264&#8243; fullwidth=\u00bbon\u00bb _builder_version=\u00bb4.6.6&#8243; _module_preset=\u00bbdefault\u00bb][\/et_pb_gallery][\/et_pb_column][\/et_pb_row][et_pb_row _builder_version=\u00bb4.6.6&#8243; _module_preset=\u00bbdefault\u00bb][et_pb_column type=\u00bb4_4&#8243; _builder_version=\u00bb4.6.6&#8243; _module_preset=\u00bbdefault\u00bb][et_pb_post_slider include_categories=\u00bb81&#8243; _builder_version=\u00bb4.6.6&#8243; _module_preset=\u00bbdefault\u00bb][\/et_pb_post_slider][\/et_pb_column][\/et_pb_row][\/et_pb_section]<\/p>\n","protected":false},"excerpt":{"rendered":"<p>[et_pb_section fb_built=\u00bb1&#8243; _builder_version=\u00bb4.4.7&#8243;][et_pb_row _builder_version=\u00bb4.5.7&#8243;][et_pb_column type=\u00bb4_4&#8243; _builder_version=\u00bb4.4.7&#8243;][et_pb_image src=\u00bbhttp:\/\/www.eurofue.articagency.eu\/wp-content\/uploads\/2020\/09\/greendeal.png\u00bb title_text=\u00bbgreendeal\u00bb _builder_version=\u00bb4.5.7&#8243; _module_preset=\u00bbdefault\u00bb custom_margin=\u00bb||37px|300px|false|false\u00bb][\/et_pb_image][et_pb_cta title=\u00bb18 NOVIEMBRE 2020&#8243; button_text=\u00bbClics\u00bb _builder_version=\u00bb4.5.7&#8243; _module_preset=\u00bbdefault\u00bb background_color=\u00bb#00208a\u00bb width=\u00bb26.3%\u00bb custom_margin=\u00bb13px|97px|20px|0px|false|false\u00bb custom_padding=\u00bb|18px|0px|23px||\u00bb][\/et_pb_cta][et_pb_text _builder_version=\u00bb4.5.7&#8243;] Desde la creaci\u00f3n de la nueva Comisi\u00f3n, el mayor compromiso a cumplir ha sido la lucha contra el cambio clim\u00e1tico. Por ello, se est\u00e1 trabajando en una nueva convocatoria de financiaci\u00f3n orientada a [&hellip;]<\/p>\n","protected":false},"author":5,"featured_media":0,"parent":0,"menu_order":0,"comment_status":"closed","ping_status":"closed","template":"","meta":{"_monsterinsights_skip_tracking":false,"_monsterinsights_sitenote_active":false,"_monsterinsights_sitenote_note":"","_monsterinsights_sitenote_category":0,"footnotes":""},"class_list":["post-2797","page","type-page","status-publish","hentry"],"_links":{"self":[{"href":"https:\/\/eurofue.com\/ca\/wp-json\/wp\/v2\/pages\/2797","targetHints":{"allow":["GET"]}}],"collection":[{"href":"https:\/\/eurofue.com\/ca\/wp-json\/wp\/v2\/pages"}],"about":[{"href":"https:\/\/eurofue.com\/ca\/wp-json\/wp\/v2\/types\/page"}],"author":[{"embeddable":true,"href":"https:\/\/eurofue.com\/ca\/wp-json\/wp\/v2\/users\/5"}],"replies":[{"embeddable":true,"href":"https:\/\/eurofue.com\/ca\/wp-json\/wp\/v2\/comments?post=2797"}],"version-history":[{"count":0,"href":"https:\/\/eurofue.com\/ca\/wp-json\/wp\/v2\/pages\/2797\/revisions"}],"wp:attachment":[{"href":"https:\/\/eurofue.com\/ca\/wp-json\/wp\/v2\/media?parent=2797"}],"curies":[{"name":"wp","href":"https:\/\/api.w.org\/{rel}","templated":true}]}}