{"id":3630,"date":"2021-01-18T14:33:08","date_gmt":"2021-01-18T13:33:08","guid":{"rendered":"http:\/\/www.eurofue.articagency.eu\/?page_id=3630"},"modified":"2021-05-19T13:42:52","modified_gmt":"2021-05-19T11:42:52","slug":"iniciativa-urbana-europea","status":"publish","type":"page","link":"https:\/\/eurofue.com\/ca\/iniciativa-urbana-europea\/","title":{"rendered":"Iniciativa Urbana Europea"},"content":{"rendered":"<p>[et_pb_section fb_built=\u00bb1&#8243; _builder_version=\u00bb4.4.7&#8243;][et_pb_row _builder_version=\u00bb4.5.7&#8243;][et_pb_column type=\u00bb4_4&#8243; _builder_version=\u00bb4.4.7&#8243;][et_pb_image src=\u00bbhttp:\/\/www.eurofue.articagency.eu\/wp-content\/uploads\/2021\/01\/Iniciativa-Urbana-Europea.png\u00bb title_text=\u00bbIniciativa Urbana Europea\u00bb _builder_version=\u00bb4.8.1&#8243; _module_preset=\u00bbdefault\u00bb min_height=\u00bb89px\u00bb custom_margin=\u00bb||37px|255px|false|false\u00bb custom_padding=\u00bb|152px|4px|0px||\u00bb][\/et_pb_image][et_pb_cta title=\u00bb19 mayo 2021&#8243; button_text=\u00bbClics\u00bb _builder_version=\u00bb4.5.7&#8243; _module_preset=\u00bbdefault\u00bb background_color=\u00bb#00208a\u00bb width=\u00bb27.2%\u00bb custom_margin=\u00bb13px|97px|20px|0px|false|false\u00bb custom_padding=\u00bb||0px|||\u00bb][\/et_pb_cta][et_pb_text _builder_version=\u00bb4.5.7&#8243;]<\/p>\n<p class=\"p1\" style=\"text-align: justify;\">La Iniciativa Urbana Europea es un nuevo programa de la UE que tratar\u00e1 de ofrecer un apoyo m\u00e1s coherente a las ciudades reuniendo diferentes iniciativas urbanas y herramientas de apoyo y mejorando el v\u00ednculo con las principales actividades de la <strong>Pol\u00edtica de Cohesi\u00f3n<\/strong>. Este programa incluir\u00e1 las ya conocidas con Acciones Urbanas Innovadoras (UIA), pero adem\u00e1s proporcionar\u00e1 apoyo a ciudades de todos los tama\u00f1os y dar\u00e1 soporte a la <strong>Agenda Urbana de la UE<\/strong>.<\/p>\n<p class=\"p1\" style=\"text-align: justify;\">La iniciativa incluir\u00e1 la creaci\u00f3n de capacidades, el desarrollo de soluciones innovadoras, transferibles y escalables y, por \u00faltimo, el dise\u00f1o e implementaci\u00f3n de pol\u00edticas, transversalizaci\u00f3n urbana y facilitar el acceso al conocimiento.\u00a0<\/p>\n<p class=\"p1\" style=\"text-align: justify;\">El objetivo es fortalecer los enfoques integrados y participativos del desarrollo urbano sostenible y proporcionar un v\u00ednculo m\u00e1s s\u00f3lido con las pol\u00edticas de la UE y, en particular, las inversiones en la pol\u00edtica de cohesi\u00f3n.<\/p>\n<ul><\/ul>\n<p class=\"p3\">\n<p>[\/et_pb_text][\/et_pb_column][\/et_pb_row][et_pb_row column_structure=\u00bb1_2,1_2&#8243; _builder_version=\u00bb4.5.7&#8243; _module_preset=\u00bbdefault\u00bb][et_pb_column type=\u00bb1_2&#8243; _builder_version=\u00bb4.5.7&#8243; _module_preset=\u00bbdefault\u00bb][et_pb_gallery gallery_ids=\u00bb4201,4205,4209,4213,4217,4197,4221,4225,4229&#8243; fullwidth=\u00bbon\u00bb _builder_version=\u00bb4.9.4&#8243; _module_preset=\u00bbdefault\u00bb hover_enabled=\u00bb0&#8243; sticky_enabled=\u00bb0&#8243;][\/et_pb_gallery][\/et_pb_column][et_pb_column type=\u00bb1_2&#8243; _builder_version=\u00bb4.5.7&#8243; _module_preset=\u00bbdefault\u00bb][et_pb_gallery gallery_ids=\u00bb4223,4219,4215,4199,4211,4207,4227,4203&#8243; fullwidth=\u00bbon\u00bb _builder_version=\u00bb4.9.4&#8243; _module_preset=\u00bbdefault\u00bb hover_enabled=\u00bb0&#8243; sticky_enabled=\u00bb0&#8243;][\/et_pb_gallery][\/et_pb_column][\/et_pb_row][et_pb_row _builder_version=\u00bb4.9.4&#8243; _module_preset=\u00bbdefault\u00bb][et_pb_column _builder_version=\u00bb4.9.4&#8243; _module_preset=\u00bbdefault\u00bb type=\u00bb4_4&#8243;][et_pb_post_slider _builder_version=\u00bb4.9.4&#8243; _module_preset=\u00bbdefault\u00bb include_categories=\u00bb95&#8243; background_color=\u00bbRGBA(0,0,0,0)\u00bb hover_enabled=\u00bb0&#8243; sticky_enabled=\u00bb0&#8243;][\/et_pb_post_slider][\/et_pb_column][\/et_pb_row][\/et_pb_section]<\/p>\n","protected":false},"excerpt":{"rendered":"<p>[et_pb_section fb_built=\u00bb1&#8243; _builder_version=\u00bb4.4.7&#8243;][et_pb_row _builder_version=\u00bb4.5.7&#8243;][et_pb_column type=\u00bb4_4&#8243; _builder_version=\u00bb4.4.7&#8243;][et_pb_image src=\u00bbhttp:\/\/www.eurofue.articagency.eu\/wp-content\/uploads\/2021\/01\/Iniciativa-Urbana-Europea.png\u00bb title_text=\u00bbIniciativa Urbana Europea\u00bb _builder_version=\u00bb4.8.1&#8243; _module_preset=\u00bbdefault\u00bb min_height=\u00bb89px\u00bb custom_margin=\u00bb||37px|255px|false|false\u00bb custom_padding=\u00bb|152px|4px|0px||\u00bb][\/et_pb_image][et_pb_cta title=\u00bb19 mayo 2021&#8243; button_text=\u00bbClics\u00bb _builder_version=\u00bb4.5.7&#8243; _module_preset=\u00bbdefault\u00bb background_color=\u00bb#00208a\u00bb width=\u00bb27.2%\u00bb custom_margin=\u00bb13px|97px|20px|0px|false|false\u00bb custom_padding=\u00bb||0px|||\u00bb][\/et_pb_cta][et_pb_text _builder_version=\u00bb4.5.7&#8243;] La Iniciativa Urbana Europea es un nuevo programa de la UE que tratar\u00e1 de ofrecer un apoyo m\u00e1s coherente a las ciudades reuniendo diferentes iniciativas urbanas y herramientas de [&hellip;]<\/p>\n","protected":false},"author":5,"featured_media":0,"parent":0,"menu_order":0,"comment_status":"closed","ping_status":"closed","template":"","meta":{"_monsterinsights_skip_tracking":false,"_monsterinsights_sitenote_active":false,"_monsterinsights_sitenote_note":"","_monsterinsights_sitenote_category":0,"footnotes":""},"class_list":["post-3630","page","type-page","status-publish","hentry"],"_links":{"self":[{"href":"https:\/\/eurofue.com\/ca\/wp-json\/wp\/v2\/pages\/3630","targetHints":{"allow":["GET"]}}],"collection":[{"href":"https:\/\/eurofue.com\/ca\/wp-json\/wp\/v2\/pages"}],"about":[{"href":"https:\/\/eurofue.com\/ca\/wp-json\/wp\/v2\/types\/page"}],"author":[{"embeddable":true,"href":"https:\/\/eurofue.com\/ca\/wp-json\/wp\/v2\/users\/5"}],"replies":[{"embeddable":true,"href":"https:\/\/eurofue.com\/ca\/wp-json\/wp\/v2\/comments?post=3630"}],"version-history":[{"count":0,"href":"https:\/\/eurofue.com\/ca\/wp-json\/wp\/v2\/pages\/3630\/revisions"}],"wp:attachment":[{"href":"https:\/\/eurofue.com\/ca\/wp-json\/wp\/v2\/media?parent=3630"}],"curies":[{"name":"wp","href":"https:\/\/api.w.org\/{rel}","templated":true}]}}