{"id":5995,"date":"2023-07-18T10:48:20","date_gmt":"2023-07-18T08:48:20","guid":{"rendered":"https:\/\/www.eurofue.articagency.eu\/?page_id=5995"},"modified":"2023-07-20T13:27:38","modified_gmt":"2023-07-20T11:27:38","slug":"noticies","status":"publish","type":"page","link":"https:\/\/eurofue.com\/ca\/noticias\/","title":{"rendered":"Not\u00edcies"},"content":{"rendered":"<div data-elementor-type=\"wp-page\" data-elementor-id=\"5995\" class=\"elementor elementor-5995\" data-elementor-post-type=\"page\">\n\t\t\t\t\t\t<section class=\"elementor-section elementor-top-section elementor-element elementor-element-59a12e15 elementor-section-height-min-height elementor-section-boxed elementor-section-height-default elementor-section-items-middle\" data-id=\"59a12e15\" data-element_type=\"section\" data-e-type=\"section\" data-settings=\"{&quot;background_background&quot;:&quot;classic&quot;,&quot;shape_divider_bottom&quot;:&quot;waves&quot;}\">\n\t\t\t\t\t\t\t<div class=\"elementor-background-overlay\"><\/div>\n\t\t\t\t\t\t<div class=\"elementor-shape elementor-shape-bottom\" aria-hidden=\"true\" data-negative=\"false\">\n\t\t\t<svg xmlns=\"http:\/\/www.w3.org\/2000\/svg\" viewbox=\"0 0 1000 100\" preserveaspectratio=\"none\">\n\t<path class=\"elementor-shape-fill\" d=\"M421.9,6.5c22.6-2.5,51.5,0.4,75.5,5.3c23.6,4.9,70.9,23.5,100.5,35.7c75.8,32.2,133.7,44.5,192.6,49.7\tc23.6,2.1,48.7,3.5,103.4-2.5c54.7-6,106.2-25.6,106.2-25.6V0H0v30.3c0,0,72,32.6,158.4,30.5c39.2-0.7,92.8-6.7,134-22.4\tc21.2-8.1,52.2-18.2,79.7-24.2C399.3,7.9,411.6,7.5,421.9,6.5z\"\/>\n<\/svg>\t\t<\/div>\n\t\t\t\t\t<div class=\"elementor-container elementor-column-gap-default\">\n\t\t\t\t\t<div class=\"elementor-column elementor-col-100 elementor-top-column elementor-element elementor-element-1df9bf7c\" data-id=\"1df9bf7c\" data-element_type=\"column\" data-e-type=\"column\">\n\t\t\t<div class=\"elementor-widget-wrap elementor-element-populated\">\n\t\t\t\t\t\t<div class=\"elementor-element elementor-element-826fdf5 elementor-widget elementor-widget-heading\" data-id=\"826fdf5\" data-element_type=\"widget\" data-e-type=\"widget\" data-widget_type=\"heading.default\">\n\t\t\t\t<div class=\"elementor-widget-container\">\n\t\t\t\t\t<h2 class=\"elementor-heading-title elementor-size-default\">Not\u00edcies<\/h2>\t\t\t\t<\/div>\n\t\t\t\t<\/div>\n\t\t\t\t\t<\/div>\n\t\t<\/div>\n\t\t\t\t\t<\/div>\n\t\t<\/section>\n\t\t\t\t<section class=\"elementor-section elementor-top-section elementor-element elementor-element-d0c8e71 elementor-section-boxed elementor-section-height-default elementor-section-height-default\" data-id=\"d0c8e71\" data-element_type=\"section\" data-e-type=\"section\">\n\t\t\t\t\t\t<div class=\"elementor-container elementor-column-gap-default\">\n\t\t\t\t\t<div class=\"elementor-column elementor-col-100 elementor-top-column elementor-element elementor-element-5d1ef0e\" data-id=\"5d1ef0e\" data-element_type=\"column\" data-e-type=\"column\">\n\t\t\t<div class=\"elementor-widget-wrap elementor-element-populated\">\n\t\t\t\t\t\t<div class=\"elementor-element elementor-element-cfe42b9 elementor-widget elementor-widget-shortcode\" data-id=\"cfe42b9\" data-element_type=\"widget\" data-e-type=\"widget\" data-widget_type=\"shortcode.default\">\n\t\t\t\t<div class=\"elementor-widget-container\">\n\t\t\t\t\t\t\t<div class=\"elementor-shortcode\">\n<!-- Custom Twitter Feeds by Smash Balloon -->\n<div id=\"ctf\" class=\"ctf ctf-type-usertimeline ctf-rebranded ctf-feed-1  ctf-styles ctf-list ctf-boxed-style\"   data-ctfshortcode=\"{&quot;feed&quot;:&quot;1&quot;}\"   data-ctfdisablelinks=\"false\" data-ctflinktextcolor=\"#\" data-boxshadow=\"true\" data-header-size=\"small\" data-feedid=\"1\" data-postid=\"5995\"  data-feed=\"1\" data-ctfintents=\"1\"  data-ctfneeded=\"-116\">\n    \n<div class=\"ctf-header  ctf-no-bio\" >\n    <a href=\"https:\/\/twitter.com\/EuroFUE_UJI\/\" target=\"_blank\" rel=\"noopener noreferrer\" title=\"@EuroFUE_UJI\" class=\"ctf-header-link\">\n        <div class=\"ctf-header-text\">\n            <p class=\"ctf-header-user\">\n                <span class=\"ctf-header-name\">EUROFUE-UJI<\/span>\n                <span class=\"ctf-verified\"><\/span>\n                <span class=\"ctf-header-follow\">\n                    <svg width=\"30\" height=\"30\" viewbox=\"0 0 30 30\" fill=\"none\" xmlns=\"http:\/\/www.w3.org\/2000\/svg\"><path d=\"M21.1161 6.27344H24.2289L17.4284 14.0459L25.4286 24.6225H19.1645L14.2583 18.2079L8.6444 24.6225H5.52976L12.8035 16.309L5.12891 6.27344H11.552L15.9868 12.1367L21.1161 6.27344ZM20.0236 22.7594H21.7484L10.6148 8.03871H8.7639L20.0236 22.7594Z\" fill=\"black\"\/>\n\t\t\t<\/svg> Follow                <\/span>\n            <\/p>\n\n\t\t\t                <p class=\"ctf-header-bio\"  >\n\t\t\t\t\tEuropean and International Projects Office of @fue_uji with Jaume I University (@UJIuniversitat) in Castell\u00f3, Spain. \ud83c\uddea\ud83c\uddfa                <\/p>\n\t\t\t        <\/div>\n\n        <div class=\"ctf-header-img\">\n            <div class=\"ctf-header-img-hover\">\n                <svg width=\"30\" height=\"30\" viewbox=\"0 0 30 30\" fill=\"none\" xmlns=\"http:\/\/www.w3.org\/2000\/svg\"><path d=\"M21.1161 6.27344H24.2289L17.4284 14.0459L25.4286 24.6225H19.1645L14.2583 18.2079L8.6444 24.6225H5.52976L12.8035 16.309L5.12891 6.27344H11.552L15.9868 12.1367L21.1161 6.27344ZM20.0236 22.7594H21.7484L10.6148 8.03871H8.7639L20.0236 22.7594Z\" fill=\"black\"\/>\n\t\t\t<\/svg>            <\/div>\n\t\t\t                <img decoding=\"async\" data-src=\"https:\/\/pbs.twimg.com\/profile_images\/1904831586261975042\/W9DBQlav_normal.jpg\" alt=\"EuroFUE_UJI\" width=\"48\" height=\"48\" src=\"data:image\/svg+xml;base64,PHN2ZyB3aWR0aD0iMSIgaGVpZ2h0PSIxIiB4bWxucz0iaHR0cDovL3d3dy53My5vcmcvMjAwMC9zdmciPjwvc3ZnPg==\" class=\"lazyload\" style=\"--smush-placeholder-width: 48px; --smush-placeholder-aspect-ratio: 48\/48;\">\n\t\t\t        <\/div>\n    <\/a>\n<\/div>\n    <div class=\"ctf-tweets\">\n   \t\t\n<div  class=\"ctf-item ctf-author-eurofue_uji ctf-new ctf-retweet\"  id=\"1986499346397884496\" >\n\n\t\t<div class=\"ctf-context\" >\n\t    <a href=\"https:\/\/twitter.com\/intent\/user?screen_name=EuroFUE_UJI\" target=\"_blank\" rel=\"nofollow noopener noreferrer\" class=\"ctf-retweet-icon\"><svg class=\"svg-inline--fa fa-w-16\" viewbox=\"0 0 24 24\" aria-hidden=\"true\" aria-label=\"retweet\" role=\"img\"><path fill=\"currentColor\" d=\"M23.77 15.67c-.292-.293-.767-.293-1.06 0l-2.22 2.22V7.65c0-2.068-1.683-3.75-3.75-3.75h-5.85c-.414 0-.75.336-.75.75s.336.75.75.75h5.85c1.24 0 2.25 1.01 2.25 2.25v10.24l-2.22-2.22c-.293-.293-.768-.293-1.06 0s-.294.768 0 1.06l3.5 3.5c.145.147.337.22.53.22s.383-.072.53-.22l3.5-3.5c.294-.292.294-.767 0-1.06zm-10.66 3.28H7.26c-1.24 0-2.25-1.01-2.25-2.25V6.46l2.22 2.22c.148.147.34.22.532.22s.384-.073.53-.22c.293-.293.293-.768 0-1.06l-3.5-3.5c-.293-.294-.768-.294-1.06 0l-3.5 3.5c-.294.292-.294.767 0 1.06s.767.293 1.06 0l2.22-2.22V16.7c0 2.068 1.683 3.75 3.75 3.75h5.85c.414 0 .75-.336.75-.75s-.337-.75-.75-.75z\"><\/path><\/svg><span class=\"ctf-screenreader\">Retweet on Twitter<\/span><\/a>\n\t    <a href=\"https:\/\/twitter.com\/eurofue_uji\" target=\"_blank\" rel=\"nofollow noopener noreferrer\" class=\"ctf-retweet-text\">EUROFUE-UJI Retweeted<\/a>\n\t<\/div>\n\n\t<div class=\"ctf-author-box\">\n\t\t<div class=\"ctf-author-box-link\">\n\t        \t\t\t\t\t\t\t\t\t<a href=\"https:\/\/twitter.com\/horizonteeuropa\" class=\"ctf-author-avatar\" target=\"_blank\" rel=\"noopener noreferrer\" >\n\t\t\t\t\t\t\t\t\t\t\t\t\t<img decoding=\"async\" data-src=\"https:\/\/pbs.twimg.com\/profile_images\/1385263202515181569\/RwshlJz7_normal.jpg\" alt=\"horitz\u00f3europa\" width=\"48\" height=\"48\" src=\"data:image\/svg+xml;base64,PHN2ZyB3aWR0aD0iMSIgaGVpZ2h0PSIxIiB4bWxucz0iaHR0cDovL3d3dy53My5vcmcvMjAwMC9zdmciPjwvc3ZnPg==\" class=\"lazyload\" style=\"--smush-placeholder-width: 48px; --smush-placeholder-aspect-ratio: 48\/48;\">\n\t\t\t\t\t\t\t\t\t\t\t<\/a>\n\t\t\t\t\n\t\t\t\t\t\t\t\t\t<a href=\"https:\/\/twitter.com\/horizonteeuropa\" target=\"_blank\" rel=\"noopener noreferrer\" class=\"ctf-author-name\" >Horitz\u00f3 Europa<\/a>\n\t\t\t\t\t\t\t\t\t\t<a href=\"https:\/\/twitter.com\/horizonteeuropa\" class=\"ctf-author-screenname\" target=\"_blank\" rel=\"noopener noreferrer\" >@horizonteeuropa<\/a>\n\t\t\t\t\t<span class=\"ctf-screename-sep\">\u00b7<\/span>\n\t\t\t\t\t        \n\t\t\t\t\t\t\t<div class=\"ctf-tweet-meta\" >\n\t\t\t\t\t<a href=\"https:\/\/twitter.com\/horizonteeuropa\/status\/1986499346397884496\" class=\"ctf-tweet-date\" target=\"_blank\" rel=\"noopener noreferrer\" >6 Nov<\/a>\n\t\t\t\t<\/div>\n\t\t\t\t\t<\/div>\n\t    \t\t\t<div class=\"ctf-corner-logo\" >\n\t\t\t\t<svg width=\"30\" height=\"30\" viewbox=\"0 0 30 30\" fill=\"none\" xmlns=\"http:\/\/www.w3.org\/2000\/svg\"><path d=\"M21.1161 6.27344H24.2289L17.4284 14.0459L25.4286 24.6225H19.1645L14.2583 18.2079L8.6444 24.6225H5.52976L12.8035 16.309L5.12891 6.27344H11.552L15.9868 12.1367L21.1161 6.27344ZM20.0236 22.7594H21.7484L10.6148 8.03871H8.7639L20.0236 22.7594Z\" fill=\"black\"\/>\n\t\t\t<\/svg>\t\t\t<\/div>\n\t\t\n\t<\/div>\n\t<div class=\"ctf-tweet-content\">\n\t\t                <p class=\"ctf-tweet-text\">\n                    @CDTI_innovacion \ud83d\ude4c Moltes gr\u00e0cies als participants en aquesta edici\u00f3 del Seminari 15x15 per la feina d&#039;aquests dies \ud83d\udc4f.<br \/>\n<br \/>\n\ud83d\udcaaEsperem que les pon\u00e8ncies i exercicis us permetin seguir millorant les vostres propostes #HorizonteEuropa.<br \/>\n<br \/>\n\ud83d\udd1c Fins aviat \ud83d\udc4b                                     <\/p>\n                        \t<\/div>\n\n\t\t\n\t<div class=\"ctf-tweet-actions\" >\n\t\t\n\t\t<a href=\"https:\/\/twitter.com\/intent\/tweet?in_reply_to=1986499346397884496&#038;related=horizonteeuropa\" class=\"ctf-reply\" target=\"_blank\" rel=\"noopener noreferrer\">\n\t\t\t<svg class=\"svg-inline--fa fa-w-16\" viewbox=\"0 0 24 24\" aria-label=\"reply\" role=\"img\" xmlns=\"http:\/\/www.w3.org\/2000\/svg\"><g><path fill=\"currentColor\" d=\"M14.046 2.242l-4.148-.01h-.002c-4.374 0-7.8 3.427-7.8 7.802 0 4.098 3.186 7.206 7.465 7.37v3.828c0 .108.044.286.12.403.142.225.384.347.632.347.138 0 .277-.038.402-.118.264-.168 6.473-4.14 8.088-5.506 1.902-1.61 3.04-3.97 3.043-6.312v-.017c-.006-4.367-3.43-7.787-7.8-7.788zm3.787 12.972c-1.134.96-4.862 3.405-6.772 4.643V16.67c0-.414-.335-.75-.75-.75h-.396c-3.66 0-6.318-2.476-6.318-5.886 0-3.534 2.768-6.302 6.3-6.302l4.147.01h.002c3.532 0 6.3 2.766 6.302 6.296-.003 1.91-.942 3.844-2.514 5.176z\"><\/path><\/g><\/svg>\t\t\t<span class=\"ctf-screenreader\">Reply on Twitter 1986499346397884496<\/span>\n\t\t<\/a>\n\n\t\t<a href=\"https:\/\/twitter.com\/intent\/retweet?tweet_id=1986499346397884496&#038;related=horizonteeuropa\" class=\"ctf-retweet\" target=\"_blank\" rel=\"noopener noreferrer\"><svg class=\"svg-inline--fa fa-w-16\" viewbox=\"0 0 24 24\" aria-hidden=\"true\" aria-label=\"retweet\" role=\"img\"><path fill=\"currentColor\" d=\"M23.77 15.67c-.292-.293-.767-.293-1.06 0l-2.22 2.22V7.65c0-2.068-1.683-3.75-3.75-3.75h-5.85c-.414 0-.75.336-.75.75s.336.75.75.75h5.85c1.24 0 2.25 1.01 2.25 2.25v10.24l-2.22-2.22c-.293-.293-.768-.293-1.06 0s-.294.768 0 1.06l3.5 3.5c.145.147.337.22.53.22s.383-.072.53-.22l3.5-3.5c.294-.292.294-.767 0-1.06zm-10.66 3.28H7.26c-1.24 0-2.25-1.01-2.25-2.25V6.46l2.22 2.22c.148.147.34.22.532.22s.384-.073.53-.22c.293-.293.293-.768 0-1.06l-3.5-3.5c-.293-.294-.768-.294-1.06 0l-3.5 3.5c-.294.292-.294.767 0 1.06s.767.293 1.06 0l2.22-2.22V16.7c0 2.068 1.683 3.75 3.75 3.75h5.85c.414 0 .75-.336.75-.75s-.337-.75-.75-.75z\"><\/path><\/svg>\t\t\t<span class=\"ctf-screenreader\">Retweet on Twitter 1986499346397884496<\/span>\n\t\t\t<span class=\"ctf-action-count ctf-retweet-count\">2<\/span>\n\t\t<\/a>\n\n\t\t<a href=\"https:\/\/twitter.com\/intent\/like?tweet_id=1986499346397884496&#038;related=horizonteeuropa\" class=\"ctf-like\" target=\"_blank\" rel=\"nofollow noopener noreferrer\">\n\t\t\t<svg class=\"svg-inline--fa fa-w-16\" viewbox=\"0 0 24 24\" aria-hidden=\"true\" aria-label=\"like\" role=\"img\" xmlns=\"http:\/\/www.w3.org\/2000\/svg\"><g><path fill=\"currentColor\" d=\"M12 21.638h-.014C9.403 21.59 1.95 14.856 1.95 8.478c0-3.064 2.525-5.754 5.403-5.754 2.29 0 3.83 1.58 4.646 2.73.814-1.148 2.354-2.73 4.645-2.73 2.88 0 5.404 2.69 5.404 5.755 0 6.376-7.454 13.11-10.037 13.157H12zM7.354 4.225c-2.08 0-3.903 1.988-3.903 4.255 0 5.74 7.034 11.596 8.55 11.658 1.518-.062 8.55-5.917 8.55-11.658 0-2.267-1.823-4.255-3.903-4.255-2.528 0-3.94 2.936-3.952 2.965-.23.562-1.156.562-1.387 0-.014-.03-1.425-2.965-3.954-2.965z\"><\/path><\/g><\/svg>\t\t\t<span class=\"ctf-screenreader\">Like on Twitter 1986499346397884496<\/span>\n\t\t\t<span class=\"ctf-action-count ctf-favorite-count\">5<\/span>\n\t\t<\/a>\n\t\t\n\t\t\t\t\t<a href=\"https:\/\/twitter.com\/horizonteeuropa\/status\/1986499346397884496\" class=\"ctf-twitterlink\" target=\"_blank\" rel=\"nofollow noopener noreferrer\" >\n\t\t\t\t<span >Twitter<\/span>\n\t\t\t\t<span class=\"ctf-screenreader\">1986499346397884496<\/span>\n\t\t\t<\/a>\n\t\t\t<\/div>\n<\/div>\n<div  class=\"ctf-item ctf-author-eurofue_uji ctf-new\"  id=\"1907784085432418324\" >\n\n\t\n\t<div class=\"ctf-author-box\">\n\t\t<div class=\"ctf-author-box-link\">\n\t        \t\t\t\t\t\t\t\t\t<a href=\"https:\/\/twitter.com\/eurofue_uji\" class=\"ctf-author-avatar\" target=\"_blank\" rel=\"noopener noreferrer\" >\n\t\t\t\t\t\t\t\t\t\t\t\t\t<img decoding=\"async\" data-src=\"https:\/\/pbs.twimg.com\/profile_images\/1904831586261975042\/W9DBQlav_normal.jpg\" alt=\"eurofue_uji\" width=\"48\" height=\"48\" src=\"data:image\/svg+xml;base64,PHN2ZyB3aWR0aD0iMSIgaGVpZ2h0PSIxIiB4bWxucz0iaHR0cDovL3d3dy53My5vcmcvMjAwMC9zdmciPjwvc3ZnPg==\" class=\"lazyload\" style=\"--smush-placeholder-width: 48px; --smush-placeholder-aspect-ratio: 48\/48;\">\n\t\t\t\t\t\t\t\t\t\t\t<\/a>\n\t\t\t\t\n\t\t\t\t\t\t\t\t\t<a href=\"https:\/\/twitter.com\/eurofue_uji\" target=\"_blank\" rel=\"noopener noreferrer\" class=\"ctf-author-name\" >EUROFUE-UJI<\/a>\n\t\t\t\t\t\t\t\t\t\t<a href=\"https:\/\/twitter.com\/eurofue_uji\" class=\"ctf-author-screenname\" target=\"_blank\" rel=\"noopener noreferrer\" >@eurofue_uji<\/a>\n\t\t\t\t\t<span class=\"ctf-screename-sep\">\u00b7<\/span>\n\t\t\t\t\t        \n\t\t\t\t\t\t\t<div class=\"ctf-tweet-meta\" >\n\t\t\t\t\t<a href=\"https:\/\/twitter.com\/eurofue_uji\/status\/1907784085432418324\" class=\"ctf-tweet-date\" target=\"_blank\" rel=\"noopener noreferrer\" >3 Apr 2025<\/a>\n\t\t\t\t<\/div>\n\t\t\t\t\t<\/div>\n\t    \t\t\t<div class=\"ctf-corner-logo\" >\n\t\t\t\t<svg width=\"30\" height=\"30\" viewbox=\"0 0 30 30\" fill=\"none\" xmlns=\"http:\/\/www.w3.org\/2000\/svg\"><path d=\"M21.1161 6.27344H24.2289L17.4284 14.0459L25.4286 24.6225H19.1645L14.2583 18.2079L8.6444 24.6225H5.52976L12.8035 16.309L5.12891 6.27344H11.552L15.9868 12.1367L21.1161 6.27344ZM20.0236 22.7594H21.7484L10.6148 8.03871H8.7639L20.0236 22.7594Z\" fill=\"black\"\/>\n\t\t\t<\/svg>\t\t\t<\/div>\n\t\t\n\t<\/div>\n\t<div class=\"ctf-tweet-content\">\n\t\t                <p class=\"ctf-tweet-text\">\n                    Deixem de publicar a X i continuem la nostra activitat a Bluesky. Creiem en una comunicaci\u00f3 alineada amb els nostres valors i en la construcci\u00f3 despais digitals m\u00e9s oberts i \u00e8tics.<br \/>\n<br \/>\nEstigues al dia de les nostres novetats a LinkedIn i Bluesky: https:\/\/shorturl.at\/DJkCV                     <\/p><a href=\"https:\/\/twitter.com\/EuroFUE_UJI\/status\/1907784085432418324\" target=\"_blank\" rel=\"noopener noreferrer\" class=\"ctf-tweet-text-media-wrap\"><svg aria-hidden=\"true\" aria-label=\"images in tweet\" focusable=\"false\" data-prefix=\"far\" data-icon=\"image\" role=\"img\" xmlns=\"http:\/\/www.w3.org\/2000\/svg\" viewbox=\"0 0 512 512\" class=\"svg-inline--fa fa-image fa-w-16 fa-9x ctf-tweet-text-media\"><path fill=\"currentColor\" d=\"M464 64H48C21.49 64 0 85.49 0 112v288c0 26.51 21.49 48 48 48h416c26.51 0 48-21.49 48-48V112c0-26.51-21.49-48-48-48zm-6 336H54a6 6 0 0 1-6-6V118a6 6 0 0 1 6-6h404a6 6 0 0 1 6 6v276a6 6 0 0 1-6 6zM128 152c-22.091 0-40 17.909-40 40s17.909 40 40 40 40-17.909 40-40-17.909-40-40-40zM96 352h320v-80l-87.515-87.515c-4.686-4.686-12.284-4.686-16.971 0L192 304l-39.515-39.515c-4.686-4.686-12.284-4.686-16.971 0L96 304v48z\" class=\"\"><\/path><\/svg><\/a>                <\/p>\n                        \t<\/div>\n\n\t\t\n\t<div class=\"ctf-tweet-actions\" >\n\t\t\n\t\t<a href=\"https:\/\/twitter.com\/intent\/tweet?in_reply_to=1907784085432418324&#038;related=eurofue_uji\" class=\"ctf-reply\" target=\"_blank\" rel=\"noopener noreferrer\">\n\t\t\t<svg class=\"svg-inline--fa fa-w-16\" viewbox=\"0 0 24 24\" aria-label=\"reply\" role=\"img\" xmlns=\"http:\/\/www.w3.org\/2000\/svg\"><g><path fill=\"currentColor\" d=\"M14.046 2.242l-4.148-.01h-.002c-4.374 0-7.8 3.427-7.8 7.802 0 4.098 3.186 7.206 7.465 7.37v3.828c0 .108.044.286.12.403.142.225.384.347.632.347.138 0 .277-.038.402-.118.264-.168 6.473-4.14 8.088-5.506 1.902-1.61 3.04-3.97 3.043-6.312v-.017c-.006-4.367-3.43-7.787-7.8-7.788zm3.787 12.972c-1.134.96-4.862 3.405-6.772 4.643V16.67c0-.414-.335-.75-.75-.75h-.396c-3.66 0-6.318-2.476-6.318-5.886 0-3.534 2.768-6.302 6.3-6.302l4.147.01h.002c3.532 0 6.3 2.766 6.302 6.296-.003 1.91-.942 3.844-2.514 5.176z\"><\/path><\/g><\/svg>\t\t\t<span class=\"ctf-screenreader\">Reply on Twitter 1907784085432418324<\/span>\n\t\t<\/a>\n\n\t\t<a href=\"https:\/\/twitter.com\/intent\/retweet?tweet_id=1907784085432418324&#038;related=eurofue_uji\" class=\"ctf-retweet\" target=\"_blank\" rel=\"noopener noreferrer\"><svg class=\"svg-inline--fa fa-w-16\" viewbox=\"0 0 24 24\" aria-hidden=\"true\" aria-label=\"retweet\" role=\"img\"><path fill=\"currentColor\" d=\"M23.77 15.67c-.292-.293-.767-.293-1.06 0l-2.22 2.22V7.65c0-2.068-1.683-3.75-3.75-3.75h-5.85c-.414 0-.75.336-.75.75s.336.75.75.75h5.85c1.24 0 2.25 1.01 2.25 2.25v10.24l-2.22-2.22c-.293-.293-.768-.293-1.06 0s-.294.768 0 1.06l3.5 3.5c.145.147.337.22.53.22s.383-.072.53-.22l3.5-3.5c.294-.292.294-.767 0-1.06zm-10.66 3.28H7.26c-1.24 0-2.25-1.01-2.25-2.25V6.46l2.22 2.22c.148.147.34.22.532.22s.384-.073.53-.22c.293-.293.293-.768 0-1.06l-3.5-3.5c-.293-.294-.768-.294-1.06 0l-3.5 3.5c-.294.292-.294.767 0 1.06s.767.293 1.06 0l2.22-2.22V16.7c0 2.068 1.683 3.75 3.75 3.75h5.85c.414 0 .75-.336.75-.75s-.337-.75-.75-.75z\"><\/path><\/svg>\t\t\t<span class=\"ctf-screenreader\">Retweet on Twitter 1907784085432418324<\/span>\n\t\t\t<span class=\"ctf-action-count ctf-retweet-count\"><\/span>\n\t\t<\/a>\n\n\t\t<a href=\"https:\/\/twitter.com\/intent\/like?tweet_id=1907784085432418324&#038;related=eurofue_uji\" class=\"ctf-like\" target=\"_blank\" rel=\"nofollow noopener noreferrer\">\n\t\t\t<svg class=\"svg-inline--fa fa-w-16\" viewbox=\"0 0 24 24\" aria-hidden=\"true\" aria-label=\"like\" role=\"img\" xmlns=\"http:\/\/www.w3.org\/2000\/svg\"><g><path fill=\"currentColor\" d=\"M12 21.638h-.014C9.403 21.59 1.95 14.856 1.95 8.478c0-3.064 2.525-5.754 5.403-5.754 2.29 0 3.83 1.58 4.646 2.73.814-1.148 2.354-2.73 4.645-2.73 2.88 0 5.404 2.69 5.404 5.755 0 6.376-7.454 13.11-10.037 13.157H12zM7.354 4.225c-2.08 0-3.903 1.988-3.903 4.255 0 5.74 7.034 11.596 8.55 11.658 1.518-.062 8.55-5.917 8.55-11.658 0-2.267-1.823-4.255-3.903-4.255-2.528 0-3.94 2.936-3.952 2.965-.23.562-1.156.562-1.387 0-.014-.03-1.425-2.965-3.954-2.965z\"><\/path><\/g><\/svg>\t\t\t<span class=\"ctf-screenreader\">Like on Twitter 1907784085432418324<\/span>\n\t\t\t<span class=\"ctf-action-count ctf-favorite-count\"><\/span>\n\t\t<\/a>\n\t\t\n\t\t\t\t\t<a href=\"https:\/\/twitter.com\/eurofue_uji\/status\/1907784085432418324\" class=\"ctf-twitterlink\" target=\"_blank\" rel=\"nofollow noopener noreferrer\" >\n\t\t\t\t<span >Twitter<\/span>\n\t\t\t\t<span class=\"ctf-screenreader\">1907784085432418324<\/span>\n\t\t\t<\/a>\n\t\t\t<\/div>\n<\/div>    <\/div>\n    \n    <a href=\"javascript:void(0);\" id=\"ctf-more\" class=\"ctf-more\" ><span>Load More<\/span><\/a>\n\n\n<\/div>\n<\/div>\n\t\t\t\t\t\t<\/div>\n\t\t\t\t<\/div>\n\t\t\t\t\t<\/div>\n\t\t<\/div>\n\t\t\t\t\t<\/div>\n\t\t<\/section>\n\t\t\t\t<\/div>","protected":false},"excerpt":{"rendered":"<p>Not\u00edcies<\/p>","protected":false},"author":6,"featured_media":0,"parent":0,"menu_order":0,"comment_status":"closed","ping_status":"closed","template":"","meta":{"_monsterinsights_skip_tracking":false,"_monsterinsights_sitenote_active":false,"_monsterinsights_sitenote_note":"","_monsterinsights_sitenote_category":0,"footnotes":""},"class_list":["post-5995","page","type-page","status-publish","hentry"],"_links":{"self":[{"href":"https:\/\/eurofue.com\/ca\/wp-json\/wp\/v2\/pages\/5995","targetHints":{"allow":["GET"]}}],"collection":[{"href":"https:\/\/eurofue.com\/ca\/wp-json\/wp\/v2\/pages"}],"about":[{"href":"https:\/\/eurofue.com\/ca\/wp-json\/wp\/v2\/types\/page"}],"author":[{"embeddable":true,"href":"https:\/\/eurofue.com\/ca\/wp-json\/wp\/v2\/users\/6"}],"replies":[{"embeddable":true,"href":"https:\/\/eurofue.com\/ca\/wp-json\/wp\/v2\/comments?post=5995"}],"version-history":[{"count":0,"href":"https:\/\/eurofue.com\/ca\/wp-json\/wp\/v2\/pages\/5995\/revisions"}],"wp:attachment":[{"href":"https:\/\/eurofue.com\/ca\/wp-json\/wp\/v2\/media?parent=5995"}],"curies":[{"name":"wp","href":"https:\/\/api.w.org\/{rel}","templated":true}]}}