{"id":6105,"date":"2023-07-19T08:22:52","date_gmt":"2023-07-19T06:22:52","guid":{"rendered":"https:\/\/www.eurofue.articagency.eu\/?page_id=6105"},"modified":"2025-09-10T13:11:13","modified_gmt":"2025-09-10T11:11:13","slug":"erasmus-uji","status":"publish","type":"page","link":"https:\/\/eurofue.com\/ca\/erasmus-uji\/","title":{"rendered":"Erasmus+"},"content":{"rendered":"\t\t<div data-elementor-type=\"wp-page\" data-elementor-id=\"6105\" class=\"elementor elementor-6105\" data-elementor-post-type=\"page\">\n\t\t\t\t\t\t<section class=\"elementor-section elementor-top-section elementor-element elementor-element-42a56f0d elementor-section-height-min-height elementor-section-boxed elementor-section-height-default elementor-section-items-middle\" data-id=\"42a56f0d\" data-element_type=\"section\" data-e-type=\"section\" data-settings=\"{&quot;background_background&quot;:&quot;gradient&quot;,&quot;shape_divider_bottom&quot;:&quot;waves&quot;}\">\n\t\t\t\t\t\t\t<div class=\"elementor-background-overlay\"><\/div>\n\t\t\t\t\t\t<div class=\"elementor-shape elementor-shape-bottom\" aria-hidden=\"true\" data-negative=\"false\">\n\t\t\t<svg xmlns=\"http:\/\/www.w3.org\/2000\/svg\" viewBox=\"0 0 1000 100\" preserveAspectRatio=\"none\">\n\t<path class=\"elementor-shape-fill\" d=\"M421.9,6.5c22.6-2.5,51.5,0.4,75.5,5.3c23.6,4.9,70.9,23.5,100.5,35.7c75.8,32.2,133.7,44.5,192.6,49.7\n\tc23.6,2.1,48.7,3.5,103.4-2.5c54.7-6,106.2-25.6,106.2-25.6V0H0v30.3c0,0,72,32.6,158.4,30.5c39.2-0.7,92.8-6.7,134-22.4\n\tc21.2-8.1,52.2-18.2,79.7-24.2C399.3,7.9,411.6,7.5,421.9,6.5z\"\/>\n<\/svg>\t\t<\/div>\n\t\t\t\t\t<div class=\"elementor-container elementor-column-gap-default\">\n\t\t\t\t\t<div class=\"elementor-column elementor-col-100 elementor-top-column elementor-element elementor-element-62826905\" data-id=\"62826905\" data-element_type=\"column\" data-e-type=\"column\">\n\t\t\t<div class=\"elementor-widget-wrap elementor-element-populated\">\n\t\t\t\t\t\t<div class=\"elementor-element elementor-element-3ec50b4b elementor-widget elementor-widget-heading\" data-id=\"3ec50b4b\" data-element_type=\"widget\" data-e-type=\"widget\" data-widget_type=\"heading.default\">\n\t\t\t\t<div class=\"elementor-widget-container\">\n\t\t\t\t\t<h1 class=\"elementor-heading-title elementor-size-default\">Erasmus+<\/h1>\t\t\t\t<\/div>\n\t\t\t\t<\/div>\n\t\t\t\t<div class=\"elementor-element elementor-element-5b04cad0 elementor-widget elementor-widget-heading\" data-id=\"5b04cad0\" data-element_type=\"widget\" data-e-type=\"widget\" data-widget_type=\"heading.default\">\n\t\t\t\t<div class=\"elementor-widget-container\">\n\t\t\t\t\t<h3 class=\"elementor-heading-title elementor-size-default\">Promoci\u00f3n, fomento y asistencia t\u00e9cnica a la UJI en proyectos Erasmus+<\/h3>\t\t\t\t<\/div>\n\t\t\t\t<\/div>\n\t\t\t\t\t<\/div>\n\t\t<\/div>\n\t\t\t\t\t<\/div>\n\t\t<\/section>\n\t\t\t\t<section class=\"elementor-section elementor-top-section elementor-element elementor-element-5a66f0d6 elementor-section-height-min-height elementor-section-boxed elementor-section-height-default elementor-section-items-middle\" data-id=\"5a66f0d6\" data-element_type=\"section\" data-e-type=\"section\">\n\t\t\t\t\t\t\t<div class=\"elementor-background-overlay\"><\/div>\n\t\t\t\t\t\t\t<div class=\"elementor-container elementor-column-gap-default\">\n\t\t\t\t\t<div class=\"elementor-column elementor-col-50 elementor-top-column elementor-element elementor-element-9c3de4b\" data-id=\"9c3de4b\" data-element_type=\"column\" data-e-type=\"column\">\n\t\t\t<div class=\"elementor-widget-wrap elementor-element-populated\">\n\t\t\t\t\t\t<div class=\"elementor-element elementor-element-ff92ebb elementor-widget elementor-widget-text-editor\" data-id=\"ff92ebb\" data-element_type=\"widget\" data-e-type=\"widget\" data-widget_type=\"text-editor.default\">\n\t\t\t\t<div class=\"elementor-widget-container\">\n\t\t\t\t\t\t\t\t\t<p class=\"p1\">La FUE contribuye al desarrollo de iniciativas que promueven la <strong>cooperaci\u00f3n internacional, la innovaci\u00f3n y la excelencia<\/strong> en la educaci\u00f3n superior.<\/p><p class=\"p1\">Por ello, queremos destacar el importante papel que desempe\u00f1a la EuroFUE-UJI en la <strong>promoci\u00f3n, fomento y asistencia<\/strong> t\u00e9cnica a la Universitat Jaume I (UJI) en proyectos Erasmus+.<\/p>\t\t\t\t\t\t\t\t<\/div>\n\t\t\t\t<\/div>\n\t\t\t\t\t<\/div>\n\t\t<\/div>\n\t\t\t\t<div class=\"elementor-column elementor-col-50 elementor-top-column elementor-element elementor-element-81e755f\" data-id=\"81e755f\" data-element_type=\"column\" data-e-type=\"column\">\n\t\t\t<div class=\"elementor-widget-wrap elementor-element-populated\">\n\t\t\t\t\t\t<div class=\"elementor-element elementor-element-1d3e3a3 elementor-widget elementor-widget-image\" data-id=\"1d3e3a3\" data-element_type=\"widget\" data-e-type=\"widget\" data-settings=\"{&quot;motion_fx_motion_fx_scrolling&quot;:&quot;yes&quot;,&quot;motion_fx_translateY_effect&quot;:&quot;yes&quot;,&quot;motion_fx_translateY_speed&quot;:{&quot;unit&quot;:&quot;px&quot;,&quot;size&quot;:&quot;1&quot;,&quot;sizes&quot;:[]},&quot;motion_fx_translateY_affectedRange&quot;:{&quot;unit&quot;:&quot;%&quot;,&quot;size&quot;:&quot;&quot;,&quot;sizes&quot;:{&quot;start&quot;:0,&quot;end&quot;:100}},&quot;motion_fx_devices&quot;:[&quot;desktop&quot;,&quot;tablet&quot;,&quot;mobile&quot;]}\" data-widget_type=\"image.default\">\n\t\t\t\t<div class=\"elementor-widget-container\">\n\t\t\t\t\t\t\t\t\t\t\t\t\t\t\t<img fetchpriority=\"high\" decoding=\"async\" width=\"2560\" height=\"1707\" src=\"https:\/\/eurofue.com\/wp-content\/uploads\/2023\/09\/Copia-de-IMG_8310-scaled.jpg\" class=\"attachment-full size-full wp-image-8393\" alt=\"\" srcset=\"https:\/\/eurofue.com\/wp-content\/uploads\/2023\/09\/Copia-de-IMG_8310-scaled.jpg 2560w, https:\/\/eurofue.com\/wp-content\/uploads\/2023\/09\/Copia-de-IMG_8310-300x200.jpg 300w, https:\/\/eurofue.com\/wp-content\/uploads\/2023\/09\/Copia-de-IMG_8310-1024x683.jpg 1024w, https:\/\/eurofue.com\/wp-content\/uploads\/2023\/09\/Copia-de-IMG_8310-768x512.jpg 768w, https:\/\/eurofue.com\/wp-content\/uploads\/2023\/09\/Copia-de-IMG_8310-1536x1024.jpg 1536w, https:\/\/eurofue.com\/wp-content\/uploads\/2023\/09\/Copia-de-IMG_8310-2048x1365.jpg 2048w, https:\/\/eurofue.com\/wp-content\/uploads\/2023\/09\/Copia-de-IMG_8310-18x12.jpg 18w\" sizes=\"(max-width: 2560px) 100vw, 2560px\" \/>\t\t\t\t\t\t\t\t\t\t\t\t\t\t\t<\/div>\n\t\t\t\t<\/div>\n\t\t\t\t\t<\/div>\n\t\t<\/div>\n\t\t\t\t\t<\/div>\n\t\t<\/section>\n\t\t\t\t<section class=\"elementor-section elementor-top-section elementor-element elementor-element-ad2ea2c elementor-section-height-min-height elementor-section-boxed elementor-section-height-default elementor-section-items-middle\" data-id=\"ad2ea2c\" data-element_type=\"section\" data-e-type=\"section\">\n\t\t\t\t\t\t\t<div class=\"elementor-background-overlay\"><\/div>\n\t\t\t\t\t\t\t<div class=\"elementor-container elementor-column-gap-default\">\n\t\t\t\t\t<div class=\"elementor-column elementor-col-50 elementor-top-column elementor-element elementor-element-b5b946e\" data-id=\"b5b946e\" data-element_type=\"column\" data-e-type=\"column\">\n\t\t\t<div class=\"elementor-widget-wrap elementor-element-populated\">\n\t\t\t\t\t\t<div class=\"elementor-element elementor-element-f46e8f6 elementor-widget elementor-widget-heading\" data-id=\"f46e8f6\" data-element_type=\"widget\" data-e-type=\"widget\" data-settings=\"{&quot;motion_fx_motion_fx_scrolling&quot;:&quot;yes&quot;,&quot;motion_fx_translateY_effect&quot;:&quot;yes&quot;,&quot;motion_fx_translateY_speed&quot;:{&quot;unit&quot;:&quot;px&quot;,&quot;size&quot;:&quot;0.5&quot;,&quot;sizes&quot;:[]},&quot;motion_fx_translateY_affectedRange&quot;:{&quot;unit&quot;:&quot;%&quot;,&quot;size&quot;:&quot;&quot;,&quot;sizes&quot;:{&quot;start&quot;:&quot;0&quot;,&quot;end&quot;:&quot;50&quot;}},&quot;motion_fx_opacity_effect&quot;:&quot;yes&quot;,&quot;motion_fx_opacity_range&quot;:{&quot;unit&quot;:&quot;%&quot;,&quot;size&quot;:&quot;&quot;,&quot;sizes&quot;:{&quot;start&quot;:&quot;0&quot;,&quot;end&quot;:&quot;50&quot;}},&quot;motion_fx_devices&quot;:[&quot;desktop&quot;,&quot;mobile&quot;],&quot;motion_fx_opacity_direction&quot;:&quot;out-in&quot;,&quot;motion_fx_opacity_level&quot;:{&quot;unit&quot;:&quot;px&quot;,&quot;size&quot;:10,&quot;sizes&quot;:[]}}\" data-widget_type=\"heading.default\">\n\t\t\t\t<div class=\"elementor-widget-container\">\n\t\t\t\t\t<h3 class=\"elementor-heading-title elementor-size-default\">Asistencia t\u00e9cnica FUE en la preparaci\u00f3n de propuestas Erasmus +: <\/h3>\t\t\t\t<\/div>\n\t\t\t\t<\/div>\n\t\t\t\t<div class=\"elementor-element elementor-element-6bae465 elementor-widget elementor-widget-text-editor\" data-id=\"6bae465\" data-element_type=\"widget\" data-e-type=\"widget\" data-widget_type=\"text-editor.default\">\n\t\t\t\t<div class=\"elementor-widget-container\">\n\t\t\t\t\t\t\t\t\t<p class=\"p1\">En el contexto de la colaboraci\u00f3n entre la Fundaci\u00f3n Universidad-Empresa (FUE) y la Universitat Jaume I (UJI), la FUE brinda <strong>apoyo en <\/strong><span class=\"s1\"><strong>proyectos coordinados por grupos de investigaci\u00f3n<\/strong> de la propia UJI, as\u00ed como en proyectos en los que los grupos de investigaci\u00f3n participan como socios<\/span>.<\/p>\t\t\t\t\t\t\t\t<\/div>\n\t\t\t\t<\/div>\n\t\t\t\t<div class=\"elementor-element elementor-element-6217070 elementor-widget elementor-widget-text-editor\" data-id=\"6217070\" data-element_type=\"widget\" data-e-type=\"widget\" data-widget_type=\"text-editor.default\">\n\t\t\t\t<div class=\"elementor-widget-container\">\n\t\t\t\t\t\t\t\t\t<p class=\"p1\">Las tareas incluyen co-redacci\u00f3n del proyecto, apertura de la ficha del proyecto en el portal del participante, recopilaci\u00f3n y cumplimentaci\u00f3n de documentaci\u00f3n administrativa del coordinador y de los socios, b\u00fasqueda de socios, apoyo a la constituci\u00f3n del advisory board y de los associated partners si es necesario, apoyo en la elaboraci\u00f3n del presupuesto, y revisi\u00f3n de la propuesta.<\/p><p class=\"p1\"><strong>La FUE proporcionar\u00e1 asistencia en todas las etapas de estos proyectos<\/strong>, y en convocatorias como las siguientes, as\u00ed como otras similares que puedan surgir.<\/p>\t\t\t\t\t\t\t\t<\/div>\n\t\t\t\t<\/div>\n\t\t\t\t\t<\/div>\n\t\t<\/div>\n\t\t\t\t<div class=\"elementor-column elementor-col-50 elementor-top-column elementor-element elementor-element-702afbd\" data-id=\"702afbd\" data-element_type=\"column\" data-e-type=\"column\">\n\t\t\t<div class=\"elementor-widget-wrap elementor-element-populated\">\n\t\t\t\t\t\t<div class=\"elementor-element elementor-element-42bf982 elementor-widget elementor-widget-image\" data-id=\"42bf982\" data-element_type=\"widget\" data-e-type=\"widget\" data-settings=\"{&quot;motion_fx_motion_fx_scrolling&quot;:&quot;yes&quot;,&quot;motion_fx_translateY_effect&quot;:&quot;yes&quot;,&quot;motion_fx_translateY_speed&quot;:{&quot;unit&quot;:&quot;px&quot;,&quot;size&quot;:&quot;1&quot;,&quot;sizes&quot;:[]},&quot;motion_fx_translateY_affectedRange&quot;:{&quot;unit&quot;:&quot;%&quot;,&quot;size&quot;:&quot;&quot;,&quot;sizes&quot;:{&quot;start&quot;:0,&quot;end&quot;:100}},&quot;motion_fx_devices&quot;:[&quot;desktop&quot;,&quot;tablet&quot;,&quot;mobile&quot;]}\" data-widget_type=\"image.default\">\n\t\t\t\t<div class=\"elementor-widget-container\">\n\t\t\t\t\t\t\t\t\t\t\t\t\t\t\t<img decoding=\"async\" width=\"484\" height=\"484\" data-src=\"https:\/\/eurofue.com\/wp-content\/uploads\/2020\/05\/uji-universidad-castellon.jpg\" class=\"attachment-full size-full wp-image-682 lazyload\" alt=\"\" data-srcset=\"https:\/\/eurofue.com\/wp-content\/uploads\/2020\/05\/uji-universidad-castellon.jpg 484w, https:\/\/eurofue.com\/wp-content\/uploads\/2020\/05\/uji-universidad-castellon-300x300.jpg 300w, https:\/\/eurofue.com\/wp-content\/uploads\/2020\/05\/uji-universidad-castellon-150x150.jpg 150w, https:\/\/eurofue.com\/wp-content\/uploads\/2020\/05\/uji-universidad-castellon-480x480.jpg 480w\" data-sizes=\"(max-width: 484px) 100vw, 484px\" src=\"data:image\/svg+xml;base64,PHN2ZyB3aWR0aD0iMSIgaGVpZ2h0PSIxIiB4bWxucz0iaHR0cDovL3d3dy53My5vcmcvMjAwMC9zdmciPjwvc3ZnPg==\" style=\"--smush-placeholder-width: 484px; --smush-placeholder-aspect-ratio: 484\/484;\" \/>\t\t\t\t\t\t\t\t\t\t\t\t\t\t\t<\/div>\n\t\t\t\t<\/div>\n\t\t\t\t\t<\/div>\n\t\t<\/div>\n\t\t\t\t\t<\/div>\n\t\t<\/section>\n\t\t\t\t<section class=\"elementor-section elementor-top-section elementor-element elementor-element-22846c0e elementor-section-boxed elementor-section-height-default elementor-section-height-default\" data-id=\"22846c0e\" data-element_type=\"section\" data-e-type=\"section\" data-settings=\"{&quot;background_background&quot;:&quot;classic&quot;}\">\n\t\t\t\t\t\t\t<div class=\"elementor-background-overlay\"><\/div>\n\t\t\t\t\t\t\t<div class=\"elementor-container elementor-column-gap-default\">\n\t\t\t\t\t<div class=\"elementor-column elementor-col-100 elementor-top-column elementor-element elementor-element-2ea5fff4\" data-id=\"2ea5fff4\" data-element_type=\"column\" data-e-type=\"column\">\n\t\t\t<div class=\"elementor-widget-wrap elementor-element-populated\">\n\t\t\t\t\t\t<div class=\"elementor-element elementor-element-75dd2682 elementor-widget elementor-widget-heading\" data-id=\"75dd2682\" data-element_type=\"widget\" data-e-type=\"widget\" data-widget_type=\"heading.default\">\n\t\t\t\t<div class=\"elementor-widget-container\">\n\t\t\t\t\t<p class=\"elementor-heading-title elementor-size-default\">La FUE proporcionar\u00e1 asistencia en todas las etapas de estos proyectos, y en convocatorias como las siguientes, as\u00ed como otras similares que puedan surgir:<\/p>\t\t\t\t<\/div>\n\t\t\t\t<\/div>\n\t\t\t\t<section class=\"elementor-section elementor-inner-section elementor-element elementor-element-7bd8335c elementor-section-boxed elementor-section-height-default elementor-section-height-default\" data-id=\"7bd8335c\" data-element_type=\"section\" data-e-type=\"section\" data-settings=\"{&quot;motion_fx_motion_fx_scrolling&quot;:&quot;yes&quot;,&quot;motion_fx_translateY_effect&quot;:&quot;yes&quot;,&quot;motion_fx_translateY_speed&quot;:{&quot;unit&quot;:&quot;px&quot;,&quot;size&quot;:&quot;1&quot;,&quot;sizes&quot;:[]},&quot;motion_fx_translateY_affectedRange&quot;:{&quot;unit&quot;:&quot;%&quot;,&quot;size&quot;:&quot;&quot;,&quot;sizes&quot;:{&quot;start&quot;:&quot;0&quot;,&quot;end&quot;:&quot;50&quot;}},&quot;motion_fx_opacity_effect&quot;:&quot;yes&quot;,&quot;motion_fx_opacity_range&quot;:{&quot;unit&quot;:&quot;%&quot;,&quot;size&quot;:&quot;&quot;,&quot;sizes&quot;:{&quot;start&quot;:&quot;0&quot;,&quot;end&quot;:&quot;50&quot;}},&quot;motion_fx_devices&quot;:[&quot;desktop&quot;,&quot;tablet&quot;],&quot;motion_fx_opacity_direction&quot;:&quot;out-in&quot;,&quot;motion_fx_opacity_level&quot;:{&quot;unit&quot;:&quot;px&quot;,&quot;size&quot;:10,&quot;sizes&quot;:[]}}\">\n\t\t\t\t\t\t<div class=\"elementor-container elementor-column-gap-default\">\n\t\t\t\t\t<div class=\"elementor-column elementor-col-50 elementor-inner-column elementor-element elementor-element-5634506f\" data-id=\"5634506f\" data-element_type=\"column\" data-e-type=\"column\" data-settings=\"{&quot;background_background&quot;:&quot;classic&quot;}\">\n\t\t\t<div class=\"elementor-widget-wrap elementor-element-populated\">\n\t\t\t\t\t\t<div class=\"elementor-element elementor-element-f47b674 elementor-widget elementor-widget-icon-box\" data-id=\"f47b674\" data-element_type=\"widget\" data-e-type=\"widget\" data-widget_type=\"icon-box.default\">\n\t\t\t\t<div class=\"elementor-widget-container\">\n\t\t\t\t\t\t\t<div class=\"elementor-icon-box-wrapper\">\n\n\t\t\t\n\t\t\t\t\t\t<div class=\"elementor-icon-box-content\">\n\n\t\t\t\t\t\t\t\t\t<h3 class=\"elementor-icon-box-title\">\n\t\t\t\t\t\t<span  >\n\t\t\t\t\t\t\tUniversidades Europeas (European Universities)\t\t\t\t\t\t<\/span>\n\t\t\t\t\t<\/h3>\n\t\t\t\t\n\t\t\t\t\t\t\t\t\t<p class=\"elementor-icon-box-description\">\n\t\t\t\t\t\tEsta acci\u00f3n tiene como objetivo <b>promover los valores comunes europeos<\/b> y lograr un avance significativo en la calidad, rendimiento, atractivo y competitividad de las instituciones europeas de educaci\u00f3n superior mediante el mejor uso de pedagog\u00edas innovadoras.\t\t\t\t\t<\/p>\n\t\t\t\t\n\t\t\t<\/div>\n\t\t\t\n\t\t<\/div>\n\t\t\t\t\t\t<\/div>\n\t\t\t\t<\/div>\n\t\t\t\t\t<\/div>\n\t\t<\/div>\n\t\t\t\t<div class=\"elementor-column elementor-col-50 elementor-inner-column elementor-element elementor-element-1926d4e4\" data-id=\"1926d4e4\" data-element_type=\"column\" data-e-type=\"column\" data-settings=\"{&quot;background_background&quot;:&quot;classic&quot;}\">\n\t\t\t<div class=\"elementor-widget-wrap elementor-element-populated\">\n\t\t\t\t\t\t<div class=\"elementor-element elementor-element-344a8c17 elementor-widget elementor-widget-icon-box\" data-id=\"344a8c17\" data-element_type=\"widget\" data-e-type=\"widget\" data-widget_type=\"icon-box.default\">\n\t\t\t\t<div class=\"elementor-widget-container\">\n\t\t\t\t\t\t\t<div class=\"elementor-icon-box-wrapper\">\n\n\t\t\t\n\t\t\t\t\t\t<div class=\"elementor-icon-box-content\">\n\n\t\t\t\t\t\t\t\t\t<h3 class=\"elementor-icon-box-title\">\n\t\t\t\t\t\t<span  >\n\t\t\t\t\t\t\tAlianzas para la Innovaci\u00f3n (Alliances for Innovation)\t\t\t\t\t\t<\/span>\n\t\t\t\t\t<\/h3>\n\t\t\t\t\n\t\t\t\t\t\t\t\t\t<p class=\"elementor-icon-box-description\">\n\t\t\t\t\t\tEsta acci\u00f3n busca <b>fortalecer la capacidad de innovaci\u00f3n<\/b> a trav\u00e9s de la cooperaci\u00f3n y el intercambio de conocimientos entre centros de educaci\u00f3n superior, educaci\u00f3n vocacional, formaci\u00f3n y el entorno socioecon\u00f3mico, incluyendo la investigaci\u00f3n.\t\t\t\t\t<\/p>\n\t\t\t\t\n\t\t\t<\/div>\n\t\t\t\n\t\t<\/div>\n\t\t\t\t\t\t<\/div>\n\t\t\t\t<\/div>\n\t\t\t\t\t<\/div>\n\t\t<\/div>\n\t\t\t\t\t<\/div>\n\t\t<\/section>\n\t\t\t\t\t<\/div>\n\t\t<\/div>\n\t\t\t\t\t<\/div>\n\t\t<\/section>\n\t\t\t\t<section class=\"elementor-section elementor-top-section elementor-element elementor-element-746e0770 elementor-section-height-min-height elementor-section-boxed elementor-section-height-default elementor-section-items-middle\" data-id=\"746e0770\" data-element_type=\"section\" data-e-type=\"section\" data-settings=\"{&quot;background_background&quot;:&quot;classic&quot;}\">\n\t\t\t\t\t\t\t<div class=\"elementor-background-overlay\"><\/div>\n\t\t\t\t\t\t\t<div class=\"elementor-container elementor-column-gap-default\">\n\t\t\t\t\t<div class=\"elementor-column elementor-col-50 elementor-top-column elementor-element elementor-element-63acff8c\" data-id=\"63acff8c\" data-element_type=\"column\" data-e-type=\"column\">\n\t\t\t<div class=\"elementor-widget-wrap elementor-element-populated\">\n\t\t\t\t\t\t<div class=\"elementor-element elementor-element-28962356 elementor-widget elementor-widget-text-editor\" data-id=\"28962356\" data-element_type=\"widget\" data-e-type=\"widget\" data-widget_type=\"text-editor.default\">\n\t\t\t\t<div class=\"elementor-widget-container\">\n\t\t\t\t\t\t\t\t\t<p class=\"p1\">Una vez la propuesta es financiada, la FUE desempe\u00f1a un <strong>papel crucial en la gesti\u00f3n, comunicaci\u00f3n y ejecuci\u00f3n exitosa de los proyectos<\/strong>, proporcionando apoyo en una variedad de actividades. Estas actividades incluyen la <strong>elaboraci\u00f3n del plan de gesti\u00f3n y riesgos, el plan de calidad y el plan estrat\u00e9gico de comunicaci\u00f3n<\/strong> del grupo de investigaci\u00f3n dentro del marco del proyecto. Asimismo, ofrece <strong>apoyo en la organizaci\u00f3n y realizaci\u00f3n de reuniones transnacionales y en la organizaci\u00f3n, ejecuci\u00f3n y difusi\u00f3n de eventos multiplicadores<\/strong>. Trabajando en estrecha colaboraci\u00f3n con los grupos de investigaci\u00f3n de la UJI, la FUE contribuye a <strong>maximizar los resultados y el impacto de estos proyectos en el \u00e1mbito acad\u00e9mico y cient\u00edfico<\/strong>.<\/p><p class=\"p1\">Es importante destacar que la participaci\u00f3n de la FUE est\u00e1 condicionada a que el proyecto sea concedido y se considere que <strong>su participaci\u00f3n se ajusta a los intereses del grupo de investigaci\u00f3n.<\/strong> Adem\u00e1s, se requiere que haya una asignaci\u00f3n presupuestaria dentro del proyecto y que los gastos sean elegibles seg\u00fan las normativas del programa Erasmus+.<\/p>\t\t\t\t\t\t\t\t<\/div>\n\t\t\t\t<\/div>\n\t\t\t\t\t<\/div>\n\t\t<\/div>\n\t\t\t\t<div class=\"elementor-column elementor-col-50 elementor-top-column elementor-element elementor-element-1a9f9962\" data-id=\"1a9f9962\" data-element_type=\"column\" data-e-type=\"column\">\n\t\t\t<div class=\"elementor-widget-wrap elementor-element-populated\">\n\t\t\t\t\t\t<div class=\"elementor-element elementor-element-3e1dd028 elementor-widget elementor-widget-image\" data-id=\"3e1dd028\" data-element_type=\"widget\" data-e-type=\"widget\" data-settings=\"{&quot;motion_fx_motion_fx_scrolling&quot;:&quot;yes&quot;,&quot;motion_fx_translateY_effect&quot;:&quot;yes&quot;,&quot;motion_fx_translateY_speed&quot;:{&quot;unit&quot;:&quot;px&quot;,&quot;size&quot;:&quot;1&quot;,&quot;sizes&quot;:[]},&quot;motion_fx_translateY_affectedRange&quot;:{&quot;unit&quot;:&quot;%&quot;,&quot;size&quot;:&quot;&quot;,&quot;sizes&quot;:{&quot;start&quot;:0,&quot;end&quot;:100}},&quot;motion_fx_devices&quot;:[&quot;desktop&quot;,&quot;tablet&quot;,&quot;mobile&quot;]}\" data-widget_type=\"image.default\">\n\t\t\t\t<div class=\"elementor-widget-container\">\n\t\t\t\t\t\t\t\t\t\t\t\t\t\t\t<img decoding=\"async\" width=\"2354\" height=\"1824\" data-src=\"https:\/\/eurofue.com\/wp-content\/uploads\/2023\/09\/IMG_8357.jpg\" class=\"attachment-full size-full wp-image-8239 lazyload\" alt=\"\" data-srcset=\"https:\/\/eurofue.com\/wp-content\/uploads\/2023\/09\/IMG_8357.jpg 2354w, https:\/\/eurofue.com\/wp-content\/uploads\/2023\/09\/IMG_8357-300x232.jpg 300w, https:\/\/eurofue.com\/wp-content\/uploads\/2023\/09\/IMG_8357-1024x793.jpg 1024w, https:\/\/eurofue.com\/wp-content\/uploads\/2023\/09\/IMG_8357-768x595.jpg 768w, https:\/\/eurofue.com\/wp-content\/uploads\/2023\/09\/IMG_8357-1536x1190.jpg 1536w, https:\/\/eurofue.com\/wp-content\/uploads\/2023\/09\/IMG_8357-2048x1587.jpg 2048w, https:\/\/eurofue.com\/wp-content\/uploads\/2023\/09\/IMG_8357-15x12.jpg 15w\" data-sizes=\"(max-width: 2354px) 100vw, 2354px\" src=\"data:image\/svg+xml;base64,PHN2ZyB3aWR0aD0iMSIgaGVpZ2h0PSIxIiB4bWxucz0iaHR0cDovL3d3dy53My5vcmcvMjAwMC9zdmciPjwvc3ZnPg==\" style=\"--smush-placeholder-width: 2354px; --smush-placeholder-aspect-ratio: 2354\/1824;\" \/>\t\t\t\t\t\t\t\t\t\t\t\t\t\t\t<\/div>\n\t\t\t\t<\/div>\n\t\t\t\t\t<\/div>\n\t\t<\/div>\n\t\t\t\t\t<\/div>\n\t\t<\/section>\n\t\t\t\t<\/div>\n\t\t","protected":false},"excerpt":{"rendered":"<p>Erasmus+ Promoci\u00f3n, fomento y asistencia t\u00e9cnica a la UJI en proyectos Erasmus+ La FUE contribuye al desarrollo de iniciativas que promueven la cooperaci\u00f3n internacional, la innovaci\u00f3n y la excelencia en la educaci\u00f3n superior. Por ello, queremos destacar el importante papel que desempe\u00f1a la EuroFUE-UJI en la promoci\u00f3n, fomento y asistencia t\u00e9cnica a la Universitat Jaume [&hellip;]<\/p>\n","protected":false},"author":6,"featured_media":0,"parent":0,"menu_order":0,"comment_status":"closed","ping_status":"closed","template":"","meta":{"_monsterinsights_skip_tracking":false,"_monsterinsights_sitenote_active":false,"_monsterinsights_sitenote_note":"","_monsterinsights_sitenote_category":0,"footnotes":""},"class_list":["post-6105","page","type-page","status-publish","hentry"],"_links":{"self":[{"href":"https:\/\/eurofue.com\/ca\/wp-json\/wp\/v2\/pages\/6105","targetHints":{"allow":["GET"]}}],"collection":[{"href":"https:\/\/eurofue.com\/ca\/wp-json\/wp\/v2\/pages"}],"about":[{"href":"https:\/\/eurofue.com\/ca\/wp-json\/wp\/v2\/types\/page"}],"author":[{"embeddable":true,"href":"https:\/\/eurofue.com\/ca\/wp-json\/wp\/v2\/users\/6"}],"replies":[{"embeddable":true,"href":"https:\/\/eurofue.com\/ca\/wp-json\/wp\/v2\/comments?post=6105"}],"version-history":[{"count":3,"href":"https:\/\/eurofue.com\/ca\/wp-json\/wp\/v2\/pages\/6105\/revisions"}],"predecessor-version":[{"id":8941,"href":"https:\/\/eurofue.com\/ca\/wp-json\/wp\/v2\/pages\/6105\/revisions\/8941"}],"wp:attachment":[{"href":"https:\/\/eurofue.com\/ca\/wp-json\/wp\/v2\/media?parent=6105"}],"curies":[{"name":"wp","href":"https:\/\/api.w.org\/{rel}","templated":true}]}}