{"id":1455,"date":"2020-06-10T09:25:33","date_gmt":"2020-06-10T07:25:33","guid":{"rendered":"http:\/\/wp2.eurofue.articagency.eu\/?page_id=1455"},"modified":"2020-07-21T11:54:45","modified_gmt":"2020-07-21T09:54:45","slug":"europe-for-citizens-project","status":"publish","type":"page","link":"https:\/\/eurofue.com\/en\/europe-for-citizens-project\/","title":{"rendered":"Europe for Citizens"},"content":{"rendered":"<p>[et_pb_section fb_built=\u00bb1&#8243; _builder_version=\u00bb4.4.7&#8243;][et_pb_row _builder_version=\u00bb4.4.7&#8243;][et_pb_column type=\u00bb4_4&#8243; _builder_version=\u00bb4.4.7&#8243;][et_pb_text _builder_version=\u00bb4.4.7&#8243;]<\/p>\n<p class=\"p1\"><img decoding=\"async\" data-src=\"http:\/\/wp2.eurofue.articagency.eu\/wp-content\/uploads\/2020\/06\/europe-for-citizens.png\" width=\"307\" height=\"122\" alt=\"\" class=\"wp-image-833 alignnone size-full lazyload\" src=\"data:image\/svg+xml;base64,PHN2ZyB3aWR0aD0iMSIgaGVpZ2h0PSIxIiB4bWxucz0iaHR0cDovL3d3dy53My5vcmcvMjAwMC9zdmciPjwvc3ZnPg==\" style=\"--smush-placeholder-width: 307px; --smush-placeholder-aspect-ratio: 307\/122;\" \/><\/p>\n<h3 class=\"p1\"><span class=\"s2\"><b>Youth for the Future of Europe<br \/> <\/b><\/span><\/h3>\n<h3 class=\"p1\"><span class=\"s2\">Europe for Citizens 202<\/span><span class=\"s3\">0<\/span><\/h3>\n<p class=\"p2\" style=\"text-align: justify;\"><span class=\"s2\"><\/span><\/p>\n<p class=\"p2\" style=\"text-align: justify;\"><span class=\"s2\">El proyecto Youth for the Future of Europe, enmarcado en el programa Europe for Citizens, promover la cooperaci\u00f3n de j\u00f3venes para tomar parte en iniciativas europeas. La localidad de Patos (Albania) es el coordinador del proyecto, del que la FUE-UJI es socio. Durante su implementaci\u00f3n se llevar\u00e1n a cabo dos talleres formativos para j\u00f3venes espa\u00f1oles y albaneses en Castell\u00f3n y en Albania, respectivamente.<\/span><\/p>\n<p class=\"p2\" style=\"text-align: justify;\"><span class=\"s2\"><\/span><\/p>\n<p class=\"p2\" style=\"text-align: justify;\"><span class=\"s2\"><\/span><\/p>\n<h4 class=\"p2\"><span class=\"s2\"><span style=\"color: #003262;\"><strong>Coordinador<\/strong><\/span>: Bashkia Patos (Albania)<\/span><\/h4>\n<h4 class=\"p2\"><span class=\"s2\"><span style=\"color: #003262;\"><strong><\/strong><\/span><\/span><\/h4>\n<h4 class=\"p2\"><span class=\"s2\"><span style=\"color: #003262;\"><strong>Socios<\/strong>: <a href=\"http:\/\/www.fue.uji.es\/\" target=\"_blank\" rel=\"noopener noreferrer\">FUE-UJI<\/a> (Espa\u00f1a)<\/span><\/span><\/h4>\n<p>[\/et_pb_text][\/et_pb_column][\/et_pb_row][\/et_pb_section]<\/p>\n","protected":false},"excerpt":{"rendered":"<p>[et_pb_section fb_built=\u00bb1&#8243; _builder_version=\u00bb4.4.7&#8243;][et_pb_row _builder_version=\u00bb4.4.7&#8243;][et_pb_column type=\u00bb4_4&#8243; _builder_version=\u00bb4.4.7&#8243;][et_pb_text _builder_version=\u00bb4.4.7&#8243;] Youth for the Future of Europe Europe for Citizens 2020 El proyecto Youth for the Future of Europe, enmarcado en el programa Europe for Citizens, promover la cooperaci\u00f3n de j\u00f3venes para tomar parte en iniciativas europeas. La localidad de Patos (Albania) es el coordinador del proyecto, del que [&hellip;]<\/p>\n","protected":false},"author":2,"featured_media":0,"parent":0,"menu_order":0,"comment_status":"closed","ping_status":"closed","template":"","meta":{"_monsterinsights_skip_tracking":false,"_monsterinsights_sitenote_active":false,"_monsterinsights_sitenote_note":"","_monsterinsights_sitenote_category":0,"footnotes":""},"class_list":["post-1455","page","type-page","status-publish","hentry"],"_links":{"self":[{"href":"https:\/\/eurofue.com\/en\/wp-json\/wp\/v2\/pages\/1455","targetHints":{"allow":["GET"]}}],"collection":[{"href":"https:\/\/eurofue.com\/en\/wp-json\/wp\/v2\/pages"}],"about":[{"href":"https:\/\/eurofue.com\/en\/wp-json\/wp\/v2\/types\/page"}],"author":[{"embeddable":true,"href":"https:\/\/eurofue.com\/en\/wp-json\/wp\/v2\/users\/2"}],"replies":[{"embeddable":true,"href":"https:\/\/eurofue.com\/en\/wp-json\/wp\/v2\/comments?post=1455"}],"version-history":[{"count":0,"href":"https:\/\/eurofue.com\/en\/wp-json\/wp\/v2\/pages\/1455\/revisions"}],"wp:attachment":[{"href":"https:\/\/eurofue.com\/en\/wp-json\/wp\/v2\/media?parent=1455"}],"curies":[{"name":"wp","href":"https:\/\/api.w.org\/{rel}","templated":true}]}}