{"id":2659,"date":"2020-09-02T13:10:15","date_gmt":"2020-09-02T11:10:15","guid":{"rendered":"http:\/\/www.eurofue.articagency.eu\/?page_id=2659"},"modified":"2021-06-30T15:19:17","modified_gmt":"2021-06-30T13:19:17","slug":"breakfasts-europe-2027","status":"publish","type":"page","link":"https:\/\/eurofue.com\/en\/desayunos-europa-2027\/","title":{"rendered":"Business breakfasts: Europe 2027"},"content":{"rendered":"<p>[et_pb_section fb_built=\u00bb1&#8243; _builder_version=\u00bb4.5.7&#8243; _module_preset=\u00bbdefault\u00bb][et_pb_row _builder_version=\u00bb4.5.7&#8243; _module_preset=\u00bbdefault\u00bb][et_pb_column type=\u00bb4_4&#8243; _builder_version=\u00bb4.5.7&#8243; _module_preset=\u00bbdefault\u00bb][et_pb_image src=\u00bbhttp:\/\/www.eurofue.articagency.eu\/wp-content\/uploads\/2020\/09\/banner-web-desayunos-europa-1-v1-2.jpg\u00bb align=\u00bbcenter\u00bb _builder_version=\u00bb4.5.7&#8243; _module_preset=\u00bbdefault\u00bb][\/et_pb_image][\/et_pb_column][\/et_pb_row][et_pb_row _builder_version=\u00bb4.5.7&#8243; _module_preset=\u00bbdefault\u00bb][et_pb_column type=\u00bb4_4&#8243; _builder_version=\u00bb4.5.7&#8243; _module_preset=\u00bbdefault\u00bb][et_pb_text _builder_version=\u00bb4.5.7&#8243; _module_preset=\u00bbdefault\u00bb]<\/p>\n<p>La Oficina de Proyectos Europeos e Internacionales de la FUE-UJI ha presentado la nueva\u00a0iniciativa <a href=\"https:\/\/www.fue.uji.es\/fundacion\/patronos\"><strong>dirigida a sus patronos<\/strong><\/a>, los <strong>Desayunos de trabajo: Europa 2027<\/strong>. Esta acci\u00f3n tendr\u00e1\u00a0comienzo en septiembre y consistir\u00e1 en una cita mensual en la que se facilitar\u00e1 informaci\u00f3n de\u00a0primera mano sobre los nuevos mecanismos de financiaci\u00f3n y subvenciones de la UE, dirigidos\u00a0tanto a empresas como a entidades p\u00fablicas. Entre las tem\u00e1ticas que se tratar\u00e1n se encuentran\u00a0los Fondos Europeos para el per\u00edodo 2021 -2027, el programa Innovation Fund, Green Deal, EIC\u00a0Accelerator, Horizon Europe, Buenas Pr\u00e1cticas Europeas, Iniciativa Urbana Europea y Programa Europa Digital.\u00a0<\/p>\n<p>[\/et_pb_text][\/et_pb_column][\/et_pb_row][\/et_pb_section][et_pb_section fb_built=\u00bb1&#8243; _builder_version=\u00bb4.4.7&#8243; custom_padding=\u00bb0px|||||\u00bb][et_pb_row column_structure=\u00bb1_3,1_3,1_3&#8243; _builder_version=\u00bb4.5.7&#8243; min_height=\u00bb488px\u00bb box_shadow_style=\u00bbpreset1&#8243;][et_pb_column type=\u00bb1_3&#8243; _builder_version=\u00bb4.4.7&#8243;][et_pb_text _builder_version=\u00bb4.5.7&#8243; header_font=\u00bbMontserrat||||||||\u00bb header_text_color=\u00bb#003262&#8243; link_option_url=\u00bbhttp:\/\/www.eurofue.articagency.eu\/presentacion-desayunos-europa\/\u00bb]<\/p>\n<h3 style=\"text-align: center;\">Presentaci\u00f3n desayunos de trabajo: europa 2027<\/h3>\n<p>[\/et_pb_text][et_pb_divider _builder_version=\u00bb4.4.7&#8243; custom_margin=\u00bb-30px|||||\u00bb][\/et_pb_divider][et_pb_gallery gallery_ids=\u00bb2876,2978,2966,2968&#8243; fullwidth=\u00bbon\u00bb _builder_version=\u00bb4.5.7&#8243; _module_preset=\u00bbdefault\u00bb link_option_url=\u00bbhttp:\/\/www.eurofue.articagency.eu\/presentacion-desayunos-europa\/\u00bb][\/et_pb_gallery][et_pb_cta title=\u00bb30 SEPTIEMBRE 2020&#8243; button_text=\u00bbClics\u00bb _builder_version=\u00bb4.5.7&#8243; _module_preset=\u00bbdefault\u00bb header_font_size=\u00bb21px\u00bb background_color=\u00bb#081b93&#8243; width=\u00bb100%\u00bb min_height=\u00bb77px\u00bb custom_margin=\u00bb||-30px|||\u00bb custom_padding=\u00bb||0px|||\u00bb link_option_url=\u00bbhttp:\/\/www.eurofue.articagency.eu\/presentacion-desayunos-europa\/\u00bb][\/et_pb_cta][\/et_pb_column][et_pb_column type=\u00bb1_3&#8243; _builder_version=\u00bb4.4.7&#8243;][et_pb_text _builder_version=\u00bb4.5.7&#8243; header_font=\u00bbMontserrat||||||||\u00bb header_text_color=\u00bb#003262&#8243; min_height=\u00bb49px\u00bb link_option_url=\u00bbhttp:\/\/www.eurofue.articagency.eu\/innovation-fund\/\u00bb]<\/p>\n<h3 style=\"text-align: center;\">INNOVATION FUND<\/h3>\n<p>[\/et_pb_text][et_pb_divider _builder_version=\u00bb4.4.7&#8243; min_height=\u00bb6px\u00bb custom_margin=\u00bb-35px|||||\u00bb][\/et_pb_divider][et_pb_gallery gallery_ids=\u00bb3045,2694,3041,3065,3049,3063&#8243; fullwidth=\u00bbon\u00bb _builder_version=\u00bb4.5.7&#8243; _module_preset=\u00bbdefault\u00bb link_option_url=\u00bbhttp:\/\/www.eurofue.articagency.eu\/innovation-fund\/\u00bb][\/et_pb_gallery][et_pb_cta title=\u00bb21 OCTUBRE 2020&#8243; button_text=\u00bbClics\u00bb _builder_version=\u00bb4.5.7&#8243; _module_preset=\u00bbdefault\u00bb header_font_size=\u00bb21px\u00bb background_color=\u00bb#081b93&#8243; min_height=\u00bb28px\u00bb custom_margin=\u00bb47px||-35px|||\u00bb custom_padding=\u00bb||0px|||\u00bb link_option_url=\u00bbhttp:\/\/www.eurofue.articagency.eu\/innovation-fund\/\u00bb][\/et_pb_cta][\/et_pb_column][et_pb_column type=\u00bb1_3&#8243; _builder_version=\u00bb4.4.7&#8243;][et_pb_text _builder_version=\u00bb4.5.7&#8243; header_font=\u00bbMontserrat||||||||\u00bb header_text_color=\u00bb#003262&#8243; min_height=\u00bb50px\u00bb link_option_url=\u00bbhttp:\/\/www.eurofue.articagency.eu\/eu-green-deal\/\u00bb]<\/p>\n<h3 style=\"text-align: center;\">GREEN DEAL<\/h3>\n<p>[\/et_pb_text][et_pb_divider _builder_version=\u00bb4.4.7&#8243; custom_margin=\u00bb-40px|||||\u00bb][\/et_pb_divider][et_pb_gallery gallery_ids=\u00bb3250,3248,3262,3258&#8243; fullwidth=\u00bbon\u00bb _builder_version=\u00bb4.6.6&#8243; _module_preset=\u00bbdefault\u00bb custom_margin=\u00bb||60px|||\u00bb link_option_url=\u00bbhttp:\/\/www.eurofue.articagency.eu\/eu-green-deal\/\u00bb][\/et_pb_gallery][et_pb_cta title=\u00bb18 NOVIEMBRE 2020&#8243; button_text=\u00bbClics\u00bb _builder_version=\u00bb4.5.7&#8243; _module_preset=\u00bbdefault\u00bb header_font_size=\u00bb21px\u00bb background_color=\u00bb#081b93&#8243; min_height=\u00bb31px\u00bb custom_margin=\u00bb0px||-35px|||\u00bb custom_padding=\u00bb||0px|||\u00bb link_option_url=\u00bbhttp:\/\/www.eurofue.articagency.eu\/eu-green-deal\/\u00bb][\/et_pb_cta][\/et_pb_column][\/et_pb_row][et_pb_row column_structure=\u00bb1_3,1_3,1_3&#8243; _builder_version=\u00bb4.5.7&#8243; min_height=\u00bb351px\u00bb custom_margin=\u00bb70px||||false|false\u00bb custom_padding=\u00bb||32px|||\u00bb box_shadow_style=\u00bbpreset1&#8243;][et_pb_column type=\u00bb1_3&#8243; _builder_version=\u00bb4.4.7&#8243;][et_pb_text _builder_version=\u00bb4.5.7&#8243; header_font=\u00bbMontserrat||||||||\u00bb header_text_color=\u00bb#003262&#8243; link_option_url=\u00bbhttp:\/\/www.eurofue.articagency.eu\/eic-accelerator\/\u00bb]<\/p>\n<h3 style=\"text-align: center;\">EIC ACCELERATOR<\/h3>\n<p>[\/et_pb_text][et_pb_divider _builder_version=\u00bb4.4.7&#8243;][\/et_pb_divider][et_pb_gallery gallery_ids=\u00bb3434,3418,2787,3452,3414,3424,2876&#8243; fullwidth=\u00bbon\u00bb _builder_version=\u00bb4.6.6&#8243; _module_preset=\u00bbdefault\u00bb link_option_url=\u00bbhttp:\/\/www.eurofue.articagency.eu\/eic-accelerator\/\u00bb][\/et_pb_gallery][et_pb_cta title=\u00bb16 DICIEMBRE 2020&#8243; button_text=\u00bbClics\u00bb _builder_version=\u00bb4.5.7&#8243; _module_preset=\u00bbdefault\u00bb header_font_size=\u00bb21px\u00bb background_color=\u00bb#081b93&#8243; min_height=\u00bb77px\u00bb custom_margin=\u00bb-20px||-35px|||\u00bb custom_padding=\u00bb||0px|||\u00bb link_option_url=\u00bbhttp:\/\/www.eurofue.articagency.eu\/eic-accelerator\/\u00bb][\/et_pb_cta][et_pb_divider color=\u00bb#ffffff\u00bb divider_style=\u00bbnone\u00bb _builder_version=\u00bb4.4.7&#8243;][\/et_pb_divider][\/et_pb_column][et_pb_column type=\u00bb1_3&#8243; _builder_version=\u00bb4.4.7&#8243;][et_pb_text _builder_version=\u00bb4.5.7&#8243; header_font=\u00bbMontserrat||||||||\u00bb header_text_color=\u00bb#003262&#8243; link_option_url=\u00bbhttp:\/\/www.eurofue.articagency.eu\/horizon-europe\/\u00bb]<\/p>\n<h3 style=\"text-align: center;\">HORIZON EUROPE<\/h3>\n<p>[\/et_pb_text][et_pb_divider _builder_version=\u00bb4.4.7&#8243;][\/et_pb_divider][et_pb_gallery gallery_ids=\u00bb3779,3785,2794,3775,3771,2876&#8243; fullwidth=\u00bbon\u00bb _builder_version=\u00bb4.8.1&#8243; _module_preset=\u00bbdefault\u00bb min_height=\u00bb317px\u00bb custom_margin=\u00bb||-93px|||\u00bb custom_padding=\u00bb4px||0px|||\u00bb link_option_url=\u00bbhttp:\/\/www.eurofue.articagency.eu\/horizon-europe\/\u00bb][\/et_pb_gallery][et_pb_cta title=\u00bb17 febrero 2021&#8243; button_text=\u00bbClics\u00bb _builder_version=\u00bb4.5.7&#8243; _module_preset=\u00bbdefault\u00bb header_font_size=\u00bb21px\u00bb background_color=\u00bb#081b93&#8243; min_height=\u00bb56px\u00bb custom_margin=\u00bb39px||-35px||false|false\u00bb custom_padding=\u00bb43px||0px|||\u00bb link_option_url=\u00bbhttp:\/\/www.eurofue.articagency.eu\/horizon-europe\/\u00bb][\/et_pb_cta][\/et_pb_column][et_pb_column type=\u00bb1_3&#8243; _builder_version=\u00bb4.4.7&#8243;][et_pb_text _builder_version=\u00bb4.5.7&#8243; header_font=\u00bbMontserrat||||||||\u00bb header_text_color=\u00bb#003262&#8243; custom_margin=\u00bb||9px|||\u00bb link_option_url=\u00bbhttp:\/\/www.eurofue.articagency.eu\/fondos-europeos\/\u00bb]<\/p>\n<h3 style=\"text-align: center;\">FONDOS EUROPEOS PARA EL PER\u00cdODO 2021-2027<\/h3>\n<p>[\/et_pb_text][et_pb_divider _builder_version=\u00bb4.4.7&#8243;][\/et_pb_divider][et_pb_gallery gallery_ids=\u00bb3967,3961,3965,3975,3977&#8243; fullwidth=\u00bbon\u00bb _builder_version=\u00bb4.9.2&#8243; _module_preset=\u00bbdefault\u00bb link_option_url=\u00bbhttp:\/\/www.eurofue.articagency.eu\/fondos-europeos\/\u00bb][\/et_pb_gallery][et_pb_cta title=\u00bb17 marzo 2021&#8243; button_text=\u00bbClics\u00bb _builder_version=\u00bb4.5.7&#8243; _module_preset=\u00bbdefault\u00bb header_font_size=\u00bb21px\u00bb background_color=\u00bb#081b93&#8243; min_height=\u00bb77px\u00bb custom_margin=\u00bb-25px||-35px||false|false\u00bb custom_padding=\u00bb||0px|||\u00bb link_option_url=\u00bbhttp:\/\/www.eurofue.articagency.eu\/fondos-europeos\/\u00bb][\/et_pb_cta][\/et_pb_column][\/et_pb_row][et_pb_row column_structure=\u00bb1_3,1_3,1_3&#8243; _builder_version=\u00bb4.5.7&#8243; min_height=\u00bb351px\u00bb custom_margin=\u00bb70px||||false|false\u00bb custom_padding=\u00bb||32px|||\u00bb box_shadow_style=\u00bbpreset1&#8243;][et_pb_column type=\u00bb1_3&#8243; _builder_version=\u00bb4.4.7&#8243;][et_pb_text _builder_version=\u00bb4.8.1&#8243; header_font=\u00bbMontserrat||||||||\u00bb header_text_color=\u00bb#003262&#8243; link_option_url=\u00bbhttp:\/\/www.eurofue.articagency.eu\/buenas-practicas-europeas\/\u00bb]<\/p>\n<h3 style=\"text-align: center;\">BUENAS PR\u00c1CTICAS EUROPEAS<\/h3>\n<p>[\/et_pb_text][et_pb_divider _builder_version=\u00bb4.4.7&#8243;][\/et_pb_divider][et_pb_gallery gallery_ids=\u00bb4118,4120,4126,4130,4134,2876,2692&#8243; fullwidth=\u00bbon\u00bb _builder_version=\u00bb4.9.2&#8243; _module_preset=\u00bbdefault\u00bb link_option_url=\u00bbhttp:\/\/www.eurofue.articagency.eu\/buenas-practicas-europeas\/\u00bb][\/et_pb_gallery][et_pb_cta title=\u00bb21 ABRIL 2021&#8243; button_text=\u00bbClics\u00bb _builder_version=\u00bb4.8.1&#8243; _module_preset=\u00bbdefault\u00bb header_font_size=\u00bb21px\u00bb background_color=\u00bb#081b93&#8243; min_height=\u00bb77px\u00bb custom_margin=\u00bb-20px||-35px|||\u00bb custom_padding=\u00bb||0px|||\u00bb link_option_url=\u00bbhttp:\/\/www.eurofue.articagency.eu\/buenas-practicas-europeas\/\u00bb][\/et_pb_cta][et_pb_divider color=\u00bb#ffffff\u00bb divider_style=\u00bbnone\u00bb _builder_version=\u00bb4.4.7&#8243;][\/et_pb_divider][\/et_pb_column][et_pb_column type=\u00bb1_3&#8243; _builder_version=\u00bb4.4.7&#8243;][et_pb_text _builder_version=\u00bb4.8.1&#8243; header_font=\u00bbMontserrat||||||||\u00bb header_text_color=\u00bb#003262&#8243; link_option_url=\u00bbhttp:\/\/www.eurofue.articagency.eu\/iniciativa-urbana-europea\/\u00bb]<\/p>\n<h3 style=\"text-align: center;\">INICIATIVA URBANA EUROPEA<\/h3>\n<p>[\/et_pb_text][et_pb_divider _builder_version=\u00bb4.4.7&#8243;][\/et_pb_divider][et_pb_gallery gallery_ids=\u00bb4227,4203,4205,4229,4221,4197&#8243; fullwidth=\u00bbon\u00bb _builder_version=\u00bb4.9.4&#8243; _module_preset=\u00bbdefault\u00bb min_height=\u00bb317px\u00bb custom_margin=\u00bb||-53px|||\u00bb custom_padding=\u00bb4px||77px|||\u00bb link_option_url=\u00bbhttp:\/\/www.eurofue.articagency.eu\/iniciativa-urbana-europea\/\u00bb][\/et_pb_gallery][et_pb_cta title=\u00bb19 MAYO 2021&#8243; button_text=\u00bbClics\u00bb _builder_version=\u00bb4.8.1&#8243; _module_preset=\u00bbdefault\u00bb header_font_size=\u00bb21px\u00bb background_color=\u00bb#081b93&#8243; min_height=\u00bb56px\u00bb custom_margin=\u00bb-37px||-35px||false|false\u00bb custom_padding=\u00bb43px||0px|||\u00bb link_option_url=\u00bbhttp:\/\/www.eurofue.articagency.eu\/iniciativa-urbana-europea\/\u00bb][\/et_pb_cta][\/et_pb_column][et_pb_column type=\u00bb1_3&#8243; _builder_version=\u00bb4.4.7&#8243;][et_pb_text _builder_version=\u00bb4.9.4&#8243; header_font=\u00bbMontserrat||||||||\u00bb header_text_color=\u00bb#003262&#8243; custom_margin=\u00bb||9px|||\u00bb link_option_url=\u00bbhttp:\/\/www.eurofue.articagency.eu\/programa-europa-digital-2021-2027\/\u00bb]<\/p>\n<h3 style=\"text-align: center;\">PROGRAMA EUROPA DIGITAL 2021-2027<\/h3>\n<p>[\/et_pb_text][et_pb_divider _builder_version=\u00bb4.4.7&#8243;][\/et_pb_divider][et_pb_gallery gallery_ids=\u00bb4321,4323,4325,4327,4329,4331,4333,4335&#8243; fullwidth=\u00bbon\u00bb _builder_version=\u00bb4.9.7&#8243; _module_preset=\u00bbdefault\u00bb link_option_url=\u00bbhttp:\/\/www.eurofue.articagency.eu\/programa-europa-digital-2021-2027\/\u00bb hover_enabled=\u00bb0&#8243; sticky_enabled=\u00bb0&#8243;][\/et_pb_gallery][et_pb_cta title=\u00bb30 JUNIO 2021&#8243; button_text=\u00bbClics\u00bb _builder_version=\u00bb4.9.4&#8243; _module_preset=\u00bbdefault\u00bb header_font_size=\u00bb21px\u00bb background_color=\u00bb#081b93&#8243; min_height=\u00bb77px\u00bb custom_margin=\u00bb46px||-35px||false|false\u00bb custom_padding=\u00bb||0px|||\u00bb link_option_url=\u00bbhttp:\/\/www.eurofue.articagency.eu\/programa-europa-digital-2021-2027\/\u00bb][\/et_pb_cta][\/et_pb_column][\/et_pb_row][et_pb_row _builder_version=\u00bb4.5.7&#8243; _module_preset=\u00bbdefault\u00bb][et_pb_column type=\u00bb4_4&#8243; _builder_version=\u00bb4.5.7&#8243; _module_preset=\u00bbdefault\u00bb][et_pb_post_slider posts_number=\u00bb10&#8243; include_categories=\u00bb56&#8243; _builder_version=\u00bb4.5.7&#8243; _module_preset=\u00bbdefault\u00bb][\/et_pb_post_slider][\/et_pb_column][\/et_pb_row][et_pb_row _builder_version=\u00bb4.5.7&#8243; _module_preset=\u00bbdefault\u00bb][et_pb_column type=\u00bb4_4&#8243; _builder_version=\u00bb4.5.7&#8243; _module_preset=\u00bbdefault\u00bb][et_pb_cta button_url=\u00bbhttp:\/\/www.eurofue.articagency.eu\/contacto\/\u00bb button_text=\u00bbContacta con EuroFUE-UJI\u00bb _builder_version=\u00bb4.5.7&#8243; _module_preset=\u00bbdefault\u00bb header_text_color=\u00bb#0c71c3&#8243; body_text_color=\u00bb#083c64&#8243; background_enable_color=\u00bboff\u00bb background_layout=\u00bblight\u00bb][\/et_pb_cta][\/et_pb_column][\/et_pb_row][\/et_pb_section]<\/p>\n","protected":false},"excerpt":{"rendered":"<p>[et_pb_section fb_built=\u00bb1&#8243; _builder_version=\u00bb4.5.7&#8243; _module_preset=\u00bbdefault\u00bb][et_pb_row _builder_version=\u00bb4.5.7&#8243; _module_preset=\u00bbdefault\u00bb][et_pb_column type=\u00bb4_4&#8243; _builder_version=\u00bb4.5.7&#8243; _module_preset=\u00bbdefault\u00bb][et_pb_image src=\u00bbhttp:\/\/www.eurofue.articagency.eu\/wp-content\/uploads\/2020\/09\/banner-web-desayunos-europa-1-v1-2.jpg\u00bb align=\u00bbcenter\u00bb _builder_version=\u00bb4.5.7&#8243; _module_preset=\u00bbdefault\u00bb][\/et_pb_image][\/et_pb_column][\/et_pb_row][et_pb_row _builder_version=\u00bb4.5.7&#8243; _module_preset=\u00bbdefault\u00bb][et_pb_column type=\u00bb4_4&#8243; _builder_version=\u00bb4.5.7&#8243; _module_preset=\u00bbdefault\u00bb][et_pb_text _builder_version=\u00bb4.5.7&#8243; _module_preset=\u00bbdefault\u00bb] La Oficina de Proyectos Europeos e Internacionales de la FUE-UJI ha presentado la nueva\u00a0iniciativa dirigida a sus patronos, los Desayunos de trabajo: Europa 2027. Esta acci\u00f3n tendr\u00e1\u00a0comienzo en septiembre y consistir\u00e1 en una cita mensual [&hellip;]<\/p>\n","protected":false},"author":5,"featured_media":0,"parent":0,"menu_order":0,"comment_status":"closed","ping_status":"closed","template":"","meta":{"_monsterinsights_skip_tracking":false,"_monsterinsights_sitenote_active":false,"_monsterinsights_sitenote_note":"","_monsterinsights_sitenote_category":0,"footnotes":""},"class_list":["post-2659","page","type-page","status-publish","hentry"],"_links":{"self":[{"href":"https:\/\/eurofue.com\/en\/wp-json\/wp\/v2\/pages\/2659","targetHints":{"allow":["GET"]}}],"collection":[{"href":"https:\/\/eurofue.com\/en\/wp-json\/wp\/v2\/pages"}],"about":[{"href":"https:\/\/eurofue.com\/en\/wp-json\/wp\/v2\/types\/page"}],"author":[{"embeddable":true,"href":"https:\/\/eurofue.com\/en\/wp-json\/wp\/v2\/users\/5"}],"replies":[{"embeddable":true,"href":"https:\/\/eurofue.com\/en\/wp-json\/wp\/v2\/comments?post=2659"}],"version-history":[{"count":0,"href":"https:\/\/eurofue.com\/en\/wp-json\/wp\/v2\/pages\/2659\/revisions"}],"wp:attachment":[{"href":"https:\/\/eurofue.com\/en\/wp-json\/wp\/v2\/media?parent=2659"}],"curies":[{"name":"wp","href":"https:\/\/api.w.org\/{rel}","templated":true}]}}