{"id":2806,"date":"2020-09-02T12:31:50","date_gmt":"2020-09-02T10:31:50","guid":{"rendered":"http:\/\/www.eurofue.articagency.eu\/?page_id=2806"},"modified":"2021-02-16T14:46:24","modified_gmt":"2021-02-16T13:46:24","slug":"eic-accelerator","status":"publish","type":"page","link":"https:\/\/eurofue.com\/en\/eic-accelerator\/","title":{"rendered":"EIC Accelerator"},"content":{"rendered":"<p>[et_pb_section fb_built=\u00bb1&#8243; _builder_version=\u00bb4.4.7&#8243;][et_pb_row _builder_version=\u00bb4.5.7&#8243;][et_pb_column type=\u00bb4_4&#8243; _builder_version=\u00bb4.4.7&#8243;][et_pb_image src=\u00bbhttp:\/\/www.eurofue.articagency.eu\/wp-content\/uploads\/2020\/09\/eic.png\u00bb title_text=\u00bbeic\u00bb _builder_version=\u00bb4.5.7&#8243; _module_preset=\u00bbdefault\u00bb custom_margin=\u00bb||37px|300px|false|false\u00bb][\/et_pb_image][et_pb_cta title=\u00bb16 diciembre 2020&#8243; button_text=\u00bbClics\u00bb _builder_version=\u00bb4.5.7&#8243; _module_preset=\u00bbdefault\u00bb background_color=\u00bb#00208a\u00bb width=\u00bb27.2%\u00bb custom_margin=\u00bb13px|97px|20px|0px|false|false\u00bb custom_padding=\u00bb|35px|0px|43px||\u00bb][\/et_pb_cta][et_pb_text _builder_version=\u00bb4.5.7&#8243;]<\/p>\n<p class=\"p1\">El EIC Accelerator se basa en el Instrumento PYME Fase II y proporciona apoyo tanto de subvenci\u00f3n como en forma de financiaci\u00f3n combinada de subvenci\u00f3n (entre 0,5 y 2,5 m\u20ac) y capital (hasta 15 m\u20ac).<\/p>\n<p class=\"p1\">Este instrumento tiene como objetivo apoyar a las peque\u00f1as y medianas empresas innovadoras de alto riesgo y potencial que deseen desarrollar y comercializar nuevos productos, servicios y modelos comerciales, que puedan impulsar el crecimiento econ\u00f3mico y dar forma a nuevos mercados o alterar los existentes en Europa y en todo el mundo.<\/p>\n<p class=\"p1\">El Fondo EIC apoyar\u00e1 diferentes tipos de innovaci\u00f3n, incluida tecnolog\u00eda avanzada que presentan un intenso contenido de I + D con interacciones entre campos tecnol\u00f3gicos distintos y que requieren niveles significativos de capital dado el alto riesgo involucrado, compensado por un potencial de ganancia muy alto.<\/p>\n<p class=\"p3\"><span class=\"s2\"><\/span><\/p>\n<p>[\/et_pb_text][et_pb_cta button_text=\u00bbClics\u00bb _builder_version=\u00bb4.8.1&#8243; _module_preset=\u00bbdefault\u00bb background_color=\u00bb#00208a\u00bb width=\u00bb27.2%\u00bb custom_margin=\u00bb13px|97px|20px|0px|false|false\u00bb custom_padding=\u00bb|35px|0px|43px||\u00bb hover_enabled=\u00bb0&#8243; body_font_size=\u00bb17px\u00bb sticky_enabled=\u00bb0&#8243;]<\/p>\n<p><strong><a href=\"http:\/\/www.eurofue.articagency.eu\/wp-content\/uploads\/2021\/02\/Programa-EIC-Accelerator.docx-1-1.pdf\" rel=\"attachment wp-att-3745 noopener noreferrer\" target=\"_blank\">DESCARGA EL PROGRAMA<\/a><\/strong><\/p>\n<p>[\/et_pb_cta][\/et_pb_column][\/et_pb_row][et_pb_row column_structure=\u00bb1_2,1_2&#8243; _builder_version=\u00bb4.5.7&#8243; _module_preset=\u00bbdefault\u00bb][et_pb_column type=\u00bb1_2&#8243; _builder_version=\u00bb4.5.7&#8243; _module_preset=\u00bbdefault\u00bb][et_pb_gallery gallery_ids=\u00bb3418,3424,3420,3422,3428,3426,2787,2687,3406,3408,3410,3412,3414,3416&#8243; fullwidth=\u00bbon\u00bb _builder_version=\u00bb4.6.6&#8243; _module_preset=\u00bbdefault\u00bb][\/et_pb_gallery][\/et_pb_column][et_pb_column type=\u00bb1_2&#8243; _builder_version=\u00bb4.5.7&#8243; _module_preset=\u00bbdefault\u00bb][et_pb_gallery gallery_ids=\u00bb3446,3434,3448,3444,3430,3432,2876,3436,3438,3442,3440,2694,3452,3450&#8243; fullwidth=\u00bbon\u00bb _builder_version=\u00bb4.6.6&#8243; _module_preset=\u00bbdefault\u00bb][\/et_pb_gallery][\/et_pb_column][\/et_pb_row][et_pb_row _builder_version=\u00bb4.8.1&#8243; _module_preset=\u00bbdefault\u00bb][et_pb_column type=\u00bb4_4&#8243; _builder_version=\u00bb4.8.1&#8243; _module_preset=\u00bbdefault\u00bb][et_pb_post_slider include_categories=\u00bb87&#8243; _builder_version=\u00bb4.8.1&#8243; _module_preset=\u00bbdefault\u00bb][\/et_pb_post_slider][\/et_pb_column][\/et_pb_row][\/et_pb_section]<\/p>\n","protected":false},"excerpt":{"rendered":"<p>[et_pb_section fb_built=\u00bb1&#8243; _builder_version=\u00bb4.4.7&#8243;][et_pb_row _builder_version=\u00bb4.5.7&#8243;][et_pb_column type=\u00bb4_4&#8243; _builder_version=\u00bb4.4.7&#8243;][et_pb_image src=\u00bbhttp:\/\/www.eurofue.articagency.eu\/wp-content\/uploads\/2020\/09\/eic.png\u00bb title_text=\u00bbeic\u00bb _builder_version=\u00bb4.5.7&#8243; _module_preset=\u00bbdefault\u00bb custom_margin=\u00bb||37px|300px|false|false\u00bb][\/et_pb_image][et_pb_cta title=\u00bb16 diciembre 2020&#8243; button_text=\u00bbClics\u00bb _builder_version=\u00bb4.5.7&#8243; _module_preset=\u00bbdefault\u00bb background_color=\u00bb#00208a\u00bb width=\u00bb27.2%\u00bb custom_margin=\u00bb13px|97px|20px|0px|false|false\u00bb custom_padding=\u00bb|35px|0px|43px||\u00bb][\/et_pb_cta][et_pb_text _builder_version=\u00bb4.5.7&#8243;] El EIC Accelerator se basa en el Instrumento PYME Fase II y proporciona apoyo tanto de subvenci\u00f3n como en forma de financiaci\u00f3n combinada de subvenci\u00f3n (entre 0,5 y 2,5 m\u20ac) y capital (hasta [&hellip;]<\/p>\n","protected":false},"author":5,"featured_media":0,"parent":0,"menu_order":0,"comment_status":"closed","ping_status":"closed","template":"","meta":{"_monsterinsights_skip_tracking":false,"_monsterinsights_sitenote_active":false,"_monsterinsights_sitenote_note":"","_monsterinsights_sitenote_category":0,"footnotes":""},"class_list":["post-2806","page","type-page","status-publish","hentry"],"_links":{"self":[{"href":"https:\/\/eurofue.com\/en\/wp-json\/wp\/v2\/pages\/2806","targetHints":{"allow":["GET"]}}],"collection":[{"href":"https:\/\/eurofue.com\/en\/wp-json\/wp\/v2\/pages"}],"about":[{"href":"https:\/\/eurofue.com\/en\/wp-json\/wp\/v2\/types\/page"}],"author":[{"embeddable":true,"href":"https:\/\/eurofue.com\/en\/wp-json\/wp\/v2\/users\/5"}],"replies":[{"embeddable":true,"href":"https:\/\/eurofue.com\/en\/wp-json\/wp\/v2\/comments?post=2806"}],"version-history":[{"count":0,"href":"https:\/\/eurofue.com\/en\/wp-json\/wp\/v2\/pages\/2806\/revisions"}],"wp:attachment":[{"href":"https:\/\/eurofue.com\/en\/wp-json\/wp\/v2\/media?parent=2806"}],"curies":[{"name":"wp","href":"https:\/\/api.w.org\/{rel}","templated":true}]}}