{"id":3524,"date":"2021-01-07T10:51:35","date_gmt":"2021-01-07T09:51:35","guid":{"rendered":"http:\/\/www.eurofue.articagency.eu\/?page_id=3524"},"modified":"2022-01-28T09:10:14","modified_gmt":"2022-01-28T08:10:14","slug":"europeaid","status":"publish","type":"page","link":"https:\/\/eurofue.com\/en\/europeaid\/","title":{"rendered":"Europaid"},"content":{"rendered":"<p>[et_pb_section fb_built=\u00bb1&#8243; _builder_version=\u00bb4.4.7&#8243; global_colors_info=\u00bb{}\u00bb][et_pb_row _builder_version=\u00bb4.4.7&#8243; global_colors_info=\u00bb{}\u00bb][et_pb_column type=\u00bb4_4&#8243; _builder_version=\u00bb4.4.7&#8243; global_colors_info=\u00bb{}\u00bb][et_pb_text _builder_version=\u00bb4.9.10&#8243; global_colors_info=\u00bb{}\u00bb]<\/p>\n<p class=\"p1\"><img fetchpriority=\"high\" decoding=\"async\" src=\"http:\/\/www.eurofue.articagency.eu\/wp-content\/uploads\/2021\/09\/logotipo-ecomaya-1-300x232.png\" width=\"300\" height=\"232\" alt=\"\" class=\"wp-image-4585 alignnone size-medium\" srcset=\"https:\/\/eurofue.com\/wp-content\/uploads\/2021\/09\/logotipo-ecomaya-1-300x232.png 300w, https:\/\/eurofue.com\/wp-content\/uploads\/2021\/09\/logotipo-ecomaya-1-768x593.png 768w, https:\/\/eurofue.com\/wp-content\/uploads\/2021\/09\/logotipo-ecomaya-1-480x371.png 480w, https:\/\/eurofue.com\/wp-content\/uploads\/2021\/09\/logotipo-ecomaya-1.png 792w\" sizes=\"(max-width: 300px) 100vw, 300px\" \/><br \/><span style=\"color: #003262; font-family: 'Josefin Sans', Helvetica, Arial, Lucida, sans-serif; font-size: 16px; text-transform: uppercase;\">Emprendimiento ap\u00edcola y econom\u00eda circular para empoderar a las mujeres y sus familias<\/span><\/p>\n<h3 class=\"p1\"><span style=\"font-size: 16px;\">Europeaid<\/span><\/h3>\n<p>EuropeAid\/169021\/DD\/ACT\/<br \/><span style=\"font-size: 14px;\">Enero 2021-Diciembre 2023<\/span><\/p>\n<p class=\"p2\" style=\"text-align: justify;\"><span class=\"s2\">La FUE-UJI es socio en el proyecto de la convocatoria EuropeAid con Argentina que tiene como objetivo promover el emprendimiento a trav\u00e9s de un programa de microcr\u00e9ditos entre mujeres con experiencia en diferentes \u00e1mbitos que les permitan desarrollar toda una red de empresas basadas en econom\u00eda circular alrededor de la producci\u00f3n ap\u00edcola.<\/span><\/p>\n<h4 class=\"p2\"><span class=\"s2\"><span style=\"color: #003262;\"><strong>Coordinador<\/strong><\/span>: Red de T\u00e9cnicos y Profesionales de la Emilia Romagana- PROTER (Argentina)<\/span><\/h4>\n<p>&nbsp;<\/p>\n<h4 class=\"p2\"><span class=\"s2\"><span style=\"color: #003262;\"><strong>Socios<\/strong>:<\/span><\/span><\/h4>\n<p>Fundaci\u00f3n Universitat Jaume I- Empresa (FUE-UJI) (Espa\u00f1a)<\/p>\n<p>SOGRES-UJI (Espa\u00f1a)<\/p>\n<p class=\"gmail-p2\"><span class=\"gmail-s2\"><img decoding=\"async\" data-src=\"https:\/\/i.pinimg.com\/originals\/5f\/80\/e5\/5f80e54442e7218179ac64325555bbbc.png\" alt=\"Resultado de imagen para pagina web icono | Iconos, Pagina web\" width=\"34\" height=\"34\" src=\"data:image\/svg+xml;base64,PHN2ZyB3aWR0aD0iMSIgaGVpZ2h0PSIxIiB4bWxucz0iaHR0cDovL3d3dy53My5vcmcvMjAwMC9zdmciPjwvc3ZnPg==\" class=\"lazyload\" style=\"--smush-placeholder-width: 34px; --smush-placeholder-aspect-ratio: 34\/34;\" \/> <a href=\"www.ecomaya.com.ar\">www.ecomaya.com.ar<\/a><\/span><\/p>\n<p class=\"gmail-p2\"><strong style=\"font-size: 14px;\"><img decoding=\"async\" data-src=\"https:\/\/i.pinimg.com\/originals\/b3\/26\/b5\/b326b5f8d23cd1e0f18df4c9265416f7.png\" alt=\"Download Facebook Icon vector (.EPS + .AI | \u00cdcones de m\u00eddia social ...\" width=\"32\" height=\"32\" src=\"data:image\/svg+xml;base64,PHN2ZyB3aWR0aD0iMSIgaGVpZ2h0PSIxIiB4bWxucz0iaHR0cDovL3d3dy53My5vcmcvMjAwMC9zdmciPjwvc3ZnPg==\" class=\"lazyload\" style=\"--smush-placeholder-width: 32px; --smush-placeholder-aspect-ratio: 32\/32;\" \/><a href=\"https:\/\/www.facebook.com\/proyecto.ECOMAyA\">@proyecto.ECOMAyA<\/a><\/strong><\/p>\n<p class=\"gmail-p2\"><strong style=\"font-size: 14px;\"><img decoding=\"async\" data-src=\"https:\/\/images.vexels.com\/media\/users\/3\/137419\/isolated\/preview\/b1a3fab214230557053ed1c4bf17b46c-icono-de-twitter-logo-by-vexels.png\" alt=\"Icono de Twitter logo - Descargar PNG\/SVG transparente\" width=\"34\" height=\"34\" src=\"data:image\/svg+xml;base64,PHN2ZyB3aWR0aD0iMSIgaGVpZ2h0PSIxIiB4bWxucz0iaHR0cDovL3d3dy53My5vcmcvMjAwMC9zdmciPjwvc3ZnPg==\" class=\"lazyload\" style=\"--smush-placeholder-width: 34px; --smush-placeholder-aspect-ratio: 34\/34;\" \/> <a href=\"https:\/\/twitter.com\/EcomayaProyecto\">@EcomayaProyecto<\/a><\/strong><\/p>\n<p class=\"gmail-p2\"><strong style=\"font-size: 14px;\"><img decoding=\"async\" data-src=\"http:\/\/assets.stickpng.com\/images\/580b57fcd9996e24bc43c521.png\" alt=\"Logo Instagram PNG transparente - StickPNG\" width=\"35\" height=\"35\" src=\"data:image\/svg+xml;base64,PHN2ZyB3aWR0aD0iMSIgaGVpZ2h0PSIxIiB4bWxucz0iaHR0cDovL3d3dy53My5vcmcvMjAwMC9zdmciPjwvc3ZnPg==\" class=\"lazyload\" style=\"--smush-placeholder-width: 35px; --smush-placeholder-aspect-ratio: 35\/35;\" \/> <a href=\"https:\/\/www.instagram.com\/proyectoecomaya\/\">@proyectoecomaya<\/a><\/strong><\/p>\n<p>[\/et_pb_text][\/et_pb_column][\/et_pb_row][et_pb_row _builder_version=\u00bb4.5.7&#8243; _module_preset=\u00bbdefault\u00bb global_colors_info=\u00bb{}\u00bb][et_pb_column type=\u00bb4_4&#8243; _builder_version=\u00bb4.5.7&#8243; _module_preset=\u00bbdefault\u00bb global_colors_info=\u00bb{}\u00bb][et_pb_post_slider include_categories=\u00bb90,105&#8243; _builder_version=\u00bb4.14.6&#8243; _module_preset=\u00bbdefault\u00bb background_color=\u00bbrgba(0,0,0,0)\u00bb hover_enabled=\u00bb0&#8243; global_colors_info=\u00bb{}\u00bb sticky_enabled=\u00bb0&#8243;][\/et_pb_post_slider][\/et_pb_column][\/et_pb_row][\/et_pb_section]<\/p>\n","protected":false},"excerpt":{"rendered":"<p>[et_pb_section fb_built=\u00bb1&#8243; _builder_version=\u00bb4.4.7&#8243; global_colors_info=\u00bb{}\u00bb][et_pb_row _builder_version=\u00bb4.4.7&#8243; global_colors_info=\u00bb{}\u00bb][et_pb_column type=\u00bb4_4&#8243; _builder_version=\u00bb4.4.7&#8243; global_colors_info=\u00bb{}\u00bb][et_pb_text _builder_version=\u00bb4.9.10&#8243; global_colors_info=\u00bb{}\u00bb] Emprendimiento ap\u00edcola y econom\u00eda circular para empoderar a las mujeres y sus familias Europeaid EuropeAid\/169021\/DD\/ACT\/Enero 2021-Diciembre 2023 La FUE-UJI es socio en el proyecto de la convocatoria EuropeAid con Argentina que tiene como objetivo promover el emprendimiento a trav\u00e9s de un programa de microcr\u00e9ditos [&hellip;]<\/p>\n","protected":false},"author":5,"featured_media":0,"parent":0,"menu_order":0,"comment_status":"closed","ping_status":"closed","template":"","meta":{"_monsterinsights_skip_tracking":false,"_monsterinsights_sitenote_active":false,"_monsterinsights_sitenote_note":"","_monsterinsights_sitenote_category":0,"footnotes":""},"class_list":["post-3524","page","type-page","status-publish","hentry"],"_links":{"self":[{"href":"https:\/\/eurofue.com\/en\/wp-json\/wp\/v2\/pages\/3524","targetHints":{"allow":["GET"]}}],"collection":[{"href":"https:\/\/eurofue.com\/en\/wp-json\/wp\/v2\/pages"}],"about":[{"href":"https:\/\/eurofue.com\/en\/wp-json\/wp\/v2\/types\/page"}],"author":[{"embeddable":true,"href":"https:\/\/eurofue.com\/en\/wp-json\/wp\/v2\/users\/5"}],"replies":[{"embeddable":true,"href":"https:\/\/eurofue.com\/en\/wp-json\/wp\/v2\/comments?post=3524"}],"version-history":[{"count":0,"href":"https:\/\/eurofue.com\/en\/wp-json\/wp\/v2\/pages\/3524\/revisions"}],"wp:attachment":[{"href":"https:\/\/eurofue.com\/en\/wp-json\/wp\/v2\/media?parent=3524"}],"curies":[{"name":"wp","href":"https:\/\/api.w.org\/{rel}","templated":true}]}}