{"id":3645,"date":"2021-01-18T14:39:21","date_gmt":"2021-01-18T13:39:21","guid":{"rendered":"http:\/\/www.eurofue.articagency.eu\/?page_id=3645"},"modified":"2021-07-01T09:01:05","modified_gmt":"2021-07-01T07:01:05","slug":"digital-europe-programme-2021-2027","status":"publish","type":"page","link":"https:\/\/eurofue.com\/en\/programa-europa-digital-2021-2027\/","title":{"rendered":"Digital Europe Programme 2021-2027"},"content":{"rendered":"<p>[et_pb_section fb_built=\u00bb1&#8243; _builder_version=\u00bb4.4.7&#8243;][et_pb_row _builder_version=\u00bb4.5.7&#8243;][et_pb_column type=\u00bb4_4&#8243; _builder_version=\u00bb4.4.7&#8243;][et_pb_image src=\u00bbhttp:\/\/www.eurofue.articagency.eu\/wp-content\/uploads\/2021\/01\/EU-digital.png\u00bb title_text=\u00bbEU digital\u00bb _builder_version=\u00bb4.8.1&#8243; _module_preset=\u00bbdefault\u00bb min_height=\u00bb89px\u00bb custom_margin=\u00bb||37px|255px|false|false\u00bb custom_padding=\u00bb|152px|4px|0px||\u00bb][\/et_pb_image][et_pb_cta title=\u00bb30 junio 2021&#8243; button_text=\u00bbClics\u00bb _builder_version=\u00bb4.5.7&#8243; _module_preset=\u00bbdefault\u00bb background_color=\u00bb#00208a\u00bb width=\u00bb27.2%\u00bb custom_margin=\u00bb13px|97px|20px|0px|false|false\u00bb custom_padding=\u00bb||0px|||\u00bb][\/et_pb_cta][et_pb_text _builder_version=\u00bb4.5.7&#8243;]<\/p>\n<p class=\"p1\" style=\"text-align: justify;\">El programa <strong>Europa Digital<\/strong> es un instrumento de financiaci\u00f3n para dar respuesta a los procesos de transformaci\u00f3n digital de la econom\u00eda y de la sociedad europea. Adem\u00e1s, complementa otras acciones dise\u00f1adas por la Comisi\u00f3n Europea en otras \u00e1reas, con un \u00e9nfasis especial en el <strong>\u00e1mbito educativo<\/strong>.<\/p>\n<p class=\"p1\" style=\"text-align: justify;\">Este nuevo programa de la Comisi\u00f3n Europea persigue, como objetivo general, apoyar la <strong>transformaci\u00f3n digital de la econom\u00eda y la sociedad europeas<\/strong> y de esta forma, trasladar sus beneficios a los ciudadanos y empresas europeas.<\/p>\n<p class=\"p1\" style=\"text-align: justify;\">Europa Digital abarca <strong>5 objetivos espec\u00edficos<\/strong>:<\/p>\n<ul>\n<li class=\"p1\" style=\"text-align: justify;\">Inform\u00e1tica de alto rendimiento.<\/li>\n<li class=\"p1\" style=\"text-align: justify;\">Inteligencia artificial.<\/li>\n<li class=\"p1\" style=\"text-align: justify;\">Ciberseguridad.\u00a0<\/li>\n<li class=\"p1\" style=\"text-align: justify;\">Competencias digitales avanzadas.\u00a0<\/li>\n<li class=\"p1\" style=\"text-align: justify;\">Mejor uso de las capacidades digitales e interoperabilidad.<\/li>\n<\/ul>\n<ul><\/ul>\n<p class=\"p3\">\n<p>[\/et_pb_text][\/et_pb_column][\/et_pb_row][et_pb_row column_structure=\u00bb1_2,1_2&#8243; _builder_version=\u00bb4.5.7&#8243; _module_preset=\u00bbdefault\u00bb][et_pb_column type=\u00bb1_2&#8243; _builder_version=\u00bb4.5.7&#8243; _module_preset=\u00bbdefault\u00bb][et_pb_gallery gallery_ids=\u00bb4354,4349,4347,4345,4343,4341,4339,4337&#8243; fullwidth=\u00bbon\u00bb _builder_version=\u00bb4.9.7&#8243; _module_preset=\u00bbdefault\u00bb][\/et_pb_gallery][\/et_pb_column][et_pb_column type=\u00bb1_2&#8243; _builder_version=\u00bb4.5.7&#8243; _module_preset=\u00bbdefault\u00bb][et_pb_gallery gallery_ids=\u00bb4321,4323,4325,4327,4329,4331,4333,4335&#8243; fullwidth=\u00bbon\u00bb _builder_version=\u00bb4.9.7&#8243; _module_preset=\u00bbdefault\u00bb][\/et_pb_gallery][\/et_pb_column][\/et_pb_row][et_pb_row _builder_version=\u00bb4.9.7&#8243; _module_preset=\u00bbdefault\u00bb][et_pb_column type=\u00bb4_4&#8243; _builder_version=\u00bb4.9.7&#8243; _module_preset=\u00bbdefault\u00bb][et_pb_post_slider include_categories=\u00bb96&#8243; _builder_version=\u00bb4.9.7&#8243; _module_preset=\u00bbdefault\u00bb hover_enabled=\u00bb0&#8243; sticky_enabled=\u00bb0&#8243;][\/et_pb_post_slider][\/et_pb_column][\/et_pb_row][\/et_pb_section]<\/p>\n","protected":false},"excerpt":{"rendered":"<p>[et_pb_section fb_built=\u00bb1&#8243; _builder_version=\u00bb4.4.7&#8243;][et_pb_row _builder_version=\u00bb4.5.7&#8243;][et_pb_column type=\u00bb4_4&#8243; _builder_version=\u00bb4.4.7&#8243;][et_pb_image src=\u00bbhttp:\/\/www.eurofue.articagency.eu\/wp-content\/uploads\/2021\/01\/EU-digital.png\u00bb title_text=\u00bbEU digital\u00bb _builder_version=\u00bb4.8.1&#8243; _module_preset=\u00bbdefault\u00bb min_height=\u00bb89px\u00bb custom_margin=\u00bb||37px|255px|false|false\u00bb custom_padding=\u00bb|152px|4px|0px||\u00bb][\/et_pb_image][et_pb_cta title=\u00bb30 junio 2021&#8243; button_text=\u00bbClics\u00bb _builder_version=\u00bb4.5.7&#8243; _module_preset=\u00bbdefault\u00bb background_color=\u00bb#00208a\u00bb width=\u00bb27.2%\u00bb custom_margin=\u00bb13px|97px|20px|0px|false|false\u00bb custom_padding=\u00bb||0px|||\u00bb][\/et_pb_cta][et_pb_text _builder_version=\u00bb4.5.7&#8243;] El programa Europa Digital es un instrumento de financiaci\u00f3n para dar respuesta a los procesos de transformaci\u00f3n digital de la econom\u00eda y de la sociedad europea. Adem\u00e1s, complementa otras acciones [&hellip;]<\/p>\n","protected":false},"author":5,"featured_media":0,"parent":0,"menu_order":0,"comment_status":"closed","ping_status":"closed","template":"","meta":{"_monsterinsights_skip_tracking":false,"_monsterinsights_sitenote_active":false,"_monsterinsights_sitenote_note":"","_monsterinsights_sitenote_category":0,"footnotes":""},"class_list":["post-3645","page","type-page","status-publish","hentry"],"_links":{"self":[{"href":"https:\/\/eurofue.com\/en\/wp-json\/wp\/v2\/pages\/3645","targetHints":{"allow":["GET"]}}],"collection":[{"href":"https:\/\/eurofue.com\/en\/wp-json\/wp\/v2\/pages"}],"about":[{"href":"https:\/\/eurofue.com\/en\/wp-json\/wp\/v2\/types\/page"}],"author":[{"embeddable":true,"href":"https:\/\/eurofue.com\/en\/wp-json\/wp\/v2\/users\/5"}],"replies":[{"embeddable":true,"href":"https:\/\/eurofue.com\/en\/wp-json\/wp\/v2\/comments?post=3645"}],"version-history":[{"count":0,"href":"https:\/\/eurofue.com\/en\/wp-json\/wp\/v2\/pages\/3645\/revisions"}],"wp:attachment":[{"href":"https:\/\/eurofue.com\/en\/wp-json\/wp\/v2\/media?parent=3645"}],"curies":[{"name":"wp","href":"https:\/\/api.w.org\/{rel}","templated":true}]}}