{"id":6172,"date":"2023-07-19T09:24:30","date_gmt":"2023-07-19T07:24:30","guid":{"rendered":"https:\/\/www.eurofue.articagency.eu\/?page_id=6172"},"modified":"2025-09-10T13:11:46","modified_gmt":"2025-09-10T11:11:46","slug":"europe-horizon","status":"publish","type":"page","link":"https:\/\/eurofue.com\/en\/horizonte-europa\/","title":{"rendered":"horizon europe"},"content":{"rendered":"\t\t<div data-elementor-type=\"wp-page\" data-elementor-id=\"6172\" class=\"elementor elementor-6172\" data-elementor-post-type=\"page\">\n\t\t\t\t\t\t<section class=\"elementor-section elementor-top-section elementor-element elementor-element-42a56f0d elementor-section-height-min-height elementor-section-boxed elementor-section-height-default elementor-section-items-middle\" data-id=\"42a56f0d\" data-element_type=\"section\" data-e-type=\"section\" data-settings=\"{&quot;background_background&quot;:&quot;gradient&quot;,&quot;shape_divider_bottom&quot;:&quot;waves&quot;}\">\n\t\t\t\t\t\t\t<div class=\"elementor-background-overlay\"><\/div>\n\t\t\t\t\t\t<div class=\"elementor-shape elementor-shape-bottom\" aria-hidden=\"true\" data-negative=\"false\">\n\t\t\t<svg xmlns=\"http:\/\/www.w3.org\/2000\/svg\" viewBox=\"0 0 1000 100\" preserveAspectRatio=\"none\">\n\t<path class=\"elementor-shape-fill\" d=\"M421.9,6.5c22.6-2.5,51.5,0.4,75.5,5.3c23.6,4.9,70.9,23.5,100.5,35.7c75.8,32.2,133.7,44.5,192.6,49.7\n\tc23.6,2.1,48.7,3.5,103.4-2.5c54.7-6,106.2-25.6,106.2-25.6V0H0v30.3c0,0,72,32.6,158.4,30.5c39.2-0.7,92.8-6.7,134-22.4\n\tc21.2-8.1,52.2-18.2,79.7-24.2C399.3,7.9,411.6,7.5,421.9,6.5z\"\/>\n<\/svg>\t\t<\/div>\n\t\t\t\t\t<div class=\"elementor-container elementor-column-gap-default\">\n\t\t\t\t\t<div class=\"elementor-column elementor-col-100 elementor-top-column elementor-element elementor-element-62826905\" data-id=\"62826905\" data-element_type=\"column\" data-e-type=\"column\">\n\t\t\t<div class=\"elementor-widget-wrap elementor-element-populated\">\n\t\t\t\t\t\t<div class=\"elementor-element elementor-element-3ec50b4b elementor-widget elementor-widget-heading\" data-id=\"3ec50b4b\" data-element_type=\"widget\" data-e-type=\"widget\" data-widget_type=\"heading.default\">\n\t\t\t\t<div class=\"elementor-widget-container\">\n\t\t\t\t\t<h1 class=\"elementor-heading-title elementor-size-default\">Horizonte Europa<\/h1>\t\t\t\t<\/div>\n\t\t\t\t<\/div>\n\t\t\t\t<div class=\"elementor-element elementor-element-5b04cad0 elementor-widget elementor-widget-heading\" data-id=\"5b04cad0\" data-element_type=\"widget\" data-e-type=\"widget\" data-widget_type=\"heading.default\">\n\t\t\t\t<div class=\"elementor-widget-container\">\n\t\t\t\t\t<h3 class=\"elementor-heading-title elementor-size-default\">Promoci\u00f3n, fomento y asistencia t\u00e9cnica a la UJI en proyectos de investigaci\u00f3n\nde \u00e1mbito europeo.<\/h3>\t\t\t\t<\/div>\n\t\t\t\t<\/div>\n\t\t\t\t\t<\/div>\n\t\t<\/div>\n\t\t\t\t\t<\/div>\n\t\t<\/section>\n\t\t\t\t<section class=\"elementor-section elementor-top-section elementor-element elementor-element-2f0c41f elementor-section-height-min-height elementor-section-boxed elementor-section-height-default elementor-section-items-middle\" data-id=\"2f0c41f\" data-element_type=\"section\" data-e-type=\"section\" data-settings=\"{&quot;background_background&quot;:&quot;classic&quot;}\">\n\t\t\t\t\t\t\t<div class=\"elementor-background-overlay\"><\/div>\n\t\t\t\t\t\t\t<div class=\"elementor-container elementor-column-gap-default\">\n\t\t\t\t\t<div class=\"elementor-column elementor-col-50 elementor-top-column elementor-element elementor-element-a1958dc\" data-id=\"a1958dc\" data-element_type=\"column\" data-e-type=\"column\">\n\t\t\t<div class=\"elementor-widget-wrap elementor-element-populated\">\n\t\t\t\t\t\t<div class=\"elementor-element elementor-element-58adfa17 elementor-widget elementor-widget-heading\" data-id=\"58adfa17\" data-element_type=\"widget\" data-e-type=\"widget\" data-settings=\"{&quot;motion_fx_motion_fx_scrolling&quot;:&quot;yes&quot;,&quot;motion_fx_translateY_effect&quot;:&quot;yes&quot;,&quot;motion_fx_translateY_speed&quot;:{&quot;unit&quot;:&quot;px&quot;,&quot;size&quot;:&quot;0.5&quot;,&quot;sizes&quot;:[]},&quot;motion_fx_translateY_affectedRange&quot;:{&quot;unit&quot;:&quot;%&quot;,&quot;size&quot;:&quot;&quot;,&quot;sizes&quot;:{&quot;start&quot;:&quot;0&quot;,&quot;end&quot;:&quot;50&quot;}},&quot;motion_fx_opacity_effect&quot;:&quot;yes&quot;,&quot;motion_fx_opacity_range&quot;:{&quot;unit&quot;:&quot;%&quot;,&quot;size&quot;:&quot;&quot;,&quot;sizes&quot;:{&quot;start&quot;:&quot;0&quot;,&quot;end&quot;:&quot;50&quot;}},&quot;motion_fx_devices&quot;:[&quot;desktop&quot;,&quot;mobile&quot;],&quot;motion_fx_opacity_direction&quot;:&quot;out-in&quot;,&quot;motion_fx_opacity_level&quot;:{&quot;unit&quot;:&quot;px&quot;,&quot;size&quot;:10,&quot;sizes&quot;:[]}}\" data-widget_type=\"heading.default\">\n\t\t\t\t<div class=\"elementor-widget-container\">\n\t\t\t\t\t<h2 class=\"elementor-heading-title elementor-size-default\">Proyectos europeos e internacionales<\/h2>\t\t\t\t<\/div>\n\t\t\t\t<\/div>\n\t\t\t\t<div class=\"elementor-element elementor-element-2274e8c elementor-widget elementor-widget-text-editor\" data-id=\"2274e8c\" data-element_type=\"widget\" data-e-type=\"widget\" data-widget_type=\"text-editor.default\">\n\t\t\t\t<div class=\"elementor-widget-container\">\n\t\t\t\t\t\t\t\t\t<p class=\"p1\">La Universidad Jaume I (UJI) tiene la necesidad estrat\u00e9gica de <strong>aumentar su participaci\u00f3n en proyectos europeos e internacionales<\/strong> con el objetivo de <strong>posicionarse como un centro de referencia a nivel europeo e internacional<\/strong>. Para satisfacer esta necesidad, se ha encomendado a la FUE la tarea de <strong>promoci\u00f3n, fomento y asistencia t\u00e9cnica en proyectos de investigaci\u00f3n de \u00e1mbito europeo, espec\u00edficamente en el programa <span class=\"s1\">Horizonte Europa.<\/span><\/strong><\/p><p class=\"p1\">Las actividades encomendadas a la FUE dentro de este contexto se dividen en tres \u00e1reas de trabajo:<\/p>\t\t\t\t\t\t\t\t<\/div>\n\t\t\t\t<\/div>\n\t\t\t\t\t<\/div>\n\t\t<\/div>\n\t\t\t\t<div class=\"elementor-column elementor-col-50 elementor-top-column elementor-element elementor-element-06f0f67\" data-id=\"06f0f67\" data-element_type=\"column\" data-e-type=\"column\">\n\t\t\t<div class=\"elementor-widget-wrap elementor-element-populated\">\n\t\t\t\t\t\t<div class=\"elementor-element elementor-element-c1b8a2b elementor-widget elementor-widget-image\" data-id=\"c1b8a2b\" data-element_type=\"widget\" data-e-type=\"widget\" data-settings=\"{&quot;motion_fx_motion_fx_scrolling&quot;:&quot;yes&quot;,&quot;motion_fx_translateY_effect&quot;:&quot;yes&quot;,&quot;motion_fx_translateY_speed&quot;:{&quot;unit&quot;:&quot;px&quot;,&quot;size&quot;:&quot;1&quot;,&quot;sizes&quot;:[]},&quot;motion_fx_translateY_affectedRange&quot;:{&quot;unit&quot;:&quot;%&quot;,&quot;size&quot;:&quot;&quot;,&quot;sizes&quot;:{&quot;start&quot;:0,&quot;end&quot;:100}},&quot;motion_fx_devices&quot;:[&quot;desktop&quot;,&quot;tablet&quot;,&quot;mobile&quot;]}\" data-widget_type=\"image.default\">\n\t\t\t\t<div class=\"elementor-widget-container\">\n\t\t\t\t\t\t\t\t\t\t\t\t\t\t\t<img fetchpriority=\"high\" decoding=\"async\" width=\"2560\" height=\"1707\" src=\"https:\/\/eurofue.com\/wp-content\/uploads\/2023\/09\/IMG_8329-scaled.jpg\" class=\"attachment-full size-full wp-image-8250\" alt=\"\" srcset=\"https:\/\/eurofue.com\/wp-content\/uploads\/2023\/09\/IMG_8329-scaled.jpg.webp 2560w, https:\/\/eurofue.com\/wp-content\/uploads\/2023\/09\/IMG_8329-300x200.jpg.webp 300w, https:\/\/eurofue.com\/wp-content\/uploads\/2023\/09\/IMG_8329-1024x683.jpg.webp 1024w, https:\/\/eurofue.com\/wp-content\/uploads\/2023\/09\/IMG_8329-768x512.jpg.webp 768w, https:\/\/eurofue.com\/wp-content\/uploads\/2023\/09\/IMG_8329-1536x1024.jpg.webp 1536w, https:\/\/eurofue.com\/wp-content\/uploads\/2023\/09\/IMG_8329-2048x1365.jpg.webp 2048w, https:\/\/eurofue.com\/wp-content\/uploads\/2023\/09\/IMG_8329-18x12.jpg.webp 18w\" sizes=\"(max-width: 2560px) 100vw, 2560px\" \/>\t\t\t\t\t\t\t\t\t\t\t\t\t\t\t<\/div>\n\t\t\t\t<\/div>\n\t\t\t\t\t<\/div>\n\t\t<\/div>\n\t\t\t\t\t<\/div>\n\t\t<\/section>\n\t\t\t\t<section class=\"elementor-section elementor-top-section elementor-element elementor-element-3ad393d4 elementor-section-boxed elementor-section-height-default elementor-section-height-default\" data-id=\"3ad393d4\" data-element_type=\"section\" data-e-type=\"section\" data-settings=\"{&quot;background_background&quot;:&quot;classic&quot;}\">\n\t\t\t\t\t\t\t<div class=\"elementor-background-overlay\"><\/div>\n\t\t\t\t\t\t\t<div class=\"elementor-container elementor-column-gap-default\">\n\t\t\t\t\t<div class=\"elementor-column elementor-col-100 elementor-top-column elementor-element elementor-element-778599e1\" data-id=\"778599e1\" data-element_type=\"column\" data-e-type=\"column\">\n\t\t\t<div class=\"elementor-widget-wrap elementor-element-populated\">\n\t\t\t\t\t\t<section class=\"elementor-section elementor-inner-section elementor-element elementor-element-2f7c1b31 elementor-section-boxed elementor-section-height-default elementor-section-height-default\" data-id=\"2f7c1b31\" data-element_type=\"section\" data-e-type=\"section\" data-settings=\"{&quot;motion_fx_motion_fx_scrolling&quot;:&quot;yes&quot;,&quot;motion_fx_translateY_effect&quot;:&quot;yes&quot;,&quot;motion_fx_translateY_speed&quot;:{&quot;unit&quot;:&quot;px&quot;,&quot;size&quot;:&quot;1&quot;,&quot;sizes&quot;:[]},&quot;motion_fx_translateY_affectedRange&quot;:{&quot;unit&quot;:&quot;%&quot;,&quot;size&quot;:&quot;&quot;,&quot;sizes&quot;:{&quot;start&quot;:&quot;0&quot;,&quot;end&quot;:&quot;50&quot;}},&quot;motion_fx_opacity_effect&quot;:&quot;yes&quot;,&quot;motion_fx_opacity_range&quot;:{&quot;unit&quot;:&quot;%&quot;,&quot;size&quot;:&quot;&quot;,&quot;sizes&quot;:{&quot;start&quot;:&quot;0&quot;,&quot;end&quot;:&quot;50&quot;}},&quot;motion_fx_devices&quot;:[&quot;desktop&quot;,&quot;tablet&quot;],&quot;motion_fx_opacity_direction&quot;:&quot;out-in&quot;,&quot;motion_fx_opacity_level&quot;:{&quot;unit&quot;:&quot;px&quot;,&quot;size&quot;:10,&quot;sizes&quot;:[]}}\">\n\t\t\t\t\t\t<div class=\"elementor-container elementor-column-gap-default\">\n\t\t\t\t\t<div class=\"elementor-column elementor-col-50 elementor-inner-column elementor-element elementor-element-6c70b4a7\" data-id=\"6c70b4a7\" data-element_type=\"column\" data-e-type=\"column\" data-settings=\"{&quot;background_background&quot;:&quot;classic&quot;}\">\n\t\t\t<div class=\"elementor-widget-wrap elementor-element-populated\">\n\t\t\t\t\t\t<div class=\"elementor-element elementor-element-28387ed7 elementor-widget elementor-widget-icon-box\" data-id=\"28387ed7\" data-element_type=\"widget\" data-e-type=\"widget\" data-widget_type=\"icon-box.default\">\n\t\t\t\t<div class=\"elementor-widget-container\">\n\t\t\t\t\t\t\t<div class=\"elementor-icon-box-wrapper\">\n\n\t\t\t\n\t\t\t\t\t\t<div class=\"elementor-icon-box-content\">\n\n\t\t\t\t\t\t\t\t\t<h3 class=\"elementor-icon-box-title\">\n\t\t\t\t\t\t<span  >\n\t\t\t\t\t\t\tAcciones para posicionar estructuras de investigaci\u00f3n de la UJI a nivel europeo\t\t\t\t\t\t<\/span>\n\t\t\t\t\t<\/h3>\n\t\t\t\t\n\t\t\t\t\t\t\t\t\t<p class=\"elementor-icon-box-description\">\n\t\t\t\t\t\tEstas acciones tienen como objetivo <b>incrementar la participaci\u00f3n de la UJI en el programa Horizonte Europa<\/b>, lo que permitir\u00e1 <b>acceder a m\u00e1s oportunidades de financiaci\u00f3n de la investigaci\u00f3n<\/b>. Las actividades implementadas en el posicionamiento de estructuras durante 12 meses son desde la preparaci\u00f3n de un <b>Plan Estrat\u00e9gico y un Plan de Comunicaci\u00f3n,<\/b> todo ello dividido en sesiones formativas, hasta la implementaci\u00f3n de una Agenda de Trabajo en Bruselas.\n\t\t\t\t\t<\/p>\n\t\t\t\t\n\t\t\t<\/div>\n\t\t\t\n\t\t<\/div>\n\t\t\t\t\t\t<\/div>\n\t\t\t\t<\/div>\n\t\t\t\t\t<\/div>\n\t\t<\/div>\n\t\t\t\t<div class=\"elementor-column elementor-col-50 elementor-inner-column elementor-element elementor-element-62ecff9c\" data-id=\"62ecff9c\" data-element_type=\"column\" data-e-type=\"column\" data-settings=\"{&quot;background_background&quot;:&quot;classic&quot;}\">\n\t\t\t<div class=\"elementor-widget-wrap elementor-element-populated\">\n\t\t\t\t\t\t<div class=\"elementor-element elementor-element-63a96438 elementor-widget elementor-widget-icon-box\" data-id=\"63a96438\" data-element_type=\"widget\" data-e-type=\"widget\" data-widget_type=\"icon-box.default\">\n\t\t\t\t<div class=\"elementor-widget-container\">\n\t\t\t\t\t\t\t<div class=\"elementor-icon-box-wrapper\">\n\n\t\t\t\n\t\t\t\t\t\t<div class=\"elementor-icon-box-content\">\n\n\t\t\t\t\t\t\t\t\t<h3 class=\"elementor-icon-box-title\">\n\t\t\t\t\t\t<span  >\n\t\t\t\t\t\t\tAsistencia t\u00e9cnica en proyectos europeos horizonte europa\t\t\t\t\t\t<\/span>\n\t\t\t\t\t<\/h3>\n\t\t\t\t\n\t\t\t\t\t\t\t\t\t<p class=\"elementor-icon-box-description\">\n\t\t\t\t\t\tEn el contexto de la colaboraci\u00f3n entre la Fundaci\u00f3n Universidad-Empresa (FUE) y la Universitat Jaume I (UJI), <b>la FUE brinda apoyo en proyectos coordinados por grupos de investigaci\u00f3n de la propia UJI, as\u00ed como en proyectos en los que los grupos de investigaci\u00f3n participan como socios.<\/b> Las tareas incluyen co-redacci\u00f3n del proyecto, apertura de la ficha del proyecto en el portal del participante, recopilaci\u00f3n y cumplimentaci\u00f3n de documentaci\u00f3n administrativa del coordinador y de los socios, b\u00fasqueda de socios, apoyo a la constituci\u00f3n del advisory board y de los associated partners si es necesario, apoyo en la elaboraci\u00f3n del presupuesto, y revisi\u00f3n de la propuesta.\t\t\t\t\t<\/p>\n\t\t\t\t\n\t\t\t<\/div>\n\t\t\t\n\t\t<\/div>\n\t\t\t\t\t\t<\/div>\n\t\t\t\t<\/div>\n\t\t\t\t\t<\/div>\n\t\t<\/div>\n\t\t\t\t\t<\/div>\n\t\t<\/section>\n\t\t\t\t\t<\/div>\n\t\t<\/div>\n\t\t\t\t\t<\/div>\n\t\t<\/section>\n\t\t\t\t<section class=\"elementor-section elementor-top-section elementor-element elementor-element-63a83864 elementor-section-height-min-height elementor-section-boxed elementor-section-height-default elementor-section-items-middle\" data-id=\"63a83864\" data-element_type=\"section\" data-e-type=\"section\" data-settings=\"{&quot;background_background&quot;:&quot;classic&quot;}\">\n\t\t\t\t\t\t\t<div class=\"elementor-background-overlay\"><\/div>\n\t\t\t\t\t\t\t<div class=\"elementor-container elementor-column-gap-default\">\n\t\t\t\t\t<div class=\"elementor-column elementor-col-50 elementor-top-column elementor-element elementor-element-13a60bca\" data-id=\"13a60bca\" data-element_type=\"column\" data-e-type=\"column\">\n\t\t\t<div class=\"elementor-widget-wrap elementor-element-populated\">\n\t\t\t\t\t\t<div class=\"elementor-element elementor-element-143600e7 elementor-widget elementor-widget-text-editor\" data-id=\"143600e7\" data-element_type=\"widget\" data-e-type=\"widget\" data-widget_type=\"text-editor.default\">\n\t\t\t\t<div class=\"elementor-widget-container\">\n\t\t\t\t\t\t\t\t\t<p class=\"p1\">En caso de que el proyecto sea concedido, la FUE podr\u00e1 participar como <strong>Affiliated Entity<\/strong>, siempre y cuando su participaci\u00f3n se ajuste a los intereses del grupo de investigaci\u00f3n y del propio proyecto. Las principales tareas que la FUE-UJI implementa a trav\u00e9s de esta figura son las tareas de <strong>comunicaci\u00f3n, diseminaci\u00f3n y explotaci\u00f3n del proyecto<\/strong>. Se trata de actividades obligatorias de todos los proyectos Horizonte Europa, las cuales tienen que cumplir con los KPI (indicadores clave de rendimiento) ante la Comisi\u00f3n Europea.<\/p>\t\t\t\t\t\t\t\t<\/div>\n\t\t\t\t<\/div>\n\t\t\t\t\t<\/div>\n\t\t<\/div>\n\t\t\t\t<div class=\"elementor-column elementor-col-50 elementor-top-column elementor-element elementor-element-267dc346\" data-id=\"267dc346\" data-element_type=\"column\" data-e-type=\"column\">\n\t\t\t<div class=\"elementor-widget-wrap elementor-element-populated\">\n\t\t\t\t\t\t<div class=\"elementor-element elementor-element-5c01c42d elementor-widget elementor-widget-image\" data-id=\"5c01c42d\" data-element_type=\"widget\" data-e-type=\"widget\" data-settings=\"{&quot;motion_fx_motion_fx_scrolling&quot;:&quot;yes&quot;,&quot;motion_fx_translateY_effect&quot;:&quot;yes&quot;,&quot;motion_fx_translateY_speed&quot;:{&quot;unit&quot;:&quot;px&quot;,&quot;size&quot;:&quot;1&quot;,&quot;sizes&quot;:[]},&quot;motion_fx_translateY_affectedRange&quot;:{&quot;unit&quot;:&quot;%&quot;,&quot;size&quot;:&quot;&quot;,&quot;sizes&quot;:{&quot;start&quot;:0,&quot;end&quot;:100}},&quot;motion_fx_devices&quot;:[&quot;desktop&quot;,&quot;tablet&quot;,&quot;mobile&quot;]}\" data-widget_type=\"image.default\">\n\t\t\t\t<div class=\"elementor-widget-container\">\n\t\t\t\t\t\t\t\t\t\t\t\t\t\t\t<img decoding=\"async\" width=\"2560\" height=\"1707\" data-src=\"https:\/\/eurofue.com\/wp-content\/uploads\/2023\/09\/IMG_8337-scaled.jpg\" class=\"attachment-full size-full wp-image-8347 lazyload\" alt=\"\" data-srcset=\"https:\/\/eurofue.com\/wp-content\/uploads\/2023\/09\/IMG_8337-scaled.jpg.webp 2560w, https:\/\/eurofue.com\/wp-content\/uploads\/2023\/09\/IMG_8337-300x200.jpg.webp 300w, https:\/\/eurofue.com\/wp-content\/uploads\/2023\/09\/IMG_8337-1024x683.jpg.webp 1024w, https:\/\/eurofue.com\/wp-content\/uploads\/2023\/09\/IMG_8337-768x512.jpg.webp 768w, https:\/\/eurofue.com\/wp-content\/uploads\/2023\/09\/IMG_8337-1536x1024.jpg.webp 1536w, https:\/\/eurofue.com\/wp-content\/uploads\/2023\/09\/IMG_8337-2048x1365.jpg.webp 2048w, https:\/\/eurofue.com\/wp-content\/uploads\/2023\/09\/IMG_8337-18x12.jpg.webp 18w\" data-sizes=\"(max-width: 2560px) 100vw, 2560px\" src=\"data:image\/svg+xml;base64,PHN2ZyB3aWR0aD0iMSIgaGVpZ2h0PSIxIiB4bWxucz0iaHR0cDovL3d3dy53My5vcmcvMjAwMC9zdmciPjwvc3ZnPg==\" style=\"--smush-placeholder-width: 2560px; --smush-placeholder-aspect-ratio: 2560\/1707;\" \/>\t\t\t\t\t\t\t\t\t\t\t\t\t\t\t<\/div>\n\t\t\t\t<\/div>\n\t\t\t\t\t<\/div>\n\t\t<\/div>\n\t\t\t\t\t<\/div>\n\t\t<\/section>\n\t\t\t\t<\/div>\n\t\t","protected":false},"excerpt":{"rendered":"<p>Horizonte Europa Promoci\u00f3n, fomento y asistencia t\u00e9cnica a la UJI en proyectos de investigaci\u00f3n de \u00e1mbito europeo. Proyectos europeos e internacionales La Universidad Jaume I (UJI) tiene la necesidad estrat\u00e9gica de aumentar su participaci\u00f3n en proyectos europeos e internacionales con el objetivo de posicionarse como un centro de referencia a nivel europeo e internacional. Para [&hellip;]<\/p>\n","protected":false},"author":6,"featured_media":0,"parent":0,"menu_order":0,"comment_status":"closed","ping_status":"closed","template":"","meta":{"_monsterinsights_skip_tracking":false,"_monsterinsights_sitenote_active":false,"_monsterinsights_sitenote_note":"","_monsterinsights_sitenote_category":0,"footnotes":""},"class_list":["post-6172","page","type-page","status-publish","hentry"],"_links":{"self":[{"href":"https:\/\/eurofue.com\/en\/wp-json\/wp\/v2\/pages\/6172","targetHints":{"allow":["GET"]}}],"collection":[{"href":"https:\/\/eurofue.com\/en\/wp-json\/wp\/v2\/pages"}],"about":[{"href":"https:\/\/eurofue.com\/en\/wp-json\/wp\/v2\/types\/page"}],"author":[{"embeddable":true,"href":"https:\/\/eurofue.com\/en\/wp-json\/wp\/v2\/users\/6"}],"replies":[{"embeddable":true,"href":"https:\/\/eurofue.com\/en\/wp-json\/wp\/v2\/comments?post=6172"}],"version-history":[{"count":3,"href":"https:\/\/eurofue.com\/en\/wp-json\/wp\/v2\/pages\/6172\/revisions"}],"predecessor-version":[{"id":8944,"href":"https:\/\/eurofue.com\/en\/wp-json\/wp\/v2\/pages\/6172\/revisions\/8944"}],"wp:attachment":[{"href":"https:\/\/eurofue.com\/en\/wp-json\/wp\/v2\/media?parent=6172"}],"curies":[{"name":"wp","href":"https:\/\/api.w.org\/{rel}","templated":true}]}}