{"id":692,"date":"2020-05-29T11:39:44","date_gmt":"2020-05-29T09:39:44","guid":{"rendered":"http:\/\/wp2.eurofue.articagency.eu\/?page_id=692"},"modified":"2021-08-30T10:15:41","modified_gmt":"2021-08-30T08:15:41","slug":"eu-flash-lessons","status":"publish","type":"page","link":"https:\/\/eurofue.com\/en\/eu-flash-lessons\/","title":{"rendered":"EU FLASH LESSONS"},"content":{"rendered":"<p>[et_pb_section fb_built=\u00bb1&#8243; _builder_version=\u00bb4.4.7&#8243;][et_pb_row _builder_version=\u00bb4.4.7&#8243;][et_pb_column type=\u00bb4_4&#8243; _builder_version=\u00bb4.4.7&#8243;][et_pb_text admin_label=\u00bbTitle\u00bb _builder_version=\u00bb4.4.7&#8243; text_font=\u00bbMontserrat||||||||\u00bb text_text_color=\u00bb#747d88&#8243; text_font_size=\u00bb16px\u00bb text_line_height=\u00bb1.9em\u00bb header_font=\u00bb||||||||\u00bb header_2_font=\u00bbMontserrat|700||on|||||\u00bb header_2_font_size=\u00bb42px\u00bb header_2_line_height=\u00bb1.3em\u00bb background_size=\u00bbinitial\u00bb background_position=\u00bbtop_left\u00bb background_repeat=\u00bbrepeat\u00bb text_orientation=\u00bbcenter\u00bb max_width=\u00bb700px\u00bb module_alignment=\u00bbcenter\u00bb animation_style=\u00bbslide\u00bb animation_direction=\u00bbbottom\u00bb animation_intensity_slide=\u00bb4%\u00bb saved_tabs=\u00bball\u00bb]<\/p>\n<p><img fetchpriority=\"high\" decoding=\"async\" src=\"http:\/\/wp2.eurofue.articagency.eu\/wp-content\/uploads\/2020\/06\/euflashlessons.jpg\" width=\"493\" height=\"114\" alt=\"\" class=\"wp-image-1127 aligncenter size-full\" srcset=\"https:\/\/eurofue.com\/wp-content\/uploads\/2020\/06\/euflashlessons.jpg 493w, https:\/\/eurofue.com\/wp-content\/uploads\/2020\/06\/euflashlessons-300x69.jpg 300w, https:\/\/eurofue.com\/wp-content\/uploads\/2020\/06\/euflashlessons-480x111.jpg 480w\" sizes=\"(max-width: 493px) 100vw, 493px\" \/><\/p>\n<p>[\/et_pb_text][\/et_pb_column][\/et_pb_row][et_pb_row column_structure=\u00bb1_5,3_5,1_5&#8243; _builder_version=\u00bb4.4.7&#8243;][et_pb_column type=\u00bb1_5&#8243; _builder_version=\u00bb4.4.7&#8243;][\/et_pb_column][et_pb_column type=\u00bb3_5&#8243; _builder_version=\u00bb4.4.7&#8243;][et_pb_text _builder_version=\u00bb4.4.7&#8243; text_font_size=\u00bb16px\u00bb]<\/p>\n<p style=\"text-align: justify;\">Las #Euflashlesson de la EuroFUE-UJI son videos cortos con informaci\u00f3n \u00fatil, pr\u00e1ctica y de primera mano, acerca de convocatorias, programas, entidades, novedades y mucho m\u00e1s relacionado con Europa.<\/p>\n<p>[\/et_pb_text][\/et_pb_column][et_pb_column type=\u00bb1_5&#8243; _builder_version=\u00bb4.4.7&#8243;][\/et_pb_column][\/et_pb_row][et_pb_row column_structure=\u00bb1_3,1_3,1_3&#8243; _builder_version=\u00bb4.4.7&#8243; min_height=\u00bb351px\u00bb custom_margin=\u00bb70px||||false|false\u00bb][et_pb_column type=\u00bb1_3&#8243; _builder_version=\u00bb4.4.7&#8243;][et_pb_text _builder_version=\u00bb4.9.10&#8243; header_font=\u00bbMontserrat||||||||\u00bb header_text_color=\u00bb#003262&#8243; custom_margin=\u00bb||11px|||\u00bb hover_enabled=\u00bb0&#8243; sticky_enabled=\u00bb0&#8243;]<\/p>\n<h3 style=\"text-align: center;\">HORIZONTE EUROPA 2021-2027 II<\/h3>\n<p>[\/et_pb_text][et_pb_divider _builder_version=\u00bb4.4.7&#8243;][\/et_pb_divider][et_pb_video src=\u00bbhttps:\/\/www.youtube.com\/watch?v=3ANISz1REfs\u00bb image_src=\u00bbhttp:\/\/wp2.eurofue.articagency.eu\/wp-content\/uploads\/2020\/06\/Captura-de-pantalla-2020-06-01-a-las-12.15.38.png\u00bb _builder_version=\u00bb4.9.10&#8243; hover_enabled=\u00bb0&#8243; sticky_enabled=\u00bb0&#8243;][\/et_pb_video][et_pb_divider color=\u00bb#ffffff\u00bb divider_style=\u00bbnone\u00bb _builder_version=\u00bb4.4.7&#8243;][\/et_pb_divider][\/et_pb_column][et_pb_column type=\u00bb1_3&#8243; _builder_version=\u00bb4.4.7&#8243;][et_pb_text _builder_version=\u00bb4.9.4&#8243; header_font=\u00bbMontserrat||||||||\u00bb header_text_color=\u00bb#003262&#8243; custom_margin=\u00bb||11px|||\u00bb]<\/p>\n<h3 style=\"text-align: center;\">EUROCONEXI\u00d3N<\/h3>\n<p>[\/et_pb_text][et_pb_divider _builder_version=\u00bb4.4.7&#8243;][\/et_pb_divider][et_pb_video src=\u00bbhttps:\/\/www.youtube.com\/watch?v=pCF3rYIrYus\u00bb image_src=\u00bbhttp:\/\/wp2.eurofue.articagency.eu\/wp-content\/uploads\/2020\/06\/Captura-de-pantalla-2020-06-01-a-las-12.15.38.png\u00bb _builder_version=\u00bb4.9.4&#8243;][\/et_pb_video][\/et_pb_column][et_pb_column type=\u00bb1_3&#8243; _builder_version=\u00bb4.4.7&#8243;][et_pb_text _builder_version=\u00bb4.9.4&#8243; header_font=\u00bbMontserrat||||||||\u00bb header_text_color=\u00bb#003262&#8243; custom_margin=\u00bb||11px|||\u00bb]<\/p>\n<h3 style=\"text-align: center;\">HORIZONTE EUROPA 2021-2027<\/h3>\n<p>[\/et_pb_text][et_pb_divider _builder_version=\u00bb4.4.7&#8243;][\/et_pb_divider][et_pb_video src=\u00bbhttps:\/\/www.youtube.com\/watch?v=FBkPcwFDbuk\u00bb image_src=\u00bbhttp:\/\/wp2.eurofue.articagency.eu\/wp-content\/uploads\/2020\/06\/Captura-de-pantalla-2020-06-01-a-las-12.15.38.png\u00bb _builder_version=\u00bb4.9.4&#8243;][\/et_pb_video][\/et_pb_column][\/et_pb_row][et_pb_row column_structure=\u00bb1_3,1_3,1_3&#8243; _builder_version=\u00bb4.4.7&#8243; min_height=\u00bb351px\u00bb custom_margin=\u00bb70px||||false|false\u00bb][et_pb_column type=\u00bb1_3&#8243; _builder_version=\u00bb4.4.7&#8243;][et_pb_text _builder_version=\u00bb4.9.2&#8243; header_font=\u00bbMontserrat||||||||\u00bb header_text_color=\u00bb#003262&#8243; custom_margin=\u00bb-16px||11px|||\u00bb]<\/p>\n<h3 style=\"text-align: center;\">ACCIONES MARIE SKLODOWSKA-CURIE<\/h3>\n<p>[\/et_pb_text][et_pb_divider _builder_version=\u00bb4.4.7&#8243; custom_margin=\u00bb||16px|||\u00bb][\/et_pb_divider][et_pb_video src=\u00bbhttps:\/\/www.youtube.com\/watch?v=zbJfeIhWfQM\u00bb image_src=\u00bbhttp:\/\/wp2.eurofue.articagency.eu\/wp-content\/uploads\/2020\/06\/Captura-de-pantalla-2020-06-01-a-las-12.15.38.png\u00bb _builder_version=\u00bb4.9.2&#8243;][\/et_pb_video][\/et_pb_column][et_pb_column type=\u00bb1_3&#8243; _builder_version=\u00bb4.4.7&#8243;][et_pb_text _builder_version=\u00bb4.9.2&#8243; header_font=\u00bbMontserrat||||||||\u00bb header_text_color=\u00bb#003262&#8243; custom_margin=\u00bb||11px|||\u00bb]<\/p>\n<h3 style=\"text-align: center;\">ERASMUS STUDENT NETWORK<\/h3>\n<p>[\/et_pb_text][et_pb_divider _builder_version=\u00bb4.4.7&#8243; custom_margin=\u00bb1px|||||\u00bb][\/et_pb_divider][et_pb_video src=\u00bbhttps:\/\/youtu.be\/qLBcewTA9NI\u00bb image_src=\u00bbhttp:\/\/wp2.eurofue.articagency.eu\/wp-content\/uploads\/2020\/06\/Captura-de-pantalla-2020-06-01-a-las-12.15.38.png\u00bb _builder_version=\u00bb4.9.2&#8243; custom_margin=\u00bb-13px|||||\u00bb][\/et_pb_video][\/et_pb_column][et_pb_column type=\u00bb1_3&#8243; _builder_version=\u00bb4.4.7&#8243;][et_pb_text _builder_version=\u00bb4.9.1&#8243; header_font=\u00bbMontserrat||||||||\u00bb header_text_color=\u00bb#003262&#8243; custom_margin=\u00bb||11px|||\u00bb]<\/p>\n<h3 style=\"text-align: center;\">ERASMUS+ 2021-2027 INTRODUCCI\u00d3N<\/h3>\n<p>[\/et_pb_text][et_pb_divider _builder_version=\u00bb4.4.7&#8243; custom_margin=\u00bb12px||22px|||\u00bb][\/et_pb_divider][et_pb_video src=\u00bbhttps:\/\/www.youtube.com\/watch?v=BUilACFOxZo\u00bb image_src=\u00bbhttp:\/\/wp2.eurofue.articagency.eu\/wp-content\/uploads\/2020\/06\/Captura-de-pantalla-2020-06-01-a-las-12.15.38.png\u00bb _builder_version=\u00bb4.9.1&#8243;][\/et_pb_video][\/et_pb_column][\/et_pb_row][et_pb_row column_structure=\u00bb1_3,1_3,1_3&#8243; _builder_version=\u00bb4.4.7&#8243; min_height=\u00bb351px\u00bb custom_margin=\u00bb70px||||false|false\u00bb custom_padding=\u00bb27px|||||\u00bb][et_pb_column type=\u00bb1_3&#8243; _builder_version=\u00bb4.4.7&#8243;][et_pb_text _builder_version=\u00bb4.6.6&#8243; header_font=\u00bbMontserrat||||||||\u00bb header_text_color=\u00bb#003262&#8243; custom_margin=\u00bb3px||32px|||\u00bb]<\/p>\n<h3 style=\"text-align: center;\">EUROPA CON LOS CIUDADANOS<\/h3>\n<p>[\/et_pb_text][et_pb_divider _builder_version=\u00bb4.4.7&#8243; custom_margin=\u00bb||37px|||\u00bb][\/et_pb_divider][et_pb_video src=\u00bbhttps:\/\/www.youtube.com\/watch?v=UhIfQsYvxRU\u00bb image_src=\u00bbhttp:\/\/wp2.eurofue.articagency.eu\/wp-content\/uploads\/2020\/06\/Captura-de-pantalla-2020-06-01-a-las-12.15.38.png\u00bb _builder_version=\u00bb4.6.6&#8243; custom_margin=\u00bb-20px|||||\u00bb][\/et_pb_video][\/et_pb_column][et_pb_column type=\u00bb1_3&#8243; _builder_version=\u00bb4.4.7&#8243;][et_pb_text _builder_version=\u00bb4.5.7&#8243; header_font=\u00bbMontserrat||||||||\u00bb header_text_color=\u00bb#003262&#8243; custom_margin=\u00bb||34px|||\u00bb]<\/p>\n<h3 style=\"text-align: center;\">EUROPA CREATIVA<\/h3>\n<p>[\/et_pb_text][et_pb_divider _builder_version=\u00bb4.4.7&#8243;][\/et_pb_divider][et_pb_video src=\u00bbhttps:\/\/www.youtube.com\/watch?v=-uqBsy-T-30&#8243; image_src=\u00bbhttp:\/\/wp2.eurofue.articagency.eu\/wp-content\/uploads\/2020\/06\/Captura-de-pantalla-2020-06-01-a-las-12.15.38.png\u00bb _builder_version=\u00bb4.5.7&#8243; custom_margin=\u00bb-16px|||||\u00bb][\/et_pb_video][\/et_pb_column][et_pb_column type=\u00bb1_3&#8243; _builder_version=\u00bb4.4.7&#8243;][et_pb_text _builder_version=\u00bb4.5.7&#8243; header_font=\u00bbMontserrat||||||||\u00bb header_text_color=\u00bb#003262&#8243;]<\/p>\n<h3 style=\"text-align: center;\">SWAFS<\/h3>\n<p>[\/et_pb_text][et_pb_divider _builder_version=\u00bb4.4.7&#8243;][\/et_pb_divider][et_pb_video src=\u00bbhttps:\/\/www.youtube.com\/watch?v=gLqQFqtThvY&#038;list=PLYl6gSDz5nzs5L66XItAAyaezDvtVNpSE&#038;index=12&#038;t=0s\u00bb image_src=\u00bbhttp:\/\/wp2.eurofue.articagency.eu\/wp-content\/uploads\/2020\/06\/Captura-de-pantalla-2020-06-01-a-las-12.15.38.png\u00bb _builder_version=\u00bb4.5.7&#8243; custom_margin=\u00bb-16px|||||\u00bb][\/et_pb_video][\/et_pb_column][\/et_pb_row][et_pb_row column_structure=\u00bb1_3,1_3,1_3&#8243; _builder_version=\u00bb4.9.4&#8243; min_height=\u00bb351px\u00bb custom_margin=\u00bb70px||||false|false\u00bb][et_pb_column type=\u00bb1_3&#8243; _builder_version=\u00bb4.4.7&#8243;][et_pb_text _builder_version=\u00bb4.5.7&#8243; header_font=\u00bbMontserrat||||||||\u00bb header_text_color=\u00bb#003262&#8243; custom_margin=\u00bb||11px|||\u00bb]<\/p>\n<h3 style=\"text-align: center;\">FUTURE AND EMERGING TECHNOLOGIES<\/h3>\n<p>[\/et_pb_text][et_pb_divider _builder_version=\u00bb4.4.7&#8243; custom_margin=\u00bb||6px|||\u00bb][\/et_pb_divider][et_pb_video src=\u00bbhttps:\/\/www.youtube.com\/watch?v=2UmimUPyS3Y&#038;list=PLYl6gSDz5nzs5L66XItAAyaezDvtVNpSE&#038;index=11&#038;t=0s\u00bb image_src=\u00bbhttp:\/\/wp2.eurofue.articagency.eu\/wp-content\/uploads\/2020\/06\/Captura-de-pantalla-2020-06-01-a-las-12.15.38.png\u00bb _builder_version=\u00bb4.5.7&#8243; custom_margin=\u00bb5px|||||\u00bb][\/et_pb_video][\/et_pb_column][et_pb_column type=\u00bb1_3&#8243; _builder_version=\u00bb4.9.4&#8243; _module_preset=\u00bbdefault\u00bb][et_pb_text _builder_version=\u00bb4.5.7&#8243; header_font=\u00bbMontserrat||||||||\u00bb header_text_color=\u00bb#003262&#8243; custom_margin=\u00bb13px||21px|||\u00bb]<\/p>\n<h3 style=\"text-align: center;\">EUROPA POR LOS CIUDADANOS<\/h3>\n<p>[\/et_pb_text][et_pb_divider _builder_version=\u00bb4.4.7&#8243;][\/et_pb_divider][et_pb_video src=\u00bbhttps:\/\/www.youtube.com\/watch?v=mbkQGooG9fQ&#038;list=PLYl6gSDz5nzs5L66XItAAyaezDvtVNpSE&#038;index=10&#038;t=0s\u00bb image_src=\u00bbhttp:\/\/wp2.eurofue.articagency.eu\/wp-content\/uploads\/2020\/06\/Captura-de-pantalla-2020-06-01-a-las-12.15.38.png\u00bb _builder_version=\u00bb4.5.7&#8243; custom_margin=\u00bb5px|||||\u00bb][\/et_pb_video][\/et_pb_column][et_pb_column type=\u00bb1_3&#8243; _builder_version=\u00bb4.4.7&#8243;][et_pb_text _builder_version=\u00bb4.4.7&#8243; header_font=\u00bbMontserrat||||||||\u00bb header_text_color=\u00bb#003262&#8243; custom_margin=\u00bb14px||19px|||\u00bb]<\/p>\n<h3 style=\"text-align: center;\">Medidas COVID-19<\/h3>\n<p>[\/et_pb_text][et_pb_divider _builder_version=\u00bb4.4.7&#8243; custom_margin=\u00bb-1px|||||\u00bb][\/et_pb_divider][et_pb_video src=\u00bbhttp:\/\/wp2.eurofue.articagency.eu\/wp-content\/uploads\/2020\/06\/9.-Medidas-COVID19-Mariam-Camarero-1.mp4&#8243; image_src=\u00bbhttp:\/\/wp2.eurofue.articagency.eu\/wp-content\/uploads\/2020\/06\/Captura-de-pantalla-2020-06-01-a-las-12.15.38.png\u00bb _builder_version=\u00bb4.4.7&#8243;][\/et_pb_video][\/et_pb_column][\/et_pb_row][et_pb_row column_structure=\u00bb1_3,1_3,1_3&#8243; _builder_version=\u00bb4.4.7&#8243;][et_pb_column type=\u00bb1_3&#8243; _builder_version=\u00bb4.4.7&#8243;][et_pb_text _builder_version=\u00bb4.4.7&#8243; header_font=\u00bbMontserrat||||||||\u00bb header_text_color=\u00bb#003262&#8243;]<\/p>\n<h3 style=\"text-align: center;\">Uni\u00f3n Europea<\/h3>\n<p>[\/et_pb_text][et_pb_divider _builder_version=\u00bb4.4.7&#8243;][\/et_pb_divider][et_pb_video src=\u00bbhttp:\/\/wp2.eurofue.articagency.eu\/wp-content\/uploads\/2020\/06\/8.-Unio\u0301n-Europea-Dari\u0301a-Tarraez-1.mp4&#8243; image_src=\u00bbhttp:\/\/wp2.eurofue.articagency.eu\/wp-content\/uploads\/2020\/06\/Captura-de-pantalla-2020-06-01-a-las-12.15.38.png\u00bb _builder_version=\u00bb4.4.7&#8243;][\/et_pb_video][\/et_pb_column][et_pb_column type=\u00bb1_3&#8243; _builder_version=\u00bb4.4.7&#8243;][et_pb_text _builder_version=\u00bb4.4.7&#8243; header_font=\u00bbMontserrat||||||||\u00bb header_text_color=\u00bb#003262&#8243;]<\/p>\n<h3 style=\"text-align: center;\">Acciones COST<\/h3>\n<p>[\/et_pb_text][et_pb_divider _builder_version=\u00bb4.4.7&#8243;][\/et_pb_divider][et_pb_video src=\u00bbhttp:\/\/wp2.eurofue.articagency.eu\/wp-content\/uploads\/2020\/06\/7.-COST-M\u00aa-Jesu\u0301s-Mun\u0303oz-1.mp4&#8243; image_src=\u00bbhttp:\/\/wp2.eurofue.articagency.eu\/wp-content\/uploads\/2020\/06\/Captura-de-pantalla-2020-06-01-a-las-12.15.38.png\u00bb _builder_version=\u00bb4.4.7&#8243;][\/et_pb_video][\/et_pb_column][et_pb_column type=\u00bb1_3&#8243; _builder_version=\u00bb4.4.7&#8243;][et_pb_text _builder_version=\u00bb4.4.7&#8243; header_font=\u00bbMontserrat||||||||\u00bb header_text_color=\u00bb#003262&#8243; custom_margin=\u00bb||-7px|||\u00bb custom_padding=\u00bb||18px|||\u00bb]<\/p>\n<h3 style=\"text-align: center;\">Comunicaci\u00f3n vs Diseminaci\u00f3n<\/h3>\n<p>[\/et_pb_text][et_pb_divider _builder_version=\u00bb4.4.7&#8243;][\/et_pb_divider][et_pb_video src=\u00bbhttp:\/\/wp2.eurofue.articagency.eu\/wp-content\/uploads\/2020\/06\/6.-Com-vs-Dis-Anna-Tolosa.mp4&#8243; image_src=\u00bbhttp:\/\/wp2.eurofue.articagency.eu\/wp-content\/uploads\/2020\/06\/Captura-de-pantalla-2020-06-01-a-las-12.15.38.png\u00bb _builder_version=\u00bb4.4.7&#8243;][\/et_pb_video][\/et_pb_column][\/et_pb_row][et_pb_row column_structure=\u00bb1_3,1_3,1_3&#8243; _builder_version=\u00bb4.4.7&#8243;][et_pb_column type=\u00bb1_3&#8243; _builder_version=\u00bb4.4.7&#8243;][et_pb_text _builder_version=\u00bb4.4.7&#8243; header_font=\u00bbMontserrat||||||||\u00bb header_text_color=\u00bb#003262&#8243;]<\/p>\n<h3 style=\"text-align: center;\">ENI CBC MED<\/h3>\n<p>[\/et_pb_text][et_pb_divider _builder_version=\u00bb4.4.7&#8243;][\/et_pb_divider][et_pb_video src=\u00bbhttp:\/\/wp2.eurofue.articagency.eu\/wp-content\/uploads\/2020\/06\/5.-ENI-CBC-MED-Vincent.mp4&#8243; image_src=\u00bbhttp:\/\/wp2.eurofue.articagency.eu\/wp-content\/uploads\/2020\/06\/Captura-de-pantalla-2020-06-01-a-las-12.15.38.png\u00bb _builder_version=\u00bb4.4.7&#8243;][\/et_pb_video][\/et_pb_column][et_pb_column type=\u00bb1_3&#8243; _builder_version=\u00bb4.4.7&#8243;][et_pb_text _builder_version=\u00bb4.4.7&#8243; header_font=\u00bbMontserrat||||||||\u00bb header_text_color=\u00bb#003262&#8243;]<\/p>\n<h3 style=\"text-align: center;\">IVACE<\/h3>\n<p>[\/et_pb_text][et_pb_divider _builder_version=\u00bb4.4.7&#8243;][\/et_pb_divider][et_pb_video src=\u00bbhttp:\/\/wp2.eurofue.articagency.eu\/wp-content\/uploads\/2020\/06\/4.-IVACE.mp4&#8243; image_src=\u00bbhttp:\/\/wp2.eurofue.articagency.eu\/wp-content\/uploads\/2020\/06\/Captura-de-pantalla-2020-06-01-a-las-12.15.38.png\u00bb _builder_version=\u00bb4.4.7&#8243;][\/et_pb_video][\/et_pb_column][et_pb_column type=\u00bb1_3&#8243; _builder_version=\u00bb4.4.7&#8243;][et_pb_text _builder_version=\u00bb4.4.7&#8243; header_font=\u00bbMontserrat||||||||\u00bb header_text_color=\u00bb#003262&#8243;]<\/p>\n<h3 style=\"text-align: center;\">Declaraci\u00f3n Schuman<\/h3>\n<p>[\/et_pb_text][et_pb_divider _builder_version=\u00bb4.4.7&#8243;][\/et_pb_divider][et_pb_video src=\u00bbhttp:\/\/wp2.eurofue.articagency.eu\/wp-content\/uploads\/2020\/06\/3.-Dia-de-Europa-Andreu-Iranzo.mp4&#8243; image_src=\u00bbhttp:\/\/wp2.eurofue.articagency.eu\/wp-content\/uploads\/2020\/06\/Captura-de-pantalla-2020-06-01-a-las-12.15.38.png\u00bb _builder_version=\u00bb4.4.7&#8243;][\/et_pb_video][\/et_pb_column][\/et_pb_row][et_pb_row column_structure=\u00bb1_3,1_3,1_3&#8243; _builder_version=\u00bb4.4.7&#8243;][et_pb_column type=\u00bb1_3&#8243; _builder_version=\u00bb4.4.7&#8243;][et_pb_text _builder_version=\u00bb4.4.7&#8243; header_font=\u00bbMontserrat||||||||\u00bb header_text_color=\u00bb#003262&#8243;]<\/p>\n<h3 style=\"text-align: center;\">EIC Accelerator<\/h3>\n<p>[\/et_pb_text][et_pb_divider _builder_version=\u00bb4.4.7&#8243;][\/et_pb_divider][et_pb_video src=\u00bbhttp:\/\/wp2.eurofue.articagency.eu\/wp-content\/uploads\/2020\/06\/2.-EIC-Accerelator-Juan-Viesca.mp4&#8243; image_src=\u00bbhttp:\/\/wp2.eurofue.articagency.eu\/wp-content\/uploads\/2020\/06\/Captura-de-pantalla-2020-06-01-a-las-12.15.38.png\u00bb _builder_version=\u00bb4.9.2&#8243;][\/et_pb_video][\/et_pb_column][et_pb_column type=\u00bb1_3&#8243; _builder_version=\u00bb4.4.7&#8243;][et_pb_text _builder_version=\u00bb4.4.7&#8243; header_font=\u00bbMontserrat||||||||\u00bb header_text_color=\u00bb#003262&#8243;]<\/p>\n<h3 style=\"text-align: center;\">Fast Track to Innovation<\/h3>\n<p>[\/et_pb_text][et_pb_divider _builder_version=\u00bb4.4.7&#8243;][\/et_pb_divider][et_pb_video src=\u00bbhttp:\/\/wp2.eurofue.articagency.eu\/wp-content\/uploads\/2020\/06\/1.-FTI-Nela-Go\u0301mez.mov\u00bb image_src=\u00bbhttp:\/\/wp2.eurofue.articagency.eu\/wp-content\/uploads\/2020\/06\/Captura-de-pantalla-2020-06-01-a-las-12.15.38.png\u00bb thumbnail_overlay_color=\u00bbrgba(0,0,0,0.6)\u00bb _builder_version=\u00bb4.4.7&#8243;][\/et_pb_video][\/et_pb_column][et_pb_column type=\u00bb1_3&#8243; _builder_version=\u00bb4.4.7&#8243;][\/et_pb_column][\/et_pb_row][\/et_pb_section]<\/p>\n","protected":false},"excerpt":{"rendered":"<p>[et_pb_section fb_built=\u00bb1&#8243; _builder_version=\u00bb4.4.7&#8243;][et_pb_row _builder_version=\u00bb4.4.7&#8243;][et_pb_column type=\u00bb4_4&#8243; _builder_version=\u00bb4.4.7&#8243;][et_pb_text admin_label=\u00bbTitle\u00bb _builder_version=\u00bb4.4.7&#8243; text_font=\u00bbMontserrat||||||||\u00bb text_text_color=\u00bb#747d88&#8243; text_font_size=\u00bb16px\u00bb text_line_height=\u00bb1.9em\u00bb header_font=\u00bb||||||||\u00bb header_2_font=\u00bbMontserrat|700||on|||||\u00bb header_2_font_size=\u00bb42px\u00bb header_2_line_height=\u00bb1.3em\u00bb background_size=\u00bbinitial\u00bb background_position=\u00bbtop_left\u00bb background_repeat=\u00bbrepeat\u00bb text_orientation=\u00bbcenter\u00bb max_width=\u00bb700px\u00bb module_alignment=\u00bbcenter\u00bb animation_style=\u00bbslide\u00bb animation_direction=\u00bbbottom\u00bb animation_intensity_slide=\u00bb4%\u00bb saved_tabs=\u00bball\u00bb] [\/et_pb_text][\/et_pb_column][\/et_pb_row][et_pb_row column_structure=\u00bb1_5,3_5,1_5&#8243; _builder_version=\u00bb4.4.7&#8243;][et_pb_column type=\u00bb1_5&#8243; _builder_version=\u00bb4.4.7&#8243;][\/et_pb_column][et_pb_column type=\u00bb3_5&#8243; _builder_version=\u00bb4.4.7&#8243;][et_pb_text _builder_version=\u00bb4.4.7&#8243; text_font_size=\u00bb16px\u00bb] Las #Euflashlesson de la EuroFUE-UJI son videos cortos con informaci\u00f3n \u00fatil, pr\u00e1ctica y de primera mano, acerca de convocatorias, programas, [&hellip;]<\/p>\n","protected":false},"author":2,"featured_media":0,"parent":0,"menu_order":0,"comment_status":"closed","ping_status":"closed","template":"","meta":{"_monsterinsights_skip_tracking":false,"_monsterinsights_sitenote_active":false,"_monsterinsights_sitenote_note":"","_monsterinsights_sitenote_category":0,"footnotes":""},"class_list":["post-692","page","type-page","status-publish","hentry"],"_links":{"self":[{"href":"https:\/\/eurofue.com\/en\/wp-json\/wp\/v2\/pages\/692","targetHints":{"allow":["GET"]}}],"collection":[{"href":"https:\/\/eurofue.com\/en\/wp-json\/wp\/v2\/pages"}],"about":[{"href":"https:\/\/eurofue.com\/en\/wp-json\/wp\/v2\/types\/page"}],"author":[{"embeddable":true,"href":"https:\/\/eurofue.com\/en\/wp-json\/wp\/v2\/users\/2"}],"replies":[{"embeddable":true,"href":"https:\/\/eurofue.com\/en\/wp-json\/wp\/v2\/comments?post=692"}],"version-history":[{"count":0,"href":"https:\/\/eurofue.com\/en\/wp-json\/wp\/v2\/pages\/692\/revisions"}],"wp:attachment":[{"href":"https:\/\/eurofue.com\/en\/wp-json\/wp\/v2\/media?parent=692"}],"curies":[{"name":"wp","href":"https:\/\/api.w.org\/{rel}","templated":true}]}}